{"id":3298,"date":"2026-01-27T14:08:29","date_gmt":"2026-01-27T14:08:29","guid":{"rendered":"https:\/\/locumcracovia.pl\/eng\/?page_id=3298"},"modified":"2026-01-27T14:08:29","modified_gmt":"2026-01-27T14:08:29","slug":"accomodation-in-krakow","status":"publish","type":"page","link":"https:\/\/locumcracovia.pl\/eng\/accomodation-in-krakow\/","title":{"rendered":"Accomodation in Krakow"},"content":{"rendered":"<div class=\"wpb-content-wrapper\">[vc_row content_placement=&#8221;middle&#8221; curly_padding=&#8221;content-padding-xs&#8221; css=&#8221;.vc_custom_1474899899434{border-bottom-width: 1px !important;padding-top: 6rem !important;border-bottom-color: #f4f4f4 !important;border-bottom-style: solid !important;}&#8221;][vc_column offset=&#8221;vc_col-sm-offset-1&#8243;][vc_column_text]\n<h2 style=\"text-align: center;\">Accomodation in Krakow<\/h2>\n[\/vc_column_text][vc_column_text]\n<h2><span style=\"color: #c9ac8c;\">Additional option of accomodation<\/span><\/h2>\n<p>Thinking about coming to Krakow and looking for an accommodation option near the venue?<\/p>\n<p>We\u2019re planning to organize additional option of accommodation in 4-person rooms located in a school dormitory in the city center. Shared sanitary facilities (bathrooms &amp; toilets on each floor).<\/p>\n<p>If you\u2019re interested, send us a DM or email us at <a href=\"mailto:5678@locumcracovia.pl\">5678@locumcracovia.pl<\/a><br \/>\nAccommodation will be organized only if a sufficient number of people sign up,\u00a0 so please let us know as soon as possible.<\/p>\n<p>Stay with us in Krakow.[\/vc_column_text][\/vc_column][\/vc_row][vc_row full_width=&#8221;stretch_row&#8221; gap=&#8221;30&#8243; content_placement=&#8221;middle&#8221; curly_bg_repeat=&#8221;bg-no-repeat&#8221; curly_bg_position=&#8221;bg-pos-center-top&#8221; css=&#8221;.vc_custom_1711712520169{border-bottom-width: 1px !important;background-color: #ffffff !important;background-position: center !important;background-repeat: no-repeat !important;background-size: cover !important;border-bottom-color: #f4f4f4 !important;border-bottom-style: solid !important;}&#8221;][vc_column width=&#8221;1\/2&#8243;][vc_single_image image=&#8221;3299&#8243; img_size=&#8221;large&#8221; alignment=&#8221;center&#8221; el_class=&#8221;img-frame-large&#8221;][\/vc_column][vc_column width=&#8221;1\/2&#8243;][vc_single_image image=&#8221;3300&#8243; img_size=&#8221;large&#8221; alignment=&#8221;center&#8221; el_class=&#8221;img-frame-large&#8221;][\/vc_column][\/vc_row][vc_row][vc_column][vc_column_text]\n<h3 class=\"tw-data-text tw-text-large tw-ta\" dir=\"ltr\" style=\"text-align: center;\" data-placeholder=\"T\u0142umaczenie\" aria-label=\"Przet\u0142umaczony tekst\" data-ved=\"2ahUKEwjE4pnS4_2GAxUmRfEDHQe5ASwQ3ewLegQIExAU\"><span style=\"color: #c9ac8c;\"><strong>1-class tickets from 179 PLN<\/strong><\/span><\/h3>\n<h3 style=\"text-align: center;\"><a class=\"btn btn-sm btn-primary\" href=\"https:\/\/kicket.com\/embedded\/rezerwacja\/334893?salesChannelId=665aa50d-370f-4bae-a97d-0560fe007850&amp;language=en\">BOOK YOUR SPOT<\/a><\/h3>\n[\/vc_column_text][\/vc_column][\/vc_row]\n<\/div>","protected":false},"excerpt":{"rendered":"<p>[vc_row content_placement=&#8221;middle&#8221; curly_padding=&#8221;content-padding-xs&#8221; css=&#8221;.vc_custom_1474899899434{border-bottom-width: 1px !important;padding-top: 6rem !important;border-bottom-color: #f4f4f4 !important;border-bottom-style: solid !important;}&#8221;][vc_column offset=&#8221;vc_col-sm-offset-1&#8243;][vc_column_text] Accomodation in Krakow [\/vc_column_text][vc_column_text] Additional option of accomodation Thinking about coming to Krakow and looking for an accommodation option near the venue? We\u2019re planning to organize additional option of accommodation in 4-person rooms located in a school dormitory in the city center. Shared sanitary facilities (bathrooms &amp; [&hellip;]<\/p>\n","protected":false},"author":1,"featured_media":2966,"parent":0,"menu_order":0,"comment_status":"closed","ping_status":"closed","template":"","meta":{"footnotes":""},"yoast_head":"<!-- This site is optimized with the Yoast SEO plugin v23.0 - https:\/\/yoast.com\/wordpress\/plugins\/seo\/ -->\n<title>Accomodation in Krakow - Locum Cracovia Eng<\/title>\n<meta name=\"description\" content=\"Accomodation in Krakow: Thinking about coming to Krakow and looking for an accommodation option near the venue?\" \/>\n<meta name=\"robots\" content=\"index, follow, max-snippet:-1, max-image-preview:large, max-video-preview:-1\" \/>\n<link rel=\"canonical\" href=\"https:\/\/locumcracovia.pl\/eng\/accomodation-in-krakow\/\" \/>\n<meta property=\"og:locale\" content=\"pl_PL\" \/>\n<meta property=\"og:type\" content=\"article\" \/>\n<meta property=\"og:title\" content=\"Accomodation in Krakow - Locum Cracovia Eng\" \/>\n<meta property=\"og:description\" content=\"Accomodation in Krakow: Thinking about coming to Krakow and looking for an accommodation option near the venue?\" \/>\n<meta property=\"og:url\" content=\"https:\/\/locumcracovia.pl\/eng\/accomodation-in-krakow\/\" \/>\n<meta property=\"og:site_name\" content=\"Locum Cracovia Eng\" \/>\n<meta property=\"article:publisher\" content=\"https:\/\/www.facebook.com\/LOCUMCRACOVIA\" \/>\n<meta property=\"og:image\" content=\"https:\/\/locumcracovia.pl\/eng\/wp-content\/uploads\/sites\/4\/2025\/02\/Yoast-SEO-1.png\" \/>\n\t<meta property=\"og:image:width\" content=\"1200\" \/>\n\t<meta property=\"og:image:height\" content=\"675\" \/>\n\t<meta property=\"og:image:type\" content=\"image\/png\" \/>\n<meta name=\"twitter:card\" content=\"summary_large_image\" \/>\n<meta name=\"twitter:label1\" content=\"Szacowany czas czytania\" \/>\n\t<meta name=\"twitter:data1\" content=\"2 minuty\" \/>\n<script type=\"application\/ld+json\" class=\"yoast-schema-graph\">{\"@context\":\"https:\/\/schema.org\",\"@graph\":[{\"@type\":\"WebPage\",\"@id\":\"https:\/\/locumcracovia.pl\/eng\/accomodation-in-krakow\/\",\"url\":\"https:\/\/locumcracovia.pl\/eng\/accomodation-in-krakow\/\",\"name\":\"Accomodation in Krakow - Locum Cracovia Eng\",\"isPartOf\":{\"@id\":\"https:\/\/locumcracovia.pl\/eng\/#website\"},\"primaryImageOfPage\":{\"@id\":\"https:\/\/locumcracovia.pl\/eng\/accomodation-in-krakow\/#primaryimage\"},\"image\":{\"@id\":\"https:\/\/locumcracovia.pl\/eng\/accomodation-in-krakow\/#primaryimage\"},\"thumbnailUrl\":\"https:\/\/locumcracovia.pl\/eng\/wp-content\/uploads\/sites\/4\/2025\/02\/Yoast-SEO-1.png\",\"datePublished\":\"2026-01-27T14:08:29+00:00\",\"dateModified\":\"2026-01-27T14:08:29+00:00\",\"description\":\"Accomodation in Krakow: Thinking about coming to Krakow and looking for an accommodation option near the venue?\",\"breadcrumb\":{\"@id\":\"https:\/\/locumcracovia.pl\/eng\/accomodation-in-krakow\/#breadcrumb\"},\"inLanguage\":\"pl-PL\",\"potentialAction\":[{\"@type\":\"ReadAction\",\"target\":[\"https:\/\/locumcracovia.pl\/eng\/accomodation-in-krakow\/\"]}]},{\"@type\":\"ImageObject\",\"inLanguage\":\"pl-PL\",\"@id\":\"https:\/\/locumcracovia.pl\/eng\/accomodation-in-krakow\/#primaryimage\",\"url\":\"https:\/\/locumcracovia.pl\/eng\/wp-content\/uploads\/sites\/4\/2025\/02\/Yoast-SEO-1.png\",\"contentUrl\":\"https:\/\/locumcracovia.pl\/eng\/wp-content\/uploads\/sites\/4\/2025\/02\/Yoast-SEO-1.png\",\"width\":1200,\"height\":675,\"caption\":\"LOCUM CRACOVIA\"},{\"@type\":\"BreadcrumbList\",\"@id\":\"https:\/\/locumcracovia.pl\/eng\/accomodation-in-krakow\/#breadcrumb\",\"itemListElement\":[{\"@type\":\"ListItem\",\"position\":1,\"name\":\"Strona g\u0142\u00f3wna\",\"item\":\"https:\/\/locumcracovia.pl\/eng\/\"},{\"@type\":\"ListItem\",\"position\":2,\"name\":\"Accomodation in Krakow\"}]},{\"@type\":\"WebSite\",\"@id\":\"https:\/\/locumcracovia.pl\/eng\/#website\",\"url\":\"https:\/\/locumcracovia.pl\/eng\/\",\"name\":\"LOCUM CRACOVIA\",\"description\":\"Warsztaty ta\u0144ca wsp\u00f3\u0142czesnego, nowoczesnego, ruchu i improwizacji\",\"publisher\":{\"@id\":\"https:\/\/locumcracovia.pl\/eng\/#organization\"},\"potentialAction\":[{\"@type\":\"SearchAction\",\"target\":{\"@type\":\"EntryPoint\",\"urlTemplate\":\"https:\/\/locumcracovia.pl\/eng\/?s={search_term_string}\"},\"query-input\":\"required name=search_term_string\"}],\"inLanguage\":\"pl-PL\"},{\"@type\":\"Organization\",\"@id\":\"https:\/\/locumcracovia.pl\/eng\/#organization\",\"name\":\"LOCUM CRACOVIA\",\"url\":\"https:\/\/locumcracovia.pl\/eng\/\",\"logo\":{\"@type\":\"ImageObject\",\"inLanguage\":\"pl-PL\",\"@id\":\"https:\/\/locumcracovia.pl\/eng\/#\/schema\/logo\/image\/\",\"url\":\"https:\/\/locumcracovia.pl\/wp-content\/uploads\/2024\/03\/Logo-1200-x-600-2-e1710600483590.png\",\"contentUrl\":\"https:\/\/locumcracovia.pl\/wp-content\/uploads\/2024\/03\/Logo-1200-x-600-2-e1710600483590.png\",\"width\":300,\"height\":150,\"caption\":\"LOCUM CRACOVIA\"},\"image\":{\"@id\":\"https:\/\/locumcracovia.pl\/eng\/#\/schema\/logo\/image\/\"},\"sameAs\":[\"https:\/\/www.facebook.com\/LOCUMCRACOVIA\",\"https:\/\/www.instagram.com\/locumcracovia\/\"]}]}<\/script>\n<!-- \/ Yoast SEO plugin. -->","yoast_head_json":{"title":"Accomodation in Krakow - Locum Cracovia Eng","description":"Accomodation in Krakow: Thinking about coming to Krakow and looking for an accommodation option near the venue?","robots":{"index":"index","follow":"follow","max-snippet":"max-snippet:-1","max-image-preview":"max-image-preview:large","max-video-preview":"max-video-preview:-1"},"canonical":"https:\/\/locumcracovia.pl\/eng\/accomodation-in-krakow\/","og_locale":"pl_PL","og_type":"article","og_title":"Accomodation in Krakow - Locum Cracovia Eng","og_description":"Accomodation in Krakow: Thinking about coming to Krakow and looking for an accommodation option near the venue?","og_url":"https:\/\/locumcracovia.pl\/eng\/accomodation-in-krakow\/","og_site_name":"Locum Cracovia Eng","article_publisher":"https:\/\/www.facebook.com\/LOCUMCRACOVIA","og_image":[{"width":1200,"height":675,"url":"https:\/\/locumcracovia.pl\/eng\/wp-content\/uploads\/sites\/4\/2025\/02\/Yoast-SEO-1.png","type":"image\/png"}],"twitter_card":"summary_large_image","twitter_misc":{"Szacowany czas czytania":"2 minuty"},"schema":{"@context":"https:\/\/schema.org","@graph":[{"@type":"WebPage","@id":"https:\/\/locumcracovia.pl\/eng\/accomodation-in-krakow\/","url":"https:\/\/locumcracovia.pl\/eng\/accomodation-in-krakow\/","name":"Accomodation in Krakow - Locum Cracovia Eng","isPartOf":{"@id":"https:\/\/locumcracovia.pl\/eng\/#website"},"primaryImageOfPage":{"@id":"https:\/\/locumcracovia.pl\/eng\/accomodation-in-krakow\/#primaryimage"},"image":{"@id":"https:\/\/locumcracovia.pl\/eng\/accomodation-in-krakow\/#primaryimage"},"thumbnailUrl":"https:\/\/locumcracovia.pl\/eng\/wp-content\/uploads\/sites\/4\/2025\/02\/Yoast-SEO-1.png","datePublished":"2026-01-27T14:08:29+00:00","dateModified":"2026-01-27T14:08:29+00:00","description":"Accomodation in Krakow: Thinking about coming to Krakow and looking for an accommodation option near the venue?","breadcrumb":{"@id":"https:\/\/locumcracovia.pl\/eng\/accomodation-in-krakow\/#breadcrumb"},"inLanguage":"pl-PL","potentialAction":[{"@type":"ReadAction","target":["https:\/\/locumcracovia.pl\/eng\/accomodation-in-krakow\/"]}]},{"@type":"ImageObject","inLanguage":"pl-PL","@id":"https:\/\/locumcracovia.pl\/eng\/accomodation-in-krakow\/#primaryimage","url":"https:\/\/locumcracovia.pl\/eng\/wp-content\/uploads\/sites\/4\/2025\/02\/Yoast-SEO-1.png","contentUrl":"https:\/\/locumcracovia.pl\/eng\/wp-content\/uploads\/sites\/4\/2025\/02\/Yoast-SEO-1.png","width":1200,"height":675,"caption":"LOCUM CRACOVIA"},{"@type":"BreadcrumbList","@id":"https:\/\/locumcracovia.pl\/eng\/accomodation-in-krakow\/#breadcrumb","itemListElement":[{"@type":"ListItem","position":1,"name":"Strona g\u0142\u00f3wna","item":"https:\/\/locumcracovia.pl\/eng\/"},{"@type":"ListItem","position":2,"name":"Accomodation in Krakow"}]},{"@type":"WebSite","@id":"https:\/\/locumcracovia.pl\/eng\/#website","url":"https:\/\/locumcracovia.pl\/eng\/","name":"LOCUM CRACOVIA","description":"Warsztaty ta\u0144ca wsp\u00f3\u0142czesnego, nowoczesnego, ruchu i improwizacji","publisher":{"@id":"https:\/\/locumcracovia.pl\/eng\/#organization"},"potentialAction":[{"@type":"SearchAction","target":{"@type":"EntryPoint","urlTemplate":"https:\/\/locumcracovia.pl\/eng\/?s={search_term_string}"},"query-input":"required name=search_term_string"}],"inLanguage":"pl-PL"},{"@type":"Organization","@id":"https:\/\/locumcracovia.pl\/eng\/#organization","name":"LOCUM CRACOVIA","url":"https:\/\/locumcracovia.pl\/eng\/","logo":{"@type":"ImageObject","inLanguage":"pl-PL","@id":"https:\/\/locumcracovia.pl\/eng\/#\/schema\/logo\/image\/","url":"https:\/\/locumcracovia.pl\/wp-content\/uploads\/2024\/03\/Logo-1200-x-600-2-e1710600483590.png","contentUrl":"https:\/\/locumcracovia.pl\/wp-content\/uploads\/2024\/03\/Logo-1200-x-600-2-e1710600483590.png","width":300,"height":150,"caption":"LOCUM CRACOVIA"},"image":{"@id":"https:\/\/locumcracovia.pl\/eng\/#\/schema\/logo\/image\/"},"sameAs":["https:\/\/www.facebook.com\/LOCUMCRACOVIA","https:\/\/www.instagram.com\/locumcracovia\/"]}]}},"_links":{"self":[{"href":"https:\/\/locumcracovia.pl\/eng\/wp-json\/wp\/v2\/pages\/3298"}],"collection":[{"href":"https:\/\/locumcracovia.pl\/eng\/wp-json\/wp\/v2\/pages"}],"about":[{"href":"https:\/\/locumcracovia.pl\/eng\/wp-json\/wp\/v2\/types\/page"}],"author":[{"embeddable":true,"href":"https:\/\/locumcracovia.pl\/eng\/wp-json\/wp\/v2\/users\/1"}],"replies":[{"embeddable":true,"href":"https:\/\/locumcracovia.pl\/eng\/wp-json\/wp\/v2\/comments?post=3298"}],"version-history":[{"count":1,"href":"https:\/\/locumcracovia.pl\/eng\/wp-json\/wp\/v2\/pages\/3298\/revisions"}],"predecessor-version":[{"id":3301,"href":"https:\/\/locumcracovia.pl\/eng\/wp-json\/wp\/v2\/pages\/3298\/revisions\/3301"}],"wp:featuredmedia":[{"embeddable":true,"href":"https:\/\/locumcracovia.pl\/eng\/wp-json\/wp\/v2\/media\/2966"}],"wp:attachment":[{"href":"https:\/\/locumcracovia.pl\/eng\/wp-json\/wp\/v2\/media?parent=3298"}],"curies":[{"name":"wp","href":"https:\/\/api.w.org\/{rel}","templated":true}]}}