{"id":3053,"date":"2025-05-30T11:01:16","date_gmt":"2025-05-30T11:01:16","guid":{"rendered":"https:\/\/locumcracovia.pl\/eng\/?page_id=3053"},"modified":"2025-12-09T13:28:51","modified_gmt":"2025-12-09T13:28:51","slug":"karol-miekina","status":"publish","type":"page","link":"https:\/\/locumcracovia.pl\/eng\/teachers\/karol-miekina\/","title":{"rendered":"Karol Mi\u0119kina"},"content":{"rendered":"<div class=\"wpb-content-wrapper\">[vc_row content_placement=&#8221;middle&#8221; curly_bg_repeat=&#8221;bg-repeat-x&#8221; curly_bg_position=&#8221;bg-pos-center-bottom&#8221; curly_padding=&#8221;content-padding-lg&#8221; css=&#8221;.vc_custom_1474744696716{background-color: #f7f6f6 !important;}&#8221;][vc_column width=&#8221;5\/12&#8243; offset=&#8221;vc_col-sm-offset-1&#8243;][vc_single_image image=&#8221;3119&#8243; img_size=&#8221;full&#8221; el_class=&#8221;img-frame-large&#8221;][vc_empty_space height=&#8221;16px&#8221;][\/vc_column][vc_column width=&#8221;1\/3&#8243; offset=&#8221;vc_col-sm-offset-1&#8243; el_class=&#8221;color-grey&#8221;][vc_column_text]\n<h2 class=\"special-title\"><strong>Karol Mi\u0119kina <\/strong><small>CONTEMPORARY | CREATIVE PROCESS<\/small><\/h2>\n<p>He studied at The National Academy of Theatre Arts in Krakow, at the Dance Theatre Department in Bytom. He was a former dancer of <a href=\"https:\/\/ptt-poznan.pl\/en\" target=\"_blank\" rel=\"noopener\">Polish Dance Theatre in Poznan<\/a> and Baltic Dance Theatre \u2013 Baltic Opera in Gdansk. Currently he cooperates with Teatr Nowy Proxima in Krakow. Artistic director and choreographer of <a href=\"https:\/\/crdn.pl\/home\/\">Carrodunum Dance Company<\/a>. He appeared in the film \u201c<a href=\"https:\/\/www.imdb.com\/title\/tt10651230\/\" target=\"_blank\" rel=\"noopener\">Ch\u0142opi<\/a>\u201d directed by Dorota Kobiela and in the movie \u201cWhite courage\u201d directed by Marcin Kosza\u0142ka. He has performed in many dance and theater festivals in Poland and countries like Germany, Russia, Brazil, Norway, Serbia, Czech Republic and Belarus. He is a teacher of contemporary dance in High School No. 30 in Krakow in a dance and theater classes and a lecturer in The Krakow Academy, at the Acting Department.<\/p>\n<p><span style=\"font-weight: 400;\">He played and danced in performances created by artists such as: Ohad Naharin, Jo Str\u00f8mgren, Caroline Finn, Joseph Alter, Jacek \u0141umi\u0144ski, Ewa Wycichowska, Jan Peszek, Adolf Weltschek, Izadora Weiss, Cezary Tomaszewski, Janusz Skubaczkowski, Eryk Makohon, Maciej Ku\u017ami\u0144ski, Antony McDonald, Ole Martin Meland, Barbara Bujakowska, Kaya Ko\u0142odziejczyk, Joanna Le\u015bnierowska, Agata Mol\u0105g, Wojciech Terechowicz, Aleksander Kopa\u0144ski, Wojciech Ko\u015bcielniak, Paulina Wycichowska, Piotr Skalski and W\u0142odzimierz Nurkowski<\/span><\/p>\n<p>As an actor and dancer, he cooperated with Julius Slowacki Theatre in Krakow, Grand Theatre National Opera in Warsaw, Groteska Theatre, Bagatela Theatre, Krakow Opera, Krakow Dance Theatre, Krakow Choreographic Centre, Hothaus Theatre in Krakow and Caro Dance Theatre in Siedlce.<\/p>\n<p>In 2014, Polish Minister of Culture and National Heritage awarded Karol with \u201eYoung Poland\u201d scholarship prize and in 2022, he received Krakow city\u2019s creative scholarship prize. In 2024, he was awarded a Creative Scholarship from the Minister of Culture and National Heritage.[\/vc_column_text][vc_row_inner equal_height=&#8221;yes&#8221;][vc_column_inner width=&#8221;1\/3&#8243;][vc_icon icon_fontawesome=&#8221;fab fa-instagram&#8221; color=&#8221;custom&#8221; size=&#8221;lg&#8221; align=&#8221;center&#8221; custom_color=&#8221;#c9ac8c&#8221; link=&#8221;url:https%3A%2F%2Fwww.instagram.com%2Fkarolmiekina%2Freels%2F|title:Instagram|target:_blank&#8221;][\/vc_column_inner][vc_column_inner width=&#8221;1\/3&#8243;][vc_icon icon_fontawesome=&#8221;fab fa-facebook-square&#8221; color=&#8221;custom&#8221; size=&#8221;lg&#8221; align=&#8221;center&#8221; custom_color=&#8221;#c9ac8c&#8221; link=&#8221;url:https%3A%2F%2Fwww.facebook.com%2Fkarolmiekina|title:Facebook|target:_blank&#8221;][\/vc_column_inner][\/vc_row_inner][\/vc_column][\/vc_row][vc_row equal_height=&#8221;yes&#8221;][vc_column width=&#8221;1\/3&#8243;][vc_single_image image=&#8221;3054&#8243; img_size=&#8221;medium&#8221; alignment=&#8221;center&#8221; curly_hover=&#8221;3054&#8243;][\/vc_column][vc_column width=&#8221;1\/3&#8243;][vc_single_image image=&#8221;3055&#8243; img_size=&#8221;medium&#8221; alignment=&#8221;center&#8221; curly_hover=&#8221;3054&#8243;][\/vc_column][vc_column width=&#8221;1\/3&#8243;][vc_single_image image=&#8221;3056&#8243; img_size=&#8221;medium&#8221; alignment=&#8221;center&#8221; curly_hover=&#8221;3054&#8243;][\/vc_column][\/vc_row]\n<\/div>","protected":false},"excerpt":{"rendered":"<p>[vc_row content_placement=&#8221;middle&#8221; curly_bg_repeat=&#8221;bg-repeat-x&#8221; curly_bg_position=&#8221;bg-pos-center-bottom&#8221; curly_padding=&#8221;content-padding-lg&#8221; css=&#8221;.vc_custom_1474744696716{background-color: #f7f6f6 !important;}&#8221;][vc_column width=&#8221;5\/12&#8243; offset=&#8221;vc_col-sm-offset-1&#8243;][vc_single_image image=&#8221;3119&#8243; img_size=&#8221;full&#8221; el_class=&#8221;img-frame-large&#8221;][vc_empty_space height=&#8221;16px&#8221;][\/vc_column][vc_column width=&#8221;1\/3&#8243; offset=&#8221;vc_col-sm-offset-1&#8243; el_class=&#8221;color-grey&#8221;][vc_column_text] Karol Mi\u0119kina CONTEMPORARY | CREATIVE PROCESS He studied at The National Academy of Theatre Arts in Krakow, at the Dance Theatre Department in Bytom. He was a former dancer of Polish Dance Theatre in Poznan and Baltic Dance Theatre \u2013 Baltic Opera in [&hellip;]<\/p>\n","protected":false},"author":1,"featured_media":0,"parent":2934,"menu_order":0,"comment_status":"closed","ping_status":"closed","template":"","meta":{"footnotes":""},"yoast_head":"<!-- This site is optimized with the Yoast SEO plugin v23.0 - https:\/\/yoast.com\/wordpress\/plugins\/seo\/ -->\n<title>Karol Mi\u0119kina - Locum Cracovia Eng<\/title>\n<meta name=\"description\" content=\"Selene Martello is an Italian choreographer, dancer, and teacher based in Germany. She graduated from ZHDK Zurich.\" \/>\n<meta name=\"robots\" content=\"index, follow, max-snippet:-1, max-image-preview:large, max-video-preview:-1\" \/>\n<link rel=\"canonical\" href=\"https:\/\/locumcracovia.pl\/eng\/teachers\/karol-miekina\/\" \/>\n<meta property=\"og:locale\" content=\"pl_PL\" \/>\n<meta property=\"og:type\" content=\"article\" \/>\n<meta property=\"og:title\" content=\"Karol Mi\u0119kina - Locum Cracovia Eng\" \/>\n<meta property=\"og:description\" content=\"Selene Martello is an Italian choreographer, dancer, and teacher based in Germany. She graduated from ZHDK Zurich.\" \/>\n<meta property=\"og:url\" content=\"https:\/\/locumcracovia.pl\/eng\/teachers\/karol-miekina\/\" \/>\n<meta property=\"og:site_name\" content=\"Locum Cracovia Eng\" \/>\n<meta property=\"article:publisher\" content=\"https:\/\/www.facebook.com\/LOCUMCRACOVIA\" \/>\n<meta property=\"article:modified_time\" content=\"2025-12-09T13:28:51+00:00\" \/>\n<meta name=\"twitter:card\" content=\"summary_large_image\" \/>\n<meta name=\"twitter:label1\" content=\"Szacowany czas czytania\" \/>\n\t<meta name=\"twitter:data1\" content=\"4 minuty\" \/>\n<script type=\"application\/ld+json\" class=\"yoast-schema-graph\">{\"@context\":\"https:\/\/schema.org\",\"@graph\":[{\"@type\":\"WebPage\",\"@id\":\"https:\/\/locumcracovia.pl\/eng\/teachers\/karol-miekina\/\",\"url\":\"https:\/\/locumcracovia.pl\/eng\/teachers\/karol-miekina\/\",\"name\":\"Karol Mi\u0119kina - Locum Cracovia Eng\",\"isPartOf\":{\"@id\":\"https:\/\/locumcracovia.pl\/eng\/#website\"},\"datePublished\":\"2025-05-30T11:01:16+00:00\",\"dateModified\":\"2025-12-09T13:28:51+00:00\",\"description\":\"Selene Martello is an Italian choreographer, dancer, and teacher based in Germany. She graduated from ZHDK Zurich.\",\"breadcrumb\":{\"@id\":\"https:\/\/locumcracovia.pl\/eng\/teachers\/karol-miekina\/#breadcrumb\"},\"inLanguage\":\"pl-PL\",\"potentialAction\":[{\"@type\":\"ReadAction\",\"target\":[\"https:\/\/locumcracovia.pl\/eng\/teachers\/karol-miekina\/\"]}]},{\"@type\":\"BreadcrumbList\",\"@id\":\"https:\/\/locumcracovia.pl\/eng\/teachers\/karol-miekina\/#breadcrumb\",\"itemListElement\":[{\"@type\":\"ListItem\",\"position\":1,\"name\":\"Strona g\u0142\u00f3wna\",\"item\":\"https:\/\/locumcracovia.pl\/eng\/\"},{\"@type\":\"ListItem\",\"position\":2,\"name\":\"Teachers\",\"item\":\"https:\/\/locumcracovia.pl\/eng\/teachers\/\"},{\"@type\":\"ListItem\",\"position\":3,\"name\":\"Karol Mi\u0119kina\"}]},{\"@type\":\"WebSite\",\"@id\":\"https:\/\/locumcracovia.pl\/eng\/#website\",\"url\":\"https:\/\/locumcracovia.pl\/eng\/\",\"name\":\"LOCUM CRACOVIA\",\"description\":\"Warsztaty ta\u0144ca wsp\u00f3\u0142czesnego, nowoczesnego, ruchu i improwizacji\",\"publisher\":{\"@id\":\"https:\/\/locumcracovia.pl\/eng\/#organization\"},\"potentialAction\":[{\"@type\":\"SearchAction\",\"target\":{\"@type\":\"EntryPoint\",\"urlTemplate\":\"https:\/\/locumcracovia.pl\/eng\/?s={search_term_string}\"},\"query-input\":\"required name=search_term_string\"}],\"inLanguage\":\"pl-PL\"},{\"@type\":\"Organization\",\"@id\":\"https:\/\/locumcracovia.pl\/eng\/#organization\",\"name\":\"LOCUM CRACOVIA\",\"url\":\"https:\/\/locumcracovia.pl\/eng\/\",\"logo\":{\"@type\":\"ImageObject\",\"inLanguage\":\"pl-PL\",\"@id\":\"https:\/\/locumcracovia.pl\/eng\/#\/schema\/logo\/image\/\",\"url\":\"https:\/\/locumcracovia.pl\/wp-content\/uploads\/2024\/03\/Logo-1200-x-600-2-e1710600483590.png\",\"contentUrl\":\"https:\/\/locumcracovia.pl\/wp-content\/uploads\/2024\/03\/Logo-1200-x-600-2-e1710600483590.png\",\"width\":300,\"height\":150,\"caption\":\"LOCUM CRACOVIA\"},\"image\":{\"@id\":\"https:\/\/locumcracovia.pl\/eng\/#\/schema\/logo\/image\/\"},\"sameAs\":[\"https:\/\/www.facebook.com\/LOCUMCRACOVIA\",\"https:\/\/www.instagram.com\/locumcracovia\/\"]}]}<\/script>\n<!-- \/ Yoast SEO plugin. -->","yoast_head_json":{"title":"Karol Mi\u0119kina - Locum Cracovia Eng","description":"Selene Martello is an Italian choreographer, dancer, and teacher based in Germany. She graduated from ZHDK Zurich.","robots":{"index":"index","follow":"follow","max-snippet":"max-snippet:-1","max-image-preview":"max-image-preview:large","max-video-preview":"max-video-preview:-1"},"canonical":"https:\/\/locumcracovia.pl\/eng\/teachers\/karol-miekina\/","og_locale":"pl_PL","og_type":"article","og_title":"Karol Mi\u0119kina - Locum Cracovia Eng","og_description":"Selene Martello is an Italian choreographer, dancer, and teacher based in Germany. She graduated from ZHDK Zurich.","og_url":"https:\/\/locumcracovia.pl\/eng\/teachers\/karol-miekina\/","og_site_name":"Locum Cracovia Eng","article_publisher":"https:\/\/www.facebook.com\/LOCUMCRACOVIA","article_modified_time":"2025-12-09T13:28:51+00:00","twitter_card":"summary_large_image","twitter_misc":{"Szacowany czas czytania":"4 minuty"},"schema":{"@context":"https:\/\/schema.org","@graph":[{"@type":"WebPage","@id":"https:\/\/locumcracovia.pl\/eng\/teachers\/karol-miekina\/","url":"https:\/\/locumcracovia.pl\/eng\/teachers\/karol-miekina\/","name":"Karol Mi\u0119kina - Locum Cracovia Eng","isPartOf":{"@id":"https:\/\/locumcracovia.pl\/eng\/#website"},"datePublished":"2025-05-30T11:01:16+00:00","dateModified":"2025-12-09T13:28:51+00:00","description":"Selene Martello is an Italian choreographer, dancer, and teacher based in Germany. She graduated from ZHDK Zurich.","breadcrumb":{"@id":"https:\/\/locumcracovia.pl\/eng\/teachers\/karol-miekina\/#breadcrumb"},"inLanguage":"pl-PL","potentialAction":[{"@type":"ReadAction","target":["https:\/\/locumcracovia.pl\/eng\/teachers\/karol-miekina\/"]}]},{"@type":"BreadcrumbList","@id":"https:\/\/locumcracovia.pl\/eng\/teachers\/karol-miekina\/#breadcrumb","itemListElement":[{"@type":"ListItem","position":1,"name":"Strona g\u0142\u00f3wna","item":"https:\/\/locumcracovia.pl\/eng\/"},{"@type":"ListItem","position":2,"name":"Teachers","item":"https:\/\/locumcracovia.pl\/eng\/teachers\/"},{"@type":"ListItem","position":3,"name":"Karol Mi\u0119kina"}]},{"@type":"WebSite","@id":"https:\/\/locumcracovia.pl\/eng\/#website","url":"https:\/\/locumcracovia.pl\/eng\/","name":"LOCUM CRACOVIA","description":"Warsztaty ta\u0144ca wsp\u00f3\u0142czesnego, nowoczesnego, ruchu i improwizacji","publisher":{"@id":"https:\/\/locumcracovia.pl\/eng\/#organization"},"potentialAction":[{"@type":"SearchAction","target":{"@type":"EntryPoint","urlTemplate":"https:\/\/locumcracovia.pl\/eng\/?s={search_term_string}"},"query-input":"required name=search_term_string"}],"inLanguage":"pl-PL"},{"@type":"Organization","@id":"https:\/\/locumcracovia.pl\/eng\/#organization","name":"LOCUM CRACOVIA","url":"https:\/\/locumcracovia.pl\/eng\/","logo":{"@type":"ImageObject","inLanguage":"pl-PL","@id":"https:\/\/locumcracovia.pl\/eng\/#\/schema\/logo\/image\/","url":"https:\/\/locumcracovia.pl\/wp-content\/uploads\/2024\/03\/Logo-1200-x-600-2-e1710600483590.png","contentUrl":"https:\/\/locumcracovia.pl\/wp-content\/uploads\/2024\/03\/Logo-1200-x-600-2-e1710600483590.png","width":300,"height":150,"caption":"LOCUM CRACOVIA"},"image":{"@id":"https:\/\/locumcracovia.pl\/eng\/#\/schema\/logo\/image\/"},"sameAs":["https:\/\/www.facebook.com\/LOCUMCRACOVIA","https:\/\/www.instagram.com\/locumcracovia\/"]}]}},"_links":{"self":[{"href":"https:\/\/locumcracovia.pl\/eng\/wp-json\/wp\/v2\/pages\/3053"}],"collection":[{"href":"https:\/\/locumcracovia.pl\/eng\/wp-json\/wp\/v2\/pages"}],"about":[{"href":"https:\/\/locumcracovia.pl\/eng\/wp-json\/wp\/v2\/types\/page"}],"author":[{"embeddable":true,"href":"https:\/\/locumcracovia.pl\/eng\/wp-json\/wp\/v2\/users\/1"}],"replies":[{"embeddable":true,"href":"https:\/\/locumcracovia.pl\/eng\/wp-json\/wp\/v2\/comments?post=3053"}],"version-history":[{"count":3,"href":"https:\/\/locumcracovia.pl\/eng\/wp-json\/wp\/v2\/pages\/3053\/revisions"}],"predecessor-version":[{"id":3236,"href":"https:\/\/locumcracovia.pl\/eng\/wp-json\/wp\/v2\/pages\/3053\/revisions\/3236"}],"up":[{"embeddable":true,"href":"https:\/\/locumcracovia.pl\/eng\/wp-json\/wp\/v2\/pages\/2934"}],"wp:attachment":[{"href":"https:\/\/locumcracovia.pl\/eng\/wp-json\/wp\/v2\/media?parent=3053"}],"curies":[{"name":"wp","href":"https:\/\/api.w.org\/{rel}","templated":true}]}}