{"id":2934,"date":"2025-02-02T09:59:31","date_gmt":"2025-02-02T09:59:31","guid":{"rendered":"https:\/\/locumcracovia.pl\/eng\/?page_id=2934"},"modified":"2026-02-21T12:39:44","modified_gmt":"2026-02-21T12:39:44","slug":"teachers","status":"publish","type":"page","link":"https:\/\/locumcracovia.pl\/eng\/teachers\/","title":{"rendered":"Teachers"},"content":{"rendered":"<div class=\"wpb-content-wrapper\">[vc_row content_placement=&#8221;middle&#8221; curly_padding=&#8221;content-padding-xs&#8221; css=&#8221;.vc_custom_1474899899434{border-bottom-width: 1px !important;padding-top: 6rem !important;border-bottom-color: #f4f4f4 !important;border-bottom-style: solid !important;}&#8221;][vc_column offset=&#8221;vc_col-sm-offset-1&#8243;][vc_column_text]\n<h2 style=\"text-align: center;\">Teachers<\/h2>\n[\/vc_column_text][\/vc_column][\/vc_row][vc_row full_width=&#8221;stretch_row&#8221; gap=&#8221;30&#8243; content_placement=&#8221;middle&#8221; curly_bg_repeat=&#8221;bg-no-repeat&#8221; curly_bg_position=&#8221;bg-pos-center-top&#8221; css=&#8221;.vc_custom_1711712520169{border-bottom-width: 1px !important;background-color: #ffffff !important;background-position: center !important;background-repeat: no-repeat !important;background-size: cover !important;border-bottom-color: #f4f4f4 !important;border-bottom-style: solid !important;}&#8221;][vc_column width=&#8221;1\/4&#8243;][vc_single_image image=&#8221;3258&#8243; img_size=&#8221;large&#8221; onclick=&#8221;custom_link&#8221; el_class=&#8221;img-frame-large&#8221; link=&#8221;https:\/\/locumcracovia.pl\/eng\/teachers\/savea-kagan\/&#8221;][vc_column_text]\n<h4 style=\"text-align: center;\"><a href=\"https:\/\/locumcracovia.pl\/eng\/teachers\/savea-kagan\/\"><span style=\"color: #c9ac8c;\">Savea Kagan<\/span><\/a><\/h4>\n[\/vc_column_text][\/vc_column][vc_column width=&#8221;1\/4&#8243;][vc_single_image image=&#8221;3267&#8243; img_size=&#8221;large&#8221; onclick=&#8221;custom_link&#8221; el_class=&#8221;img-frame-large&#8221; link=&#8221;https:\/\/locumcracovia.pl\/eng\/teachers\/michal-strugarek\/&#8221;][vc_column_text]\n<h4 style=\"text-align: center;\"><a href=\"https:\/\/locumcracovia.pl\/eng\/teachers\/michal-strugarek\/\"><span style=\"color: #c9ac8c;\">Micha\u0142 Strugarek<\/span><\/a><\/h4>\n[\/vc_column_text][\/vc_column][vc_column width=&#8221;1\/4&#8243;][vc_single_image image=&#8221;3274&#8243; img_size=&#8221;large&#8221; onclick=&#8221;custom_link&#8221; el_class=&#8221;img-frame-large&#8221; link=&#8221;https:\/\/locumcracovia.pl\/eng\/teachers\/greta-rodorigo\/&#8221;][vc_column_text]\n<h4 style=\"text-align: center;\"><a href=\"https:\/\/locumcracovia.pl\/eng\/teachers\/greta-rodorigo\/\"><span style=\"color: #c9ac8c;\">Greta Rodorigo<\/span><\/a><\/h4>\n[\/vc_column_text][\/vc_column][vc_column width=&#8221;1\/4&#8243;][vc_single_image image=&#8221;3319&#8243; img_size=&#8221;large&#8221; onclick=&#8221;custom_link&#8221; el_class=&#8221;img-frame-large&#8221; link=&#8221;https:\/\/locumcracovia.pl\/eng\/teachers\/yasmin-iriel-frione\/&#8221;][vc_column_text]\n<h4 style=\"text-align: center;\"><a href=\"https:\/\/locumcracovia.pl\/eng\/teachers\/yasmin-iriel-frione\/\"><span style=\"color: #c9ac8c;\">Yasmin Iriel Frione<\/span><\/a><\/h4>\n[\/vc_column_text][\/vc_column][\/vc_row][vc_row full_width=&#8221;stretch_row&#8221; gap=&#8221;30&#8243; content_placement=&#8221;middle&#8221; curly_bg_repeat=&#8221;bg-no-repeat&#8221; curly_bg_position=&#8221;bg-pos-center-top&#8221; css=&#8221;.vc_custom_1711712520169{border-bottom-width: 1px !important;background-color: #ffffff !important;background-position: center !important;background-repeat: no-repeat !important;background-size: cover !important;border-bottom-color: #f4f4f4 !important;border-bottom-style: solid !important;}&#8221;][vc_column width=&#8221;1\/4&#8243;][vc_single_image image=&#8221;3303&#8243; img_size=&#8221;large&#8221; onclick=&#8221;custom_link&#8221; el_class=&#8221;img-frame-large&#8221; link=&#8221;https:\/\/locumcracovia.pl\/eng\/teachers\/annick-schadeck\/&#8221;][vc_column_text]\n<h4 style=\"text-align: center;\"><a href=\"https:\/\/locumcracovia.pl\/eng\/teachers\/annick-schadeck\/\"><span style=\"color: #c9ac8c;\">Annick Schadeck<\/span><\/a><\/h4>\n[\/vc_column_text][\/vc_column][vc_column width=&#8221;1\/4&#8243;][vc_single_image image=&#8221;3309&#8243; img_size=&#8221;large&#8221; onclick=&#8221;custom_link&#8221; el_class=&#8221;img-frame-large&#8221; link=&#8221;https:\/\/locumcracovia.pl\/eng\/teachers\/nicole-ishimaru\/&#8221;][vc_column_text]\n<h4 style=\"text-align: center;\"><a href=\"https:\/\/locumcracovia.pl\/eng\/teachers\/nicole-ishimaru\/\"><span style=\"color: #c9ac8c;\">Nicole Ishimaru<\/span><\/a><\/h4>\n[\/vc_column_text][\/vc_column][vc_column width=&#8221;1\/4&#8243;][vc_single_image image=&#8221;2282&#8243; img_size=&#8221;large&#8221; onclick=&#8221;custom_link&#8221; el_class=&#8221;img-frame-large&#8221; link=&#8221;https:\/\/locumcracovia.pl\/eng\/dance-workshops\/katarzyna-zakrzewska\/&#8221;][vc_column_text]\n<h4 style=\"text-align: center;\"><span style=\"color: #c9ac8c;\">TBA<\/span><\/h4>\n[\/vc_column_text][\/vc_column][vc_column width=&#8221;1\/4&#8243;][vc_single_image image=&#8221;2282&#8243; img_size=&#8221;large&#8221; onclick=&#8221;custom_link&#8221; el_class=&#8221;img-frame-large&#8221; link=&#8221;https:\/\/locumcracovia.pl\/eng\/dance-workshops\/katarzyna-zakrzewska\/&#8221;][vc_column_text]\n<h4 style=\"text-align: center;\"><span style=\"color: #c9ac8c;\">TBA<\/span><\/h4>\n[\/vc_column_text][\/vc_column][\/vc_row][vc_row][vc_column][vc_column_text]\n<h3 class=\"tw-data-text tw-text-large tw-ta\" dir=\"ltr\" style=\"text-align: center;\" data-placeholder=\"T\u0142umaczenie\" aria-label=\"Przet\u0142umaczony tekst\" data-ved=\"2ahUKEwjE4pnS4_2GAxUmRfEDHQe5ASwQ3ewLegQIExAU\"><span style=\"color: #c9ac8c;\"><strong>1-class tickets from 179 PLN<\/strong><\/span><\/h3>\n<h3 style=\"text-align: center;\"><a class=\"btn btn-sm btn-primary\" href=\"https:\/\/kicket.com\/embedded\/rezerwacja\/334893?salesChannelId=665aa50d-370f-4bae-a97d-0560fe007850&amp;language=en\">BOOK YOUR SPOT<\/a><\/h3>\n[\/vc_column_text][\/vc_column][\/vc_row][vc_row equal_height=&#8221;yes&#8221;][vc_column width=&#8221;1\/2&#8243;][vc_column_text]\n<h2><span style=\"color: #c9ac8c;\">100% refund if:<\/span><\/h2>\n<ul>\n<li style=\"font-weight: 400;\" aria-level=\"1\"><span style=\"font-weight: 400;\">you are unable to take part in the event due to unforeseen circumstances<\/span><\/li>\n<li style=\"font-weight: 400;\" aria-level=\"1\"><span style=\"font-weight: 400;\">you get injured during the workshops and are unable to continue participating in the classes<\/span><\/li>\n<li style=\"font-weight: 400;\" aria-level=\"1\"><span style=\"font-weight: 400;\">the event do not meet your expectations<\/span><\/li>\n<\/ul>\n<p><span style=\"font-weight: 400;\">The refund includes the amount you paid after deducting transaction fees related to the payment process.<\/span><\/p>\n<h2><span style=\"color: #c9ac8c;\">Variety of teachers and styles<\/span><\/h2>\n<p>LOCUM CRACOVIA offers workshops within a specific direction (Contemporary, Floorwork, Improvisation, Jazz, Modern, Modern Dance, Contemporary Dance, Movement), covering various dance styles, which allows participants to broaden their artistic horizons and experiment with different techniques and self-expression. We invite instructors from Poland and abroad as leaders.<\/p>\n<h2><span style=\"color: #c9ac8c;\">Unforgettable experience<\/span><\/h2>\n<p>LOCUM CRACOVIA gives you the opportunity to experience wonderful moments, discover new opportunities and collect memories that will stay in your memory for a long time.<\/p>\n<h2><span style=\"color: #c9ac8c;\">Creativity and experimentation<\/span><\/h2>\n<p>LOCUM CRACOVIA is not only a place to learn specific dance techniques, but also to explore your own creativity and imagination. Workshops often encourage experimenting with different forms of movement, improvisation and creating your own choreography, which allows participants to express themselves in a unique way.<\/p>\n<h2><span style=\"color: #c9ac8c;\">Going beyond the boundaries of tradition<\/span><\/h2>\n<p>LOCUM CRACOVIA is also a chance to go beyond the boundaries of traditional dance forms and seek new, fresh approaches to the art of movement. LOCUM CRACOVIA workshops may include unconventional techniques and training methods that can be both fascinating and effective in developing dance skills.<\/p>\n<h2><span style=\"color: #c9ac8c;\">Access to photo and video materials<\/span><\/h2>\n<p>During the workshops you will be accompanied by a professional photo and film crew. After the event you will receive full access to the photo reports and recordings from the workshops.[\/vc_column_text][\/vc_column][vc_column width=&#8221;1\/2&#8243;][vc_images_carousel images=&#8221;2973,2976,2975,2974&#8243; img_size=&#8221;large&#8221; onclick=&#8221;link_no&#8221; autoplay=&#8221;yes&#8221; hide_pagination_control=&#8221;yes&#8221; hide_prev_next_buttons=&#8221;yes&#8221; wrap=&#8221;yes&#8221; el_class=&#8221;img-border-rowne&#8221;][\/vc_column][\/vc_row]\n<\/div>","protected":false},"excerpt":{"rendered":"<p>[vc_row content_placement=&#8221;middle&#8221; curly_padding=&#8221;content-padding-xs&#8221; css=&#8221;.vc_custom_1474899899434{border-bottom-width: 1px !important;padding-top: 6rem !important;border-bottom-color: #f4f4f4 !important;border-bottom-style: solid !important;}&#8221;][vc_column offset=&#8221;vc_col-sm-offset-1&#8243;][vc_column_text] Teachers [\/vc_column_text][\/vc_column][\/vc_row][vc_row full_width=&#8221;stretch_row&#8221; gap=&#8221;30&#8243; content_placement=&#8221;middle&#8221; curly_bg_repeat=&#8221;bg-no-repeat&#8221; curly_bg_position=&#8221;bg-pos-center-top&#8221; css=&#8221;.vc_custom_1711712520169{border-bottom-width: 1px !important;background-color: #ffffff !important;background-position: center !important;background-repeat: no-repeat !important;background-size: cover !important;border-bottom-color: #f4f4f4 !important;border-bottom-style: solid !important;}&#8221;][vc_column width=&#8221;1\/4&#8243;][vc_single_image image=&#8221;3258&#8243; img_size=&#8221;large&#8221; onclick=&#8221;custom_link&#8221; el_class=&#8221;img-frame-large&#8221; link=&#8221;https:\/\/locumcracovia.pl\/eng\/teachers\/savea-kagan\/&#8221;][vc_column_text] Savea Kagan [\/vc_column_text][\/vc_column][vc_column width=&#8221;1\/4&#8243;][vc_single_image image=&#8221;3267&#8243; img_size=&#8221;large&#8221; onclick=&#8221;custom_link&#8221; el_class=&#8221;img-frame-large&#8221; link=&#8221;https:\/\/locumcracovia.pl\/eng\/teachers\/michal-strugarek\/&#8221;][vc_column_text] Micha\u0142 Strugarek [\/vc_column_text][\/vc_column][vc_column width=&#8221;1\/4&#8243;][vc_single_image image=&#8221;3274&#8243; img_size=&#8221;large&#8221; onclick=&#8221;custom_link&#8221; el_class=&#8221;img-frame-large&#8221; link=&#8221;https:\/\/locumcracovia.pl\/eng\/teachers\/greta-rodorigo\/&#8221;][vc_column_text] Greta [&hellip;]<\/p>\n","protected":false},"author":1,"featured_media":2966,"parent":0,"menu_order":0,"comment_status":"closed","ping_status":"closed","template":"","meta":{"footnotes":""},"yoast_head":"<!-- This site is optimized with the Yoast SEO plugin v23.0 - https:\/\/yoast.com\/wordpress\/plugins\/seo\/ -->\n<title>Teachers - Locum Cracovia Eng<\/title>\n<meta name=\"description\" content=\"LOCUM CRACOVIA teachers (Contemporary, Floorwork, Improvisation, Jazz, Modern, Modern Dance, Contemporary Dance, Movement).\" \/>\n<meta name=\"robots\" content=\"index, follow, max-snippet:-1, max-image-preview:large, max-video-preview:-1\" \/>\n<link rel=\"canonical\" href=\"https:\/\/locumcracovia.pl\/eng\/teachers\/\" \/>\n<meta property=\"og:locale\" content=\"pl_PL\" \/>\n<meta property=\"og:type\" content=\"article\" \/>\n<meta property=\"og:title\" content=\"Teachers - Locum Cracovia Eng\" \/>\n<meta property=\"og:description\" content=\"LOCUM CRACOVIA teachers (Contemporary, Floorwork, Improvisation, Jazz, Modern, Modern Dance, Contemporary Dance, Movement).\" \/>\n<meta property=\"og:url\" content=\"https:\/\/locumcracovia.pl\/eng\/teachers\/\" \/>\n<meta property=\"og:site_name\" content=\"Locum Cracovia Eng\" \/>\n<meta property=\"article:publisher\" content=\"https:\/\/www.facebook.com\/LOCUMCRACOVIA\" \/>\n<meta property=\"article:modified_time\" content=\"2026-02-21T12:39:44+00:00\" \/>\n<meta property=\"og:image\" content=\"https:\/\/locumcracovia.pl\/eng\/wp-content\/uploads\/sites\/4\/2025\/02\/Yoast-SEO-1.png\" \/>\n\t<meta property=\"og:image:width\" content=\"1200\" \/>\n\t<meta property=\"og:image:height\" content=\"675\" \/>\n\t<meta property=\"og:image:type\" content=\"image\/png\" \/>\n<meta name=\"twitter:card\" content=\"summary_large_image\" \/>\n<meta name=\"twitter:label1\" content=\"Szacowany czas czytania\" \/>\n\t<meta name=\"twitter:data1\" content=\"6 minut\" \/>\n<script type=\"application\/ld+json\" class=\"yoast-schema-graph\">{\"@context\":\"https:\/\/schema.org\",\"@graph\":[{\"@type\":\"WebPage\",\"@id\":\"https:\/\/locumcracovia.pl\/eng\/teachers\/\",\"url\":\"https:\/\/locumcracovia.pl\/eng\/teachers\/\",\"name\":\"Teachers - Locum Cracovia Eng\",\"isPartOf\":{\"@id\":\"https:\/\/locumcracovia.pl\/eng\/#website\"},\"primaryImageOfPage\":{\"@id\":\"https:\/\/locumcracovia.pl\/eng\/teachers\/#primaryimage\"},\"image\":{\"@id\":\"https:\/\/locumcracovia.pl\/eng\/teachers\/#primaryimage\"},\"thumbnailUrl\":\"https:\/\/locumcracovia.pl\/eng\/wp-content\/uploads\/sites\/4\/2025\/02\/Yoast-SEO-1.png\",\"datePublished\":\"2025-02-02T09:59:31+00:00\",\"dateModified\":\"2026-02-21T12:39:44+00:00\",\"description\":\"LOCUM CRACOVIA teachers (Contemporary, Floorwork, Improvisation, Jazz, Modern, Modern Dance, Contemporary Dance, Movement).\",\"breadcrumb\":{\"@id\":\"https:\/\/locumcracovia.pl\/eng\/teachers\/#breadcrumb\"},\"inLanguage\":\"pl-PL\",\"potentialAction\":[{\"@type\":\"ReadAction\",\"target\":[\"https:\/\/locumcracovia.pl\/eng\/teachers\/\"]}]},{\"@type\":\"ImageObject\",\"inLanguage\":\"pl-PL\",\"@id\":\"https:\/\/locumcracovia.pl\/eng\/teachers\/#primaryimage\",\"url\":\"https:\/\/locumcracovia.pl\/eng\/wp-content\/uploads\/sites\/4\/2025\/02\/Yoast-SEO-1.png\",\"contentUrl\":\"https:\/\/locumcracovia.pl\/eng\/wp-content\/uploads\/sites\/4\/2025\/02\/Yoast-SEO-1.png\",\"width\":1200,\"height\":675,\"caption\":\"LOCUM CRACOVIA\"},{\"@type\":\"BreadcrumbList\",\"@id\":\"https:\/\/locumcracovia.pl\/eng\/teachers\/#breadcrumb\",\"itemListElement\":[{\"@type\":\"ListItem\",\"position\":1,\"name\":\"Strona g\u0142\u00f3wna\",\"item\":\"https:\/\/locumcracovia.pl\/eng\/\"},{\"@type\":\"ListItem\",\"position\":2,\"name\":\"Teachers\"}]},{\"@type\":\"WebSite\",\"@id\":\"https:\/\/locumcracovia.pl\/eng\/#website\",\"url\":\"https:\/\/locumcracovia.pl\/eng\/\",\"name\":\"LOCUM CRACOVIA\",\"description\":\"Warsztaty ta\u0144ca wsp\u00f3\u0142czesnego, nowoczesnego, ruchu i improwizacji\",\"publisher\":{\"@id\":\"https:\/\/locumcracovia.pl\/eng\/#organization\"},\"potentialAction\":[{\"@type\":\"SearchAction\",\"target\":{\"@type\":\"EntryPoint\",\"urlTemplate\":\"https:\/\/locumcracovia.pl\/eng\/?s={search_term_string}\"},\"query-input\":\"required name=search_term_string\"}],\"inLanguage\":\"pl-PL\"},{\"@type\":\"Organization\",\"@id\":\"https:\/\/locumcracovia.pl\/eng\/#organization\",\"name\":\"LOCUM CRACOVIA\",\"url\":\"https:\/\/locumcracovia.pl\/eng\/\",\"logo\":{\"@type\":\"ImageObject\",\"inLanguage\":\"pl-PL\",\"@id\":\"https:\/\/locumcracovia.pl\/eng\/#\/schema\/logo\/image\/\",\"url\":\"https:\/\/locumcracovia.pl\/wp-content\/uploads\/2024\/03\/Logo-1200-x-600-2-e1710600483590.png\",\"contentUrl\":\"https:\/\/locumcracovia.pl\/wp-content\/uploads\/2024\/03\/Logo-1200-x-600-2-e1710600483590.png\",\"width\":300,\"height\":150,\"caption\":\"LOCUM CRACOVIA\"},\"image\":{\"@id\":\"https:\/\/locumcracovia.pl\/eng\/#\/schema\/logo\/image\/\"},\"sameAs\":[\"https:\/\/www.facebook.com\/LOCUMCRACOVIA\",\"https:\/\/www.instagram.com\/locumcracovia\/\"]}]}<\/script>\n<!-- \/ Yoast SEO plugin. -->","yoast_head_json":{"title":"Teachers - Locum Cracovia Eng","description":"LOCUM CRACOVIA teachers (Contemporary, Floorwork, Improvisation, Jazz, Modern, Modern Dance, Contemporary Dance, Movement).","robots":{"index":"index","follow":"follow","max-snippet":"max-snippet:-1","max-image-preview":"max-image-preview:large","max-video-preview":"max-video-preview:-1"},"canonical":"https:\/\/locumcracovia.pl\/eng\/teachers\/","og_locale":"pl_PL","og_type":"article","og_title":"Teachers - Locum Cracovia Eng","og_description":"LOCUM CRACOVIA teachers (Contemporary, Floorwork, Improvisation, Jazz, Modern, Modern Dance, Contemporary Dance, Movement).","og_url":"https:\/\/locumcracovia.pl\/eng\/teachers\/","og_site_name":"Locum Cracovia Eng","article_publisher":"https:\/\/www.facebook.com\/LOCUMCRACOVIA","article_modified_time":"2026-02-21T12:39:44+00:00","og_image":[{"width":1200,"height":675,"url":"https:\/\/locumcracovia.pl\/eng\/wp-content\/uploads\/sites\/4\/2025\/02\/Yoast-SEO-1.png","type":"image\/png"}],"twitter_card":"summary_large_image","twitter_misc":{"Szacowany czas czytania":"6 minut"},"schema":{"@context":"https:\/\/schema.org","@graph":[{"@type":"WebPage","@id":"https:\/\/locumcracovia.pl\/eng\/teachers\/","url":"https:\/\/locumcracovia.pl\/eng\/teachers\/","name":"Teachers - Locum Cracovia Eng","isPartOf":{"@id":"https:\/\/locumcracovia.pl\/eng\/#website"},"primaryImageOfPage":{"@id":"https:\/\/locumcracovia.pl\/eng\/teachers\/#primaryimage"},"image":{"@id":"https:\/\/locumcracovia.pl\/eng\/teachers\/#primaryimage"},"thumbnailUrl":"https:\/\/locumcracovia.pl\/eng\/wp-content\/uploads\/sites\/4\/2025\/02\/Yoast-SEO-1.png","datePublished":"2025-02-02T09:59:31+00:00","dateModified":"2026-02-21T12:39:44+00:00","description":"LOCUM CRACOVIA teachers (Contemporary, Floorwork, Improvisation, Jazz, Modern, Modern Dance, Contemporary Dance, Movement).","breadcrumb":{"@id":"https:\/\/locumcracovia.pl\/eng\/teachers\/#breadcrumb"},"inLanguage":"pl-PL","potentialAction":[{"@type":"ReadAction","target":["https:\/\/locumcracovia.pl\/eng\/teachers\/"]}]},{"@type":"ImageObject","inLanguage":"pl-PL","@id":"https:\/\/locumcracovia.pl\/eng\/teachers\/#primaryimage","url":"https:\/\/locumcracovia.pl\/eng\/wp-content\/uploads\/sites\/4\/2025\/02\/Yoast-SEO-1.png","contentUrl":"https:\/\/locumcracovia.pl\/eng\/wp-content\/uploads\/sites\/4\/2025\/02\/Yoast-SEO-1.png","width":1200,"height":675,"caption":"LOCUM CRACOVIA"},{"@type":"BreadcrumbList","@id":"https:\/\/locumcracovia.pl\/eng\/teachers\/#breadcrumb","itemListElement":[{"@type":"ListItem","position":1,"name":"Strona g\u0142\u00f3wna","item":"https:\/\/locumcracovia.pl\/eng\/"},{"@type":"ListItem","position":2,"name":"Teachers"}]},{"@type":"WebSite","@id":"https:\/\/locumcracovia.pl\/eng\/#website","url":"https:\/\/locumcracovia.pl\/eng\/","name":"LOCUM CRACOVIA","description":"Warsztaty ta\u0144ca wsp\u00f3\u0142czesnego, nowoczesnego, ruchu i improwizacji","publisher":{"@id":"https:\/\/locumcracovia.pl\/eng\/#organization"},"potentialAction":[{"@type":"SearchAction","target":{"@type":"EntryPoint","urlTemplate":"https:\/\/locumcracovia.pl\/eng\/?s={search_term_string}"},"query-input":"required name=search_term_string"}],"inLanguage":"pl-PL"},{"@type":"Organization","@id":"https:\/\/locumcracovia.pl\/eng\/#organization","name":"LOCUM CRACOVIA","url":"https:\/\/locumcracovia.pl\/eng\/","logo":{"@type":"ImageObject","inLanguage":"pl-PL","@id":"https:\/\/locumcracovia.pl\/eng\/#\/schema\/logo\/image\/","url":"https:\/\/locumcracovia.pl\/wp-content\/uploads\/2024\/03\/Logo-1200-x-600-2-e1710600483590.png","contentUrl":"https:\/\/locumcracovia.pl\/wp-content\/uploads\/2024\/03\/Logo-1200-x-600-2-e1710600483590.png","width":300,"height":150,"caption":"LOCUM CRACOVIA"},"image":{"@id":"https:\/\/locumcracovia.pl\/eng\/#\/schema\/logo\/image\/"},"sameAs":["https:\/\/www.facebook.com\/LOCUMCRACOVIA","https:\/\/www.instagram.com\/locumcracovia\/"]}]}},"_links":{"self":[{"href":"https:\/\/locumcracovia.pl\/eng\/wp-json\/wp\/v2\/pages\/2934"}],"collection":[{"href":"https:\/\/locumcracovia.pl\/eng\/wp-json\/wp\/v2\/pages"}],"about":[{"href":"https:\/\/locumcracovia.pl\/eng\/wp-json\/wp\/v2\/types\/page"}],"author":[{"embeddable":true,"href":"https:\/\/locumcracovia.pl\/eng\/wp-json\/wp\/v2\/users\/1"}],"replies":[{"embeddable":true,"href":"https:\/\/locumcracovia.pl\/eng\/wp-json\/wp\/v2\/comments?post=2934"}],"version-history":[{"count":41,"href":"https:\/\/locumcracovia.pl\/eng\/wp-json\/wp\/v2\/pages\/2934\/revisions"}],"predecessor-version":[{"id":3331,"href":"https:\/\/locumcracovia.pl\/eng\/wp-json\/wp\/v2\/pages\/2934\/revisions\/3331"}],"wp:featuredmedia":[{"embeddable":true,"href":"https:\/\/locumcracovia.pl\/eng\/wp-json\/wp\/v2\/media\/2966"}],"wp:attachment":[{"href":"https:\/\/locumcracovia.pl\/eng\/wp-json\/wp\/v2\/media?parent=2934"}],"curies":[{"name":"wp","href":"https:\/\/api.w.org\/{rel}","templated":true}]}}