{"id":2658,"date":"2024-04-08T08:36:10","date_gmt":"2024-04-08T08:36:10","guid":{"rendered":"https:\/\/locumcracovia.pl\/?page_id=2658"},"modified":"2025-10-04T17:28:47","modified_gmt":"2025-10-04T17:28:47","slug":"faq","status":"publish","type":"page","link":"https:\/\/locumcracovia.pl\/eng\/dance-workshops\/faq\/","title":{"rendered":"FAQ"},"content":{"rendered":"<div class=\"wpb-content-wrapper\">[vc_row content_placement=&#8221;middle&#8221; curly_padding=&#8221;content-padding-xs&#8221; css=&#8221;.vc_custom_1474899899434{border-bottom-width: 1px !important;padding-top: 6rem !important;border-bottom-color: #f4f4f4 !important;border-bottom-style: solid !important;}&#8221;][vc_column offset=&#8221;vc_col-sm-offset-1&#8243;][vc_column_text]\n<h2 style=\"text-align: center;\">FAQ<\/h2>\n[\/vc_column_text][\/vc_column][\/vc_row][vc_row full_width=&#8221;stretch_row&#8221; gap=&#8221;30&#8243; content_placement=&#8221;middle&#8221; curly_bg_repeat=&#8221;bg-no-repeat&#8221; curly_bg_position=&#8221;bg-pos-center-top&#8221; css=&#8221;.vc_custom_1711712520169{border-bottom-width: 1px !important;background-color: #ffffff !important;background-position: center !important;background-repeat: no-repeat !important;background-size: cover !important;border-bottom-color: #f4f4f4 !important;border-bottom-style: solid !important;}&#8221;][vc_column width=&#8221;1\/2&#8243;][vc_column_text]\n<h3><span style=\"color: #c9ac8c;\">Is it possible to pay for the workshops in installments or just the whole thing at once?<\/span><\/h3>\n[\/vc_column_text][vc_column_text]<span style=\"color: #666666;\">Only the whole thing at once, this results from the system we use. If you want to buy a ticket but cannot do it at the same time, please send us a message.<\/span>[\/vc_column_text][vc_column_text]\n<h3><span style=\"color: #c9ac8c;\">What dance styles will appear at the workshops?<\/span><\/h3>\n[\/vc_column_text][vc_column_text]The main theme of the LOCUM CRACOVIA workshops is contemporary\/contemporary dance. The workshops will also include improvisation, movement, floorwork, jazz, modern and elements of modern dance using various styles.[\/vc_column_text][\/vc_column][vc_column width=&#8221;1\/2&#8243;][vc_column_text]\n<h3><span style=\"color: #c9ac8c;\">After registering and paying for the workshop ticket, if for some reason I am unable to attend the event, is there a chance for a refund?<\/span><\/h3>\n[\/vc_column_text][vc_column_text]<span style=\"color: #666666;\">If you are unable to attend the event, we will of course refund the funds or you will be able to collect them in the form of a ticket to the next event.<\/span>[\/vc_column_text][vc_column_text]\n<h3><span style=\"color: #c9ac8c;\">Will the workshops be open for audience?<\/span><\/h3>\n<p class=\"cvGsUA direction-ltr align-center para-style-title\"><span style=\"color: #666666;\"><span class=\"OYPEnA font-feature-liga-off font-feature-clig-off font-feature-calt-off text-decoration-none text-strikethrough-none\">Classes and venues will be closed to participants <\/span><span class=\"OYPEnA font-feature-liga-off font-feature-clig-off font-feature-calt-off text-decoration-none text-strikethrough-none\">for their comfort. We will share photos and videos from the workshops.<\/span><\/span><\/p>\n[\/vc_column_text][\/vc_column][\/vc_row]\n<\/div>","protected":false},"excerpt":{"rendered":"<p>[vc_row content_placement=&#8221;middle&#8221; curly_padding=&#8221;content-padding-xs&#8221; css=&#8221;.vc_custom_1474899899434{border-bottom-width: 1px !important;padding-top: 6rem !important;border-bottom-color: #f4f4f4 !important;border-bottom-style: solid !important;}&#8221;][vc_column offset=&#8221;vc_col-sm-offset-1&#8243;][vc_column_text] FAQ [\/vc_column_text][\/vc_column][\/vc_row][vc_row full_width=&#8221;stretch_row&#8221; gap=&#8221;30&#8243; content_placement=&#8221;middle&#8221; curly_bg_repeat=&#8221;bg-no-repeat&#8221; curly_bg_position=&#8221;bg-pos-center-top&#8221; css=&#8221;.vc_custom_1711712520169{border-bottom-width: 1px !important;background-color: #ffffff !important;background-position: center !important;background-repeat: no-repeat !important;background-size: cover !important;border-bottom-color: #f4f4f4 !important;border-bottom-style: solid !important;}&#8221;][vc_column width=&#8221;1\/2&#8243;][vc_column_text] Is it possible to pay for the workshops in installments or just the whole thing at once? [\/vc_column_text][vc_column_text]Only the whole thing at once, this [&hellip;]<\/p>\n","protected":false},"author":1,"featured_media":2873,"parent":2019,"menu_order":0,"comment_status":"closed","ping_status":"closed","template":"","meta":{"footnotes":""},"yoast_head":"<!-- This site is optimized with the Yoast SEO plugin v23.0 - https:\/\/yoast.com\/wordpress\/plugins\/seo\/ -->\n<title>FAQ - Locum Cracovia Eng<\/title>\n<meta name=\"description\" content=\"FAQ - Everything you may or may not have to ask because we already publish questions and answers. Thank you for all your inquiries.\" \/>\n<meta name=\"robots\" content=\"index, follow, max-snippet:-1, max-image-preview:large, max-video-preview:-1\" \/>\n<link rel=\"canonical\" href=\"https:\/\/locumcracovia.pl\/eng\/dance-workshops\/faq\/\" \/>\n<meta property=\"og:locale\" content=\"pl_PL\" \/>\n<meta property=\"og:type\" content=\"article\" \/>\n<meta property=\"og:title\" content=\"FAQ - Locum Cracovia Eng\" \/>\n<meta property=\"og:description\" content=\"FAQ - Everything you may or may not have to ask because we already publish questions and answers. Thank you for all your inquiries.\" \/>\n<meta property=\"og:url\" content=\"https:\/\/locumcracovia.pl\/eng\/dance-workshops\/faq\/\" \/>\n<meta property=\"og:site_name\" content=\"Locum Cracovia Eng\" \/>\n<meta property=\"article:publisher\" content=\"https:\/\/www.facebook.com\/LOCUMCRACOVIA\" \/>\n<meta property=\"article:modified_time\" content=\"2025-10-04T17:28:47+00:00\" \/>\n<meta property=\"og:image\" content=\"https:\/\/locumcracovia.pl\/eng\/wp-content\/uploads\/sites\/4\/2024\/09\/Yoast-SEO-5.png\" \/>\n\t<meta property=\"og:image:width\" content=\"1200\" \/>\n\t<meta property=\"og:image:height\" content=\"675\" \/>\n\t<meta property=\"og:image:type\" content=\"image\/png\" \/>\n<meta name=\"twitter:card\" content=\"summary_large_image\" \/>\n<meta name=\"twitter:label1\" content=\"Szacowany czas czytania\" \/>\n\t<meta name=\"twitter:data1\" content=\"2 minuty\" \/>\n<script type=\"application\/ld+json\" class=\"yoast-schema-graph\">{\"@context\":\"https:\/\/schema.org\",\"@graph\":[{\"@type\":\"WebPage\",\"@id\":\"https:\/\/locumcracovia.pl\/eng\/dance-workshops\/faq\/\",\"url\":\"https:\/\/locumcracovia.pl\/eng\/dance-workshops\/faq\/\",\"name\":\"FAQ - Locum Cracovia Eng\",\"isPartOf\":{\"@id\":\"https:\/\/locumcracovia.pl\/eng\/#website\"},\"primaryImageOfPage\":{\"@id\":\"https:\/\/locumcracovia.pl\/eng\/dance-workshops\/faq\/#primaryimage\"},\"image\":{\"@id\":\"https:\/\/locumcracovia.pl\/eng\/dance-workshops\/faq\/#primaryimage\"},\"thumbnailUrl\":\"https:\/\/locumcracovia.pl\/eng\/wp-content\/uploads\/sites\/4\/2024\/09\/Yoast-SEO-5.png\",\"datePublished\":\"2024-04-08T08:36:10+00:00\",\"dateModified\":\"2025-10-04T17:28:47+00:00\",\"description\":\"FAQ - Everything you may or may not have to ask because we already publish questions and answers. Thank you for all your inquiries.\",\"breadcrumb\":{\"@id\":\"https:\/\/locumcracovia.pl\/eng\/dance-workshops\/faq\/#breadcrumb\"},\"inLanguage\":\"pl-PL\",\"potentialAction\":[{\"@type\":\"ReadAction\",\"target\":[\"https:\/\/locumcracovia.pl\/eng\/dance-workshops\/faq\/\"]}]},{\"@type\":\"ImageObject\",\"inLanguage\":\"pl-PL\",\"@id\":\"https:\/\/locumcracovia.pl\/eng\/dance-workshops\/faq\/#primaryimage\",\"url\":\"https:\/\/locumcracovia.pl\/eng\/wp-content\/uploads\/sites\/4\/2024\/09\/Yoast-SEO-5.png\",\"contentUrl\":\"https:\/\/locumcracovia.pl\/eng\/wp-content\/uploads\/sites\/4\/2024\/09\/Yoast-SEO-5.png\",\"width\":1200,\"height\":675},{\"@type\":\"BreadcrumbList\",\"@id\":\"https:\/\/locumcracovia.pl\/eng\/dance-workshops\/faq\/#breadcrumb\",\"itemListElement\":[{\"@type\":\"ListItem\",\"position\":1,\"name\":\"Strona g\u0142\u00f3wna\",\"item\":\"https:\/\/locumcracovia.pl\/eng\/\"},{\"@type\":\"ListItem\",\"position\":2,\"name\":\"Dance workshops\",\"item\":\"https:\/\/locumcracovia.pl\/eng\/dance-workshops\/\"},{\"@type\":\"ListItem\",\"position\":3,\"name\":\"FAQ\"}]},{\"@type\":\"WebSite\",\"@id\":\"https:\/\/locumcracovia.pl\/eng\/#website\",\"url\":\"https:\/\/locumcracovia.pl\/eng\/\",\"name\":\"LOCUM CRACOVIA\",\"description\":\"Warsztaty ta\u0144ca wsp\u00f3\u0142czesnego, nowoczesnego, ruchu i improwizacji\",\"publisher\":{\"@id\":\"https:\/\/locumcracovia.pl\/eng\/#organization\"},\"potentialAction\":[{\"@type\":\"SearchAction\",\"target\":{\"@type\":\"EntryPoint\",\"urlTemplate\":\"https:\/\/locumcracovia.pl\/eng\/?s={search_term_string}\"},\"query-input\":\"required name=search_term_string\"}],\"inLanguage\":\"pl-PL\"},{\"@type\":\"Organization\",\"@id\":\"https:\/\/locumcracovia.pl\/eng\/#organization\",\"name\":\"LOCUM CRACOVIA\",\"url\":\"https:\/\/locumcracovia.pl\/eng\/\",\"logo\":{\"@type\":\"ImageObject\",\"inLanguage\":\"pl-PL\",\"@id\":\"https:\/\/locumcracovia.pl\/eng\/#\/schema\/logo\/image\/\",\"url\":\"https:\/\/locumcracovia.pl\/wp-content\/uploads\/2024\/03\/Logo-1200-x-600-2-e1710600483590.png\",\"contentUrl\":\"https:\/\/locumcracovia.pl\/wp-content\/uploads\/2024\/03\/Logo-1200-x-600-2-e1710600483590.png\",\"width\":300,\"height\":150,\"caption\":\"LOCUM CRACOVIA\"},\"image\":{\"@id\":\"https:\/\/locumcracovia.pl\/eng\/#\/schema\/logo\/image\/\"},\"sameAs\":[\"https:\/\/www.facebook.com\/LOCUMCRACOVIA\",\"https:\/\/www.instagram.com\/locumcracovia\/\"]}]}<\/script>\n<!-- \/ Yoast SEO plugin. -->","yoast_head_json":{"title":"FAQ - Locum Cracovia Eng","description":"FAQ - Everything you may or may not have to ask because we already publish questions and answers. Thank you for all your inquiries.","robots":{"index":"index","follow":"follow","max-snippet":"max-snippet:-1","max-image-preview":"max-image-preview:large","max-video-preview":"max-video-preview:-1"},"canonical":"https:\/\/locumcracovia.pl\/eng\/dance-workshops\/faq\/","og_locale":"pl_PL","og_type":"article","og_title":"FAQ - Locum Cracovia Eng","og_description":"FAQ - Everything you may or may not have to ask because we already publish questions and answers. Thank you for all your inquiries.","og_url":"https:\/\/locumcracovia.pl\/eng\/dance-workshops\/faq\/","og_site_name":"Locum Cracovia Eng","article_publisher":"https:\/\/www.facebook.com\/LOCUMCRACOVIA","article_modified_time":"2025-10-04T17:28:47+00:00","og_image":[{"width":1200,"height":675,"url":"https:\/\/locumcracovia.pl\/eng\/wp-content\/uploads\/sites\/4\/2024\/09\/Yoast-SEO-5.png","type":"image\/png"}],"twitter_card":"summary_large_image","twitter_misc":{"Szacowany czas czytania":"2 minuty"},"schema":{"@context":"https:\/\/schema.org","@graph":[{"@type":"WebPage","@id":"https:\/\/locumcracovia.pl\/eng\/dance-workshops\/faq\/","url":"https:\/\/locumcracovia.pl\/eng\/dance-workshops\/faq\/","name":"FAQ - Locum Cracovia Eng","isPartOf":{"@id":"https:\/\/locumcracovia.pl\/eng\/#website"},"primaryImageOfPage":{"@id":"https:\/\/locumcracovia.pl\/eng\/dance-workshops\/faq\/#primaryimage"},"image":{"@id":"https:\/\/locumcracovia.pl\/eng\/dance-workshops\/faq\/#primaryimage"},"thumbnailUrl":"https:\/\/locumcracovia.pl\/eng\/wp-content\/uploads\/sites\/4\/2024\/09\/Yoast-SEO-5.png","datePublished":"2024-04-08T08:36:10+00:00","dateModified":"2025-10-04T17:28:47+00:00","description":"FAQ - Everything you may or may not have to ask because we already publish questions and answers. Thank you for all your inquiries.","breadcrumb":{"@id":"https:\/\/locumcracovia.pl\/eng\/dance-workshops\/faq\/#breadcrumb"},"inLanguage":"pl-PL","potentialAction":[{"@type":"ReadAction","target":["https:\/\/locumcracovia.pl\/eng\/dance-workshops\/faq\/"]}]},{"@type":"ImageObject","inLanguage":"pl-PL","@id":"https:\/\/locumcracovia.pl\/eng\/dance-workshops\/faq\/#primaryimage","url":"https:\/\/locumcracovia.pl\/eng\/wp-content\/uploads\/sites\/4\/2024\/09\/Yoast-SEO-5.png","contentUrl":"https:\/\/locumcracovia.pl\/eng\/wp-content\/uploads\/sites\/4\/2024\/09\/Yoast-SEO-5.png","width":1200,"height":675},{"@type":"BreadcrumbList","@id":"https:\/\/locumcracovia.pl\/eng\/dance-workshops\/faq\/#breadcrumb","itemListElement":[{"@type":"ListItem","position":1,"name":"Strona g\u0142\u00f3wna","item":"https:\/\/locumcracovia.pl\/eng\/"},{"@type":"ListItem","position":2,"name":"Dance workshops","item":"https:\/\/locumcracovia.pl\/eng\/dance-workshops\/"},{"@type":"ListItem","position":3,"name":"FAQ"}]},{"@type":"WebSite","@id":"https:\/\/locumcracovia.pl\/eng\/#website","url":"https:\/\/locumcracovia.pl\/eng\/","name":"LOCUM CRACOVIA","description":"Warsztaty ta\u0144ca wsp\u00f3\u0142czesnego, nowoczesnego, ruchu i improwizacji","publisher":{"@id":"https:\/\/locumcracovia.pl\/eng\/#organization"},"potentialAction":[{"@type":"SearchAction","target":{"@type":"EntryPoint","urlTemplate":"https:\/\/locumcracovia.pl\/eng\/?s={search_term_string}"},"query-input":"required name=search_term_string"}],"inLanguage":"pl-PL"},{"@type":"Organization","@id":"https:\/\/locumcracovia.pl\/eng\/#organization","name":"LOCUM CRACOVIA","url":"https:\/\/locumcracovia.pl\/eng\/","logo":{"@type":"ImageObject","inLanguage":"pl-PL","@id":"https:\/\/locumcracovia.pl\/eng\/#\/schema\/logo\/image\/","url":"https:\/\/locumcracovia.pl\/wp-content\/uploads\/2024\/03\/Logo-1200-x-600-2-e1710600483590.png","contentUrl":"https:\/\/locumcracovia.pl\/wp-content\/uploads\/2024\/03\/Logo-1200-x-600-2-e1710600483590.png","width":300,"height":150,"caption":"LOCUM CRACOVIA"},"image":{"@id":"https:\/\/locumcracovia.pl\/eng\/#\/schema\/logo\/image\/"},"sameAs":["https:\/\/www.facebook.com\/LOCUMCRACOVIA","https:\/\/www.instagram.com\/locumcracovia\/"]}]}},"_links":{"self":[{"href":"https:\/\/locumcracovia.pl\/eng\/wp-json\/wp\/v2\/pages\/2658"}],"collection":[{"href":"https:\/\/locumcracovia.pl\/eng\/wp-json\/wp\/v2\/pages"}],"about":[{"href":"https:\/\/locumcracovia.pl\/eng\/wp-json\/wp\/v2\/types\/page"}],"author":[{"embeddable":true,"href":"https:\/\/locumcracovia.pl\/eng\/wp-json\/wp\/v2\/users\/1"}],"replies":[{"embeddable":true,"href":"https:\/\/locumcracovia.pl\/eng\/wp-json\/wp\/v2\/comments?post=2658"}],"version-history":[{"count":15,"href":"https:\/\/locumcracovia.pl\/eng\/wp-json\/wp\/v2\/pages\/2658\/revisions"}],"predecessor-version":[{"id":3179,"href":"https:\/\/locumcracovia.pl\/eng\/wp-json\/wp\/v2\/pages\/2658\/revisions\/3179"}],"up":[{"embeddable":true,"href":"https:\/\/locumcracovia.pl\/eng\/wp-json\/wp\/v2\/pages\/2019"}],"wp:featuredmedia":[{"embeddable":true,"href":"https:\/\/locumcracovia.pl\/eng\/wp-json\/wp\/v2\/media\/2873"}],"wp:attachment":[{"href":"https:\/\/locumcracovia.pl\/eng\/wp-json\/wp\/v2\/media?parent=2658"}],"curies":[{"name":"wp","href":"https:\/\/api.w.org\/{rel}","templated":true}]}}