{"id":2586,"date":"2024-04-01T14:46:55","date_gmt":"2024-04-01T14:46:55","guid":{"rendered":"https:\/\/locumcracovia.pl\/?page_id=2586"},"modified":"2026-04-07T12:01:06","modified_gmt":"2026-04-07T12:01:06","slug":"locum-cracovia-partners","status":"publish","type":"page","link":"https:\/\/locumcracovia.pl\/eng\/dance-workshops\/locum-cracovia-partners\/","title":{"rendered":"LOCUM CRACOVIA partners"},"content":{"rendered":"<div class=\"wpb-content-wrapper\">[vc_row content_placement=&#8221;middle&#8221; curly_padding=&#8221;content-padding-xs&#8221; css=&#8221;.vc_custom_1474899899434{border-bottom-width: 1px !important;padding-top: 6rem !important;border-bottom-color: #f4f4f4 !important;border-bottom-style: solid !important;}&#8221;][vc_column offset=&#8221;vc_col-sm-offset-1&#8243;][vc_column_text]\n<h2 style=\"text-align: center;\">Partners<\/h2>\n[\/vc_column_text][\/vc_column][\/vc_row][vc_row full_width=&#8221;stretch_row&#8221; gap=&#8221;30&#8243; content_placement=&#8221;middle&#8221; curly_bg_repeat=&#8221;bg-no-repeat&#8221; curly_bg_position=&#8221;bg-pos-center-top&#8221; css=&#8221;.vc_custom_1711712520169{border-bottom-width: 1px !important;background-color: #ffffff !important;background-position: center !important;background-repeat: no-repeat !important;background-size: cover !important;border-bottom-color: #f4f4f4 !important;border-bottom-style: solid !important;}&#8221;][vc_column width=&#8221;1\/3&#8243;][vc_column_text]\n<h4 style=\"text-align: center;\"><a href=\"https:\/\/kicket.com\/wydarzenia?organizerId=1400\" target=\"_blank\" rel=\"noopener\"><span style=\"color: #c9ac8c;\">Ticket Sales Partner<\/span><\/a><\/h4>\n[\/vc_column_text][vc_single_image image=&#8221;3147&#8243; img_size=&#8221;large&#8221; alignment=&#8221;center&#8221; onclick=&#8221;custom_link&#8221; img_link_target=&#8221;_blank&#8221; el_class=&#8221;img-frame-large&#8221; link=&#8221;https:\/\/kicket.com\/wydarzenia?organizerId=1400&#8243;][\/vc_column][vc_column width=&#8221;1\/3&#8243;][vc_column_text]\n<h4 style=\"text-align: center;\"><span style=\"color: #666666;\">Space for your brand<\/span><\/h4>\n[\/vc_column_text][vc_single_image image=&#8221;2282&#8243; img_size=&#8221;large&#8221; el_class=&#8221;img-frame-large&#8221;][\/vc_column][vc_column width=&#8221;1\/3&#8243;][vc_column_text]\n<h4 style=\"text-align: center;\"><span style=\"color: #666666;\">Space for your brand<\/span><\/h4>\n[\/vc_column_text][vc_single_image image=&#8221;2282&#8243; img_size=&#8221;large&#8221; el_class=&#8221;img-frame-large&#8221;][\/vc_column][\/vc_row][vc_row content_placement=&#8221;middle&#8221; curly_padding=&#8221;content-padding-xs&#8221; css=&#8221;.vc_custom_1474899899434{border-bottom-width: 1px !important;padding-top: 6rem !important;border-bottom-color: #f4f4f4 !important;border-bottom-style: solid !important;}&#8221;][vc_column offset=&#8221;vc_col-sm-offset-1&#8243;][vc_column_text]\n<h2 style=\"text-align: center;\">Community partners<\/h2>\n[\/vc_column_text][\/vc_column][\/vc_row][vc_row full_width=&#8221;stretch_row&#8221; gap=&#8221;30&#8243; content_placement=&#8221;middle&#8221; curly_bg_repeat=&#8221;bg-no-repeat&#8221; curly_bg_position=&#8221;bg-pos-center-top&#8221; css=&#8221;.vc_custom_1711712520169{border-bottom-width: 1px !important;background-color: #ffffff !important;background-position: center !important;background-repeat: no-repeat !important;background-size: cover !important;border-bottom-color: #f4f4f4 !important;border-bottom-style: solid !important;}&#8221;][vc_column width=&#8221;1\/6&#8243;][vc_column_text]\n<h4 style=\"text-align: center;\"><a href=\"https:\/\/linktr.ee\/marmur.dance?utm_source=linktree_profile_share&amp;ltsid=f05d1a0a-31fd-4515-96b1-3f7d33d8b2cf\" target=\"_blank\" rel=\"noopener\">MAR MUR DANCE STUDIO TA\u0143CA KRAK\u00d3W<\/a><\/h4>\n[\/vc_column_text][vc_single_image image=&#8221;3146&#8243; img_size=&#8221;large&#8221; onclick=&#8221;custom_link&#8221; img_link_target=&#8221;_blank&#8221; el_class=&#8221;img-frame-large&#8221; link=&#8221;https:\/\/linktr.ee\/marmur.dance?utm_source=linktree_profile_share&amp;ltsid=f05d1a0a-31fd-4515-96b1-3f7d33d8b2cf&#8221;][vc_column_text]\n<h4 style=\"text-align: center;\"><a href=\"https:\/\/imperia-krakow.pl\/\" target=\"_blank\" rel=\"noopener\">Studio Ta\u0144ca Imperia<\/a><\/h4>\n[\/vc_column_text][vc_single_image image=&#8221;3150&#8243; img_size=&#8221;large&#8221; onclick=&#8221;custom_link&#8221; img_link_target=&#8221;_blank&#8221; el_class=&#8221;img-frame-large&#8221; link=&#8221;https:\/\/imperia-krakow.pl\/&#8221;][\/vc_column][vc_column width=&#8221;1\/6&#8243;][vc_column_text]\n<h4 style=\"text-align: center;\"><a href=\"https:\/\/wild-dance.pl\/\" target=\"_blank\" rel=\"noopener\"><span style=\"color: #666666;\">Wild Dance Academy<\/span><\/a><\/h4>\n[\/vc_column_text][vc_single_image image=&#8221;3167&#8243; img_size=&#8221;large&#8221; onclick=&#8221;custom_link&#8221; img_link_target=&#8221;_blank&#8221; el_class=&#8221;img-frame-large&#8221; link=&#8221;https:\/\/wild-dance.pl\/&#8221;][vc_column_text]\n<h4 style=\"text-align: center;\"><a href=\"https:\/\/www.baletowaczestochowa.pl\/\" target=\"_blank\" rel=\"noopener\">Spo\u0142eczna Szko\u0142a Baletowa i Spo\u0142eczne Ognisko Baletowe w Cz\u0119stochowie<\/a><\/h4>\n[\/vc_column_text][vc_single_image image=&#8221;3169&#8243; img_size=&#8221;large&#8221; onclick=&#8221;custom_link&#8221; img_link_target=&#8221;_blank&#8221; el_class=&#8221;img-frame-large&#8221; link=&#8221;https:\/\/www.baletowaczestochowa.pl\/&#8221;][\/vc_column][vc_column width=&#8221;1\/6&#8243;][vc_column_text]\n<h4 style=\"text-align: center;\"><a href=\"https:\/\/awf.poznan.pl\/uczelnia\/wydzialy\/wydzial-nauk-o-kulturze-fizycznej\/katedra-tanca-i-gimnastyki\/zaklad-tanca\/kampania-tanca-awf-poznan\/\" target=\"_blank\" rel=\"noopener\"><span style=\"color: #666666;\">Kompania Ta\u0144ca AWF Pozna\u0144<\/span><\/a><\/h4>\n[\/vc_column_text][vc_single_image image=&#8221;3189&#8243; img_size=&#8221;large&#8221; onclick=&#8221;custom_link&#8221; img_link_target=&#8221;_blank&#8221; el_class=&#8221;img-frame-large&#8221; link=&#8221;https:\/\/awf.poznan.pl\/uczelnia\/wydzialy\/wydzial-nauk-o-kulturze-fizycznej\/katedra-tanca-i-gimnastyki\/zaklad-tanca\/kampania-tanca-awf-poznan\/&#8221;][vc_column_text]\n<h4 style=\"text-align: center;\"><a href=\"https:\/\/awf.poznan.pl\/uczelnia\/wydzialy\/wydzial-nauk-o-kulturze-fizycznej\/katedra-tanca-i-gimnastyki\/zaklad-tanca\/contestporary\/\" target=\"_blank\" rel=\"noopener\"><span style=\"color: #666666;\">Contestporary<\/span><\/a><\/h4>\n[\/vc_column_text][vc_single_image image=&#8221;3190&#8243; img_size=&#8221;large&#8221; onclick=&#8221;custom_link&#8221; img_link_target=&#8221;_blank&#8221; el_class=&#8221;img-frame-large&#8221; link=&#8221;https:\/\/awf.poznan.pl\/uczelnia\/wydzialy\/wydzial-nauk-o-kulturze-fizycznej\/katedra-tanca-i-gimnastyki\/zaklad-tanca\/contestporary\/&#8221;][\/vc_column][vc_column width=&#8221;1\/6&#8243;][vc_column_text]\n<h4 style=\"text-align: center;\"><a href=\"http:\/\/balet-krakow.pl\/\" target=\"_blank\" rel=\"noopener\">Niepubliczna Krakowska Szko\u0142a Sztuki Ta\u0144ca <em>\u201eL&#8217;Art de la Danse\u201d<\/em><\/a><\/h4>\n[\/vc_column_text][vc_single_image image=&#8221;3201&#8243; img_size=&#8221;large&#8221; onclick=&#8221;custom_link&#8221; el_class=&#8221;img-frame-large&#8221; link=&#8221;http:\/\/balet-krakow.pl\/&#8221;][vc_column_text]\n<h4 style=\"text-align: center;\"><a href=\"https:\/\/www.instagram.com\/myplacedancestudio\/\" target=\"_blank\" rel=\"noopener\">MyPlace Dance Studio<\/a><\/h4>\n[\/vc_column_text][vc_single_image image=&#8221;3210&#8243; img_size=&#8221;large&#8221; onclick=&#8221;custom_link&#8221; img_link_target=&#8221;_blank&#8221; el_class=&#8221;img-frame-large&#8221; link=&#8221;https:\/\/www.instagram.com\/myplacedancestudio\/&#8221;][\/vc_column][vc_column width=&#8221;1\/6&#8243;][vc_column_text]\n<h4 style=\"text-align: center;\"><a href=\"https:\/\/www.instagram.com\/am.zakladtanca\/\" target=\"_blank\" rel=\"noopener\"><span style=\"color: #666666;\">Zak\u0142ad Ta\u0144ca<\/span><\/a><\/h4>\n[\/vc_column_text][vc_single_image image=&#8221;3223&#8243; img_size=&#8221;large&#8221; onclick=&#8221;custom_link&#8221; img_link_target=&#8221;_blank&#8221; el_class=&#8221;img-frame-large&#8221; link=&#8221;https:\/\/www.instagram.com\/am.zakladtanca\/&#8221;][vc_column_text]\n<h4 style=\"text-align: center;\"><a href=\"https:\/\/www.instagram.com\/unacalabriadartisti\/\" target=\"_blank\" rel=\"noopener\">Una Calabria d\u2019Artisti\u00a0<\/a><\/h4>\n[\/vc_column_text][vc_single_image image=&#8221;3332&#8243; img_size=&#8221;large&#8221; onclick=&#8221;custom_link&#8221; img_link_target=&#8221;_blank&#8221; el_class=&#8221;img-frame-large&#8221; link=&#8221;https:\/\/www.instagram.com\/unacalabriadartisti\/&#8221;][\/vc_column][vc_column width=&#8221;1\/6&#8243;][vc_column_text]\n<h4 style=\"text-align: center;\"><a href=\"https:\/\/www.instagram.com\/aura_impro_contest\/\" target=\"_blank\" rel=\"noopener\"><span style=\"color: #666666;\">Aura Impro Contest<\/span><\/a><\/h4>\n[\/vc_column_text][vc_single_image image=&#8221;3335&#8243; img_size=&#8221;large&#8221; onclick=&#8221;custom_link&#8221; img_link_target=&#8221;_blank&#8221; el_class=&#8221;img-frame-large&#8221; link=&#8221;https:\/\/www.instagram.com\/aura_impro_contest\/&#8221;][vc_column_text]\n<h4 style=\"text-align: center;\"><a href=\"https:\/\/vitallokum.pl\/\" target=\"_blank\" rel=\"noopener\">Vitallokum<\/a><\/h4>\n[\/vc_column_text][vc_single_image image=&#8221;3345&#8243; img_size=&#8221;large&#8221; onclick=&#8221;custom_link&#8221; img_link_target=&#8221;_blank&#8221; el_class=&#8221;img-frame-large&#8221; link=&#8221;https:\/\/vitallokum.pl\/&#8221;][\/vc_column][\/vc_row][vc_row content_placement=&#8221;middle&#8221; curly_padding=&#8221;content-padding-xs&#8221; css=&#8221;.vc_custom_1474899899434{border-bottom-width: 1px !important;padding-top: 6rem !important;border-bottom-color: #f4f4f4 !important;border-bottom-style: solid !important;}&#8221;][vc_column offset=&#8221;vc_col-sm-offset-1&#8243;][vc_column_text]\n<h2 style=\"text-align: center;\">Media partners<\/h2>\n[\/vc_column_text][\/vc_column][\/vc_row][vc_row full_width=&#8221;stretch_row&#8221; gap=&#8221;30&#8243; content_placement=&#8221;middle&#8221; curly_bg_repeat=&#8221;bg-no-repeat&#8221; curly_bg_position=&#8221;bg-pos-center-top&#8221; css=&#8221;.vc_custom_1711712520169{border-bottom-width: 1px !important;background-color: #ffffff !important;background-position: center !important;background-repeat: no-repeat !important;background-size: cover !important;border-bottom-color: #f4f4f4 !important;border-bottom-style: solid !important;}&#8221;][vc_column width=&#8221;1\/3&#8243;][vc_column_text]\n<h4 style=\"text-align: center;\"><span style=\"color: #666666;\">Space for your brand<\/span><\/h4>\n[\/vc_column_text][vc_single_image image=&#8221;2282&#8243; img_size=&#8221;large&#8221; el_class=&#8221;img-frame-large&#8221;][\/vc_column][vc_column width=&#8221;1\/3&#8243;][vc_column_text]\n<h4 style=\"text-align: center;\"><span style=\"color: #666666;\">Space for your brand<\/span><\/h4>\n[\/vc_column_text][vc_single_image image=&#8221;2282&#8243; img_size=&#8221;large&#8221; el_class=&#8221;img-frame-large&#8221;][\/vc_column][vc_column width=&#8221;1\/3&#8243;][vc_column_text]\n<h4 style=\"text-align: center;\"><span style=\"color: #666666;\">Space for your brand<\/span><\/h4>\n[\/vc_column_text][vc_single_image image=&#8221;2282&#8243; img_size=&#8221;large&#8221; el_class=&#8221;img-frame-large&#8221;][\/vc_column][\/vc_row]\n<\/div>","protected":false},"excerpt":{"rendered":"<p>[vc_row content_placement=&#8221;middle&#8221; curly_padding=&#8221;content-padding-xs&#8221; css=&#8221;.vc_custom_1474899899434{border-bottom-width: 1px !important;padding-top: 6rem !important;border-bottom-color: #f4f4f4 !important;border-bottom-style: solid !important;}&#8221;][vc_column offset=&#8221;vc_col-sm-offset-1&#8243;][vc_column_text] Partners [\/vc_column_text][\/vc_column][\/vc_row][vc_row full_width=&#8221;stretch_row&#8221; gap=&#8221;30&#8243; content_placement=&#8221;middle&#8221; curly_bg_repeat=&#8221;bg-no-repeat&#8221; curly_bg_position=&#8221;bg-pos-center-top&#8221; css=&#8221;.vc_custom_1711712520169{border-bottom-width: 1px !important;background-color: #ffffff !important;background-position: center !important;background-repeat: no-repeat !important;background-size: cover !important;border-bottom-color: #f4f4f4 !important;border-bottom-style: solid !important;}&#8221;][vc_column width=&#8221;1\/3&#8243;][vc_column_text] Ticket Sales Partner [\/vc_column_text][vc_single_image image=&#8221;3147&#8243; img_size=&#8221;large&#8221; alignment=&#8221;center&#8221; onclick=&#8221;custom_link&#8221; img_link_target=&#8221;_blank&#8221; el_class=&#8221;img-frame-large&#8221; link=&#8221;https:\/\/kicket.com\/wydarzenia?organizerId=1400&#8243;][\/vc_column][vc_column width=&#8221;1\/3&#8243;][vc_column_text] Space for your brand [\/vc_column_text][vc_single_image image=&#8221;2282&#8243; img_size=&#8221;large&#8221; el_class=&#8221;img-frame-large&#8221;][\/vc_column][vc_column width=&#8221;1\/3&#8243;][vc_column_text] Space for your [&hellip;]<\/p>\n","protected":false},"author":1,"featured_media":2873,"parent":2019,"menu_order":0,"comment_status":"closed","ping_status":"closed","template":"","meta":{"footnotes":""},"yoast_head":"<!-- This site is optimized with the Yoast SEO plugin v23.0 - https:\/\/yoast.com\/wordpress\/plugins\/seo\/ -->\n<title>LOCUM CRACOVIA partners - Locum Cracovia Eng<\/title>\n<meta name=\"description\" content=\"Get to know LOCUM CRACOVIA: The Beginning partners.\" \/>\n<meta name=\"robots\" content=\"index, follow, max-snippet:-1, max-image-preview:large, max-video-preview:-1\" \/>\n<link rel=\"canonical\" href=\"https:\/\/locumcracovia.pl\/eng\/dance-workshops\/locum-cracovia-partners\/\" \/>\n<meta property=\"og:locale\" content=\"pl_PL\" \/>\n<meta property=\"og:type\" content=\"article\" \/>\n<meta property=\"og:title\" content=\"LOCUM CRACOVIA partners - Locum Cracovia Eng\" \/>\n<meta property=\"og:description\" content=\"Get to know LOCUM CRACOVIA: The Beginning partners.\" \/>\n<meta property=\"og:url\" content=\"https:\/\/locumcracovia.pl\/eng\/dance-workshops\/locum-cracovia-partners\/\" \/>\n<meta property=\"og:site_name\" content=\"Locum Cracovia Eng\" \/>\n<meta property=\"article:publisher\" content=\"https:\/\/www.facebook.com\/LOCUMCRACOVIA\" \/>\n<meta property=\"article:modified_time\" content=\"2026-04-07T12:01:06+00:00\" \/>\n<meta property=\"og:image\" content=\"https:\/\/locumcracovia.pl\/eng\/wp-content\/uploads\/sites\/4\/2024\/09\/Yoast-SEO-5.png\" \/>\n\t<meta property=\"og:image:width\" content=\"1200\" \/>\n\t<meta property=\"og:image:height\" content=\"675\" \/>\n\t<meta property=\"og:image:type\" content=\"image\/png\" \/>\n<meta name=\"twitter:card\" content=\"summary_large_image\" \/>\n<meta name=\"twitter:label1\" content=\"Szacowany czas czytania\" \/>\n\t<meta name=\"twitter:data1\" content=\"6 minut\" \/>\n<script type=\"application\/ld+json\" class=\"yoast-schema-graph\">{\"@context\":\"https:\/\/schema.org\",\"@graph\":[{\"@type\":\"WebPage\",\"@id\":\"https:\/\/locumcracovia.pl\/eng\/dance-workshops\/locum-cracovia-partners\/\",\"url\":\"https:\/\/locumcracovia.pl\/eng\/dance-workshops\/locum-cracovia-partners\/\",\"name\":\"LOCUM CRACOVIA partners - Locum Cracovia Eng\",\"isPartOf\":{\"@id\":\"https:\/\/locumcracovia.pl\/eng\/#website\"},\"primaryImageOfPage\":{\"@id\":\"https:\/\/locumcracovia.pl\/eng\/dance-workshops\/locum-cracovia-partners\/#primaryimage\"},\"image\":{\"@id\":\"https:\/\/locumcracovia.pl\/eng\/dance-workshops\/locum-cracovia-partners\/#primaryimage\"},\"thumbnailUrl\":\"https:\/\/locumcracovia.pl\/eng\/wp-content\/uploads\/sites\/4\/2024\/09\/Yoast-SEO-5.png\",\"datePublished\":\"2024-04-01T14:46:55+00:00\",\"dateModified\":\"2026-04-07T12:01:06+00:00\",\"description\":\"Get to know LOCUM CRACOVIA: The Beginning partners.\",\"breadcrumb\":{\"@id\":\"https:\/\/locumcracovia.pl\/eng\/dance-workshops\/locum-cracovia-partners\/#breadcrumb\"},\"inLanguage\":\"pl-PL\",\"potentialAction\":[{\"@type\":\"ReadAction\",\"target\":[\"https:\/\/locumcracovia.pl\/eng\/dance-workshops\/locum-cracovia-partners\/\"]}]},{\"@type\":\"ImageObject\",\"inLanguage\":\"pl-PL\",\"@id\":\"https:\/\/locumcracovia.pl\/eng\/dance-workshops\/locum-cracovia-partners\/#primaryimage\",\"url\":\"https:\/\/locumcracovia.pl\/eng\/wp-content\/uploads\/sites\/4\/2024\/09\/Yoast-SEO-5.png\",\"contentUrl\":\"https:\/\/locumcracovia.pl\/eng\/wp-content\/uploads\/sites\/4\/2024\/09\/Yoast-SEO-5.png\",\"width\":1200,\"height\":675},{\"@type\":\"BreadcrumbList\",\"@id\":\"https:\/\/locumcracovia.pl\/eng\/dance-workshops\/locum-cracovia-partners\/#breadcrumb\",\"itemListElement\":[{\"@type\":\"ListItem\",\"position\":1,\"name\":\"Strona g\u0142\u00f3wna\",\"item\":\"https:\/\/locumcracovia.pl\/eng\/\"},{\"@type\":\"ListItem\",\"position\":2,\"name\":\"Dance workshops\",\"item\":\"https:\/\/locumcracovia.pl\/eng\/dance-workshops\/\"},{\"@type\":\"ListItem\",\"position\":3,\"name\":\"LOCUM CRACOVIA partners\"}]},{\"@type\":\"WebSite\",\"@id\":\"https:\/\/locumcracovia.pl\/eng\/#website\",\"url\":\"https:\/\/locumcracovia.pl\/eng\/\",\"name\":\"LOCUM CRACOVIA\",\"description\":\"Warsztaty ta\u0144ca wsp\u00f3\u0142czesnego, nowoczesnego, ruchu i improwizacji\",\"publisher\":{\"@id\":\"https:\/\/locumcracovia.pl\/eng\/#organization\"},\"potentialAction\":[{\"@type\":\"SearchAction\",\"target\":{\"@type\":\"EntryPoint\",\"urlTemplate\":\"https:\/\/locumcracovia.pl\/eng\/?s={search_term_string}\"},\"query-input\":\"required name=search_term_string\"}],\"inLanguage\":\"pl-PL\"},{\"@type\":\"Organization\",\"@id\":\"https:\/\/locumcracovia.pl\/eng\/#organization\",\"name\":\"LOCUM CRACOVIA\",\"url\":\"https:\/\/locumcracovia.pl\/eng\/\",\"logo\":{\"@type\":\"ImageObject\",\"inLanguage\":\"pl-PL\",\"@id\":\"https:\/\/locumcracovia.pl\/eng\/#\/schema\/logo\/image\/\",\"url\":\"https:\/\/locumcracovia.pl\/wp-content\/uploads\/2024\/03\/Logo-1200-x-600-2-e1710600483590.png\",\"contentUrl\":\"https:\/\/locumcracovia.pl\/wp-content\/uploads\/2024\/03\/Logo-1200-x-600-2-e1710600483590.png\",\"width\":300,\"height\":150,\"caption\":\"LOCUM CRACOVIA\"},\"image\":{\"@id\":\"https:\/\/locumcracovia.pl\/eng\/#\/schema\/logo\/image\/\"},\"sameAs\":[\"https:\/\/www.facebook.com\/LOCUMCRACOVIA\",\"https:\/\/www.instagram.com\/locumcracovia\/\"]}]}<\/script>\n<!-- \/ Yoast SEO plugin. -->","yoast_head_json":{"title":"LOCUM CRACOVIA partners - Locum Cracovia Eng","description":"Get to know LOCUM CRACOVIA: The Beginning partners.","robots":{"index":"index","follow":"follow","max-snippet":"max-snippet:-1","max-image-preview":"max-image-preview:large","max-video-preview":"max-video-preview:-1"},"canonical":"https:\/\/locumcracovia.pl\/eng\/dance-workshops\/locum-cracovia-partners\/","og_locale":"pl_PL","og_type":"article","og_title":"LOCUM CRACOVIA partners - Locum Cracovia Eng","og_description":"Get to know LOCUM CRACOVIA: The Beginning partners.","og_url":"https:\/\/locumcracovia.pl\/eng\/dance-workshops\/locum-cracovia-partners\/","og_site_name":"Locum Cracovia Eng","article_publisher":"https:\/\/www.facebook.com\/LOCUMCRACOVIA","article_modified_time":"2026-04-07T12:01:06+00:00","og_image":[{"width":1200,"height":675,"url":"https:\/\/locumcracovia.pl\/eng\/wp-content\/uploads\/sites\/4\/2024\/09\/Yoast-SEO-5.png","type":"image\/png"}],"twitter_card":"summary_large_image","twitter_misc":{"Szacowany czas czytania":"6 minut"},"schema":{"@context":"https:\/\/schema.org","@graph":[{"@type":"WebPage","@id":"https:\/\/locumcracovia.pl\/eng\/dance-workshops\/locum-cracovia-partners\/","url":"https:\/\/locumcracovia.pl\/eng\/dance-workshops\/locum-cracovia-partners\/","name":"LOCUM CRACOVIA partners - Locum Cracovia Eng","isPartOf":{"@id":"https:\/\/locumcracovia.pl\/eng\/#website"},"primaryImageOfPage":{"@id":"https:\/\/locumcracovia.pl\/eng\/dance-workshops\/locum-cracovia-partners\/#primaryimage"},"image":{"@id":"https:\/\/locumcracovia.pl\/eng\/dance-workshops\/locum-cracovia-partners\/#primaryimage"},"thumbnailUrl":"https:\/\/locumcracovia.pl\/eng\/wp-content\/uploads\/sites\/4\/2024\/09\/Yoast-SEO-5.png","datePublished":"2024-04-01T14:46:55+00:00","dateModified":"2026-04-07T12:01:06+00:00","description":"Get to know LOCUM CRACOVIA: The Beginning partners.","breadcrumb":{"@id":"https:\/\/locumcracovia.pl\/eng\/dance-workshops\/locum-cracovia-partners\/#breadcrumb"},"inLanguage":"pl-PL","potentialAction":[{"@type":"ReadAction","target":["https:\/\/locumcracovia.pl\/eng\/dance-workshops\/locum-cracovia-partners\/"]}]},{"@type":"ImageObject","inLanguage":"pl-PL","@id":"https:\/\/locumcracovia.pl\/eng\/dance-workshops\/locum-cracovia-partners\/#primaryimage","url":"https:\/\/locumcracovia.pl\/eng\/wp-content\/uploads\/sites\/4\/2024\/09\/Yoast-SEO-5.png","contentUrl":"https:\/\/locumcracovia.pl\/eng\/wp-content\/uploads\/sites\/4\/2024\/09\/Yoast-SEO-5.png","width":1200,"height":675},{"@type":"BreadcrumbList","@id":"https:\/\/locumcracovia.pl\/eng\/dance-workshops\/locum-cracovia-partners\/#breadcrumb","itemListElement":[{"@type":"ListItem","position":1,"name":"Strona g\u0142\u00f3wna","item":"https:\/\/locumcracovia.pl\/eng\/"},{"@type":"ListItem","position":2,"name":"Dance workshops","item":"https:\/\/locumcracovia.pl\/eng\/dance-workshops\/"},{"@type":"ListItem","position":3,"name":"LOCUM CRACOVIA partners"}]},{"@type":"WebSite","@id":"https:\/\/locumcracovia.pl\/eng\/#website","url":"https:\/\/locumcracovia.pl\/eng\/","name":"LOCUM CRACOVIA","description":"Warsztaty ta\u0144ca wsp\u00f3\u0142czesnego, nowoczesnego, ruchu i improwizacji","publisher":{"@id":"https:\/\/locumcracovia.pl\/eng\/#organization"},"potentialAction":[{"@type":"SearchAction","target":{"@type":"EntryPoint","urlTemplate":"https:\/\/locumcracovia.pl\/eng\/?s={search_term_string}"},"query-input":"required name=search_term_string"}],"inLanguage":"pl-PL"},{"@type":"Organization","@id":"https:\/\/locumcracovia.pl\/eng\/#organization","name":"LOCUM CRACOVIA","url":"https:\/\/locumcracovia.pl\/eng\/","logo":{"@type":"ImageObject","inLanguage":"pl-PL","@id":"https:\/\/locumcracovia.pl\/eng\/#\/schema\/logo\/image\/","url":"https:\/\/locumcracovia.pl\/wp-content\/uploads\/2024\/03\/Logo-1200-x-600-2-e1710600483590.png","contentUrl":"https:\/\/locumcracovia.pl\/wp-content\/uploads\/2024\/03\/Logo-1200-x-600-2-e1710600483590.png","width":300,"height":150,"caption":"LOCUM CRACOVIA"},"image":{"@id":"https:\/\/locumcracovia.pl\/eng\/#\/schema\/logo\/image\/"},"sameAs":["https:\/\/www.facebook.com\/LOCUMCRACOVIA","https:\/\/www.instagram.com\/locumcracovia\/"]}]}},"_links":{"self":[{"href":"https:\/\/locumcracovia.pl\/eng\/wp-json\/wp\/v2\/pages\/2586"}],"collection":[{"href":"https:\/\/locumcracovia.pl\/eng\/wp-json\/wp\/v2\/pages"}],"about":[{"href":"https:\/\/locumcracovia.pl\/eng\/wp-json\/wp\/v2\/types\/page"}],"author":[{"embeddable":true,"href":"https:\/\/locumcracovia.pl\/eng\/wp-json\/wp\/v2\/users\/1"}],"replies":[{"embeddable":true,"href":"https:\/\/locumcracovia.pl\/eng\/wp-json\/wp\/v2\/comments?post=2586"}],"version-history":[{"count":42,"href":"https:\/\/locumcracovia.pl\/eng\/wp-json\/wp\/v2\/pages\/2586\/revisions"}],"predecessor-version":[{"id":3347,"href":"https:\/\/locumcracovia.pl\/eng\/wp-json\/wp\/v2\/pages\/2586\/revisions\/3347"}],"up":[{"embeddable":true,"href":"https:\/\/locumcracovia.pl\/eng\/wp-json\/wp\/v2\/pages\/2019"}],"wp:featuredmedia":[{"embeddable":true,"href":"https:\/\/locumcracovia.pl\/eng\/wp-json\/wp\/v2\/media\/2873"}],"wp:attachment":[{"href":"https:\/\/locumcracovia.pl\/eng\/wp-json\/wp\/v2\/media?parent=2586"}],"curies":[{"name":"wp","href":"https:\/\/api.w.org\/{rel}","templated":true}]}}