{"id":2019,"date":"2016-03-30T16:45:21","date_gmt":"2016-03-30T16:45:21","guid":{"rendered":"http:\/\/sandbox.curlythemes.com\/pirouette\/?page_id=8"},"modified":"2026-02-21T12:39:08","modified_gmt":"2026-02-21T12:39:08","slug":"dance-workshops","status":"publish","type":"page","link":"https:\/\/locumcracovia.pl\/eng\/dance-workshops\/","title":{"rendered":"Dance workshops"},"content":{"rendered":"<div class=\"wpb-content-wrapper\">[vc_row curly_padding=&#8221;content-padding&#8221; css=&#8221;.vc_custom_1474900238680{margin-top: 6rem !important;margin-bottom: 10rem !important;border-top-width: 10px !important;border-right-width: 10px !important;border-bottom-width: 10px !important;border-left-width: 10px !important;border-left-color: #f7f6f6 !important;border-left-style: solid !important;border-right-color: #f7f6f6 !important;border-right-style: solid !important;border-top-color: #f7f6f6 !important;border-top-style: solid !important;border-bottom-color: #f7f6f6 !important;border-bottom-style: solid !important;}&#8221;][vc_column width=&#8221;2\/3&#8243; offset=&#8221;vc_col-sm-offset-2&#8243;][vc_column_text]\n<h1><span style=\"font-weight: 400;\">LOCUM CRACOVIA 4.0 Dance Workshops<\/span><\/h1>\n<h2><span style=\"font-weight: 400;\">Contemporary, modern, movement and improvisation workshops<\/span><\/h2>\n<h3><span style=\"font-weight: 400;\">Saturday, July 25 \u2013 Sunday, July 26, 2026<\/span><\/h3>\n<div class=\"x14z9mp xat24cr x1lziwak x1vvkbs xtlvy1s\">\n<p>LOCUM CRACOVIA 4.0 is the fourth edition of the international dance event. During two days, participants will be able to participate in contemporary and modern dance, movement and improvisation workshops.<\/p>\n<\/div>\n<div class=\"x14z9mp xat24cr x1lziwak x1vvkbs xtlvy1s\">\n<p>The event will take place on Saturday and Sunday, July 25-26, 2026 in Krakow.<\/p>\n<\/div>\n<div class=\"x14z9mp xat24cr x1lziwak x1vvkbs xtlvy1s\">\n<p>Participants will take part in 16 hours of workshop classes, in two groups divided by age. Classes in each of them will be conducted at the intermediate\/advanced level. Lessons in various dance styles will be held in 2-hour blocks. They will be led by 8 teachers from Poland and abroad.<\/p>\n<\/div>\n<div class=\"x14z9mp xat24cr x1lziwak x1vvkbs xtlvy1s\">Teachers:<br class=\"html-br\" \/>1. Savea Kagan (USA)<br \/>\n2. Micha\u0142 Strugarek (Poland)<br \/>\n3. Greta Rodorigo (Italy)<br \/>\n4. Annick Schadeck (Luxemborug)<\/div>\n<div>5. Nicole Ishimaru (USA)<br \/>\n6. Yasmin Iriel Frione (Argentina)<\/div>\n[\/vc_column_text][vc_empty_space height=&#8221;4rem&#8221;][vc_row_inner][vc_column_inner width=&#8221;5\/12&#8243;][vc_column_text]\n<h3>2 activity groups to choose<\/h3>\n<h3><a class=\"btn btn-sm btn-primary\" href=\"https:\/\/locumcracovia.pl\/eng\/paths\/\">EXPLORE THE PROGRAM PATHS<\/a><\/h3>\n[\/vc_column_text][\/vc_column_inner][vc_column_inner width=&#8221;1\/2&#8243; offset=&#8221;vc_col-sm-offset-1&#8243;][vc_column_text]What&#8217;s at the workshop?<\/p>\n<ul>\n<li>Contemporary<\/li>\n<li>Floorwork<\/li>\n<li>Improvisation<\/li>\n<li>Movement<\/li>\n<li>and many, many more\u2026<\/li>\n<\/ul>\n[\/vc_column_text][\/vc_column_inner][\/vc_row_inner][\/vc_column][\/vc_row][vc_row content_placement=&#8221;middle&#8221; curly_padding=&#8221;content-padding-xs&#8221; css=&#8221;.vc_custom_1474899899434{border-bottom-width: 1px !important;padding-top: 6rem !important;border-bottom-color: #f4f4f4 !important;border-bottom-style: solid !important;}&#8221;][vc_column offset=&#8221;vc_col-sm-offset-1&#8243;][vc_column_text]\n<h2 style=\"text-align: center;\">Dance teachers<\/h2>\n[\/vc_column_text][\/vc_column][\/vc_row][vc_row full_width=&#8221;stretch_row&#8221; gap=&#8221;30&#8243; content_placement=&#8221;middle&#8221; curly_bg_repeat=&#8221;bg-no-repeat&#8221; curly_bg_position=&#8221;bg-pos-center-top&#8221; css=&#8221;.vc_custom_1711796343208{border-bottom-width: 1px !important;background-color: #ffffff !important;background-position: center !important;background-repeat: no-repeat !important;background-size: cover !important;border-bottom-color: #f4f4f4 !important;}&#8221;][vc_column width=&#8221;1\/4&#8243;][vc_single_image image=&#8221;3258&#8243; img_size=&#8221;large&#8221; onclick=&#8221;custom_link&#8221; el_class=&#8221;img-frame-large&#8221; link=&#8221;https:\/\/locumcracovia.pl\/eng\/teachers\/savea-kagan\/&#8221;][vc_column_text]\n<h4 style=\"text-align: center;\"><a href=\"https:\/\/locumcracovia.pl\/eng\/teachers\/savea-kagan\/\"><span style=\"color: #c9ac8c;\">Savea Kagan<\/span><\/a><\/h4>\n[\/vc_column_text][\/vc_column][vc_column width=&#8221;1\/4&#8243;][vc_single_image image=&#8221;3267&#8243; img_size=&#8221;large&#8221; onclick=&#8221;custom_link&#8221; el_class=&#8221;img-frame-large&#8221; link=&#8221;https:\/\/locumcracovia.pl\/eng\/teachers\/michal-strugarek\/&#8221;][vc_column_text]\n<h4 style=\"text-align: center;\"><a href=\"https:\/\/locumcracovia.pl\/eng\/teachers\/michal-strugarek\/\"><span style=\"color: #c9ac8c;\">Micha\u0142 Strugarek<\/span><\/a><\/h4>\n[\/vc_column_text][\/vc_column][vc_column width=&#8221;1\/4&#8243;][vc_single_image image=&#8221;3274&#8243; img_size=&#8221;large&#8221; onclick=&#8221;custom_link&#8221; el_class=&#8221;img-frame-large&#8221; link=&#8221;https:\/\/locumcracovia.pl\/eng\/teachers\/greta-rodorigo\/&#8221;][vc_column_text]\n<h4 style=\"text-align: center;\"><a href=\"https:\/\/locumcracovia.pl\/eng\/teachers\/greta-rodorigo\/\"><span style=\"color: #c9ac8c;\">Greta Rodorigo<\/span><\/a><\/h4>\n[\/vc_column_text][\/vc_column][vc_column width=&#8221;1\/4&#8243;][vc_single_image image=&#8221;3319&#8243; img_size=&#8221;large&#8221; onclick=&#8221;custom_link&#8221; el_class=&#8221;img-frame-large&#8221; link=&#8221;https:\/\/locumcracovia.pl\/eng\/teachers\/yasmin-iriel-frione\/&#8221;][vc_column_text]\n<h4 style=\"text-align: center;\"><a href=\"https:\/\/locumcracovia.pl\/eng\/teachers\/yasmin-iriel-frione\/\"><span style=\"color: #c9ac8c;\">Yasmin Iriel Frione<\/span><\/a><\/h4>\n[\/vc_column_text][\/vc_column][\/vc_row][vc_row full_width=&#8221;stretch_row&#8221; gap=&#8221;30&#8243; content_placement=&#8221;middle&#8221; curly_bg_repeat=&#8221;bg-no-repeat&#8221; curly_bg_position=&#8221;bg-pos-center-top&#8221; css=&#8221;.vc_custom_1711796343208{border-bottom-width: 1px !important;background-color: #ffffff !important;background-position: center !important;background-repeat: no-repeat !important;background-size: cover !important;border-bottom-color: #f4f4f4 !important;}&#8221;][vc_column width=&#8221;1\/4&#8243;][vc_single_image image=&#8221;3303&#8243; img_size=&#8221;large&#8221; onclick=&#8221;custom_link&#8221; el_class=&#8221;img-frame-large&#8221; link=&#8221;https:\/\/locumcracovia.pl\/eng\/teachers\/annick-schadeck\/&#8221;][vc_column_text]\n<h4 style=\"text-align: center;\"><a href=\"https:\/\/locumcracovia.pl\/eng\/teachers\/annick-schadeck\/\"><span style=\"color: #c9ac8c;\">Annick Schadeck<\/span><\/a><\/h4>\n[\/vc_column_text][\/vc_column][vc_column width=&#8221;1\/4&#8243;][vc_single_image image=&#8221;3309&#8243; img_size=&#8221;large&#8221; onclick=&#8221;custom_link&#8221; el_class=&#8221;img-frame-large&#8221; link=&#8221;https:\/\/locumcracovia.pl\/eng\/teachers\/nicole-ishimaru\/&#8221;][vc_column_text]\n<h4 style=\"text-align: center;\"><a href=\"https:\/\/locumcracovia.pl\/eng\/teachers\/nicole-ishimaru\/\"><span style=\"color: #c9ac8c;\">Nicole Ishimaru<\/span><\/a><\/h4>\n[\/vc_column_text][\/vc_column][vc_column width=&#8221;1\/4&#8243;][vc_single_image image=&#8221;2282&#8243; img_size=&#8221;large&#8221; onclick=&#8221;custom_link&#8221; el_class=&#8221;img-frame-large&#8221; link=&#8221;https:\/\/locumcracovia.pl\/eng\/dance-workshops\/katarzyna-zakrzewska\/&#8221;][vc_column_text]\n<h4 style=\"text-align: center;\"><span style=\"color: #c9ac8c;\">TBA<\/span><\/h4>\n[\/vc_column_text][\/vc_column][vc_column width=&#8221;1\/4&#8243;][vc_single_image image=&#8221;2282&#8243; img_size=&#8221;large&#8221; onclick=&#8221;custom_link&#8221; el_class=&#8221;img-frame-large&#8221; link=&#8221;https:\/\/locumcracovia.pl\/eng\/dance-workshops\/katarzyna-zakrzewska\/&#8221;][vc_column_text]\n<h4 style=\"text-align: center;\"><span style=\"color: #c9ac8c;\">TBA<\/span><\/h4>\n[\/vc_column_text][\/vc_column][\/vc_row][vc_row content_placement=&#8221;middle&#8221; curly_padding=&#8221;content-padding-xs&#8221; css=&#8221;.vc_custom_1474899899434{border-bottom-width: 1px !important;padding-top: 6rem !important;border-bottom-color: #f4f4f4 !important;border-bottom-style: solid !important;}&#8221;][vc_column offset=&#8221;vc_col-sm-offset-1&#8243;][vc_column_text]\n<h2 style=\"text-align: center;\">Tickets<\/h2>\n[\/vc_column_text][\/vc_column][\/vc_row][vc_row][vc_column width=&#8221;1\/3&#8243;][vc_pricing_table heading=&#8221;Early Bird&#8221; subheading=&#8221;LOCUM CRACOVIA Dance Workshops&#8221; currency=&#8221;PLN&#8221; price=&#8221;1100&#8243; period=&#8221;\/2 days&#8221; markers_color=&#8221;#c9ac8c&#8221; btn_title=&#8221;Available from February 1st&#8221; btn_color=&#8221;chino&#8221; btn_link=&#8221;url:https%3A%2F%2Fkicket.com%2Fembedded%2Frezerwacja%2F334893%3FsalesChannelId%3D665aa50d-370f-4bae-a97d-0560fe007850%26language%3Den&#8221; css=&#8221;.vc_custom_1769354127473{background-color: #bcbcbc !important;}&#8221;]\n<ul class=\"wpb-plan-features\">\n<li>Admission to 2-day dance workshops in Krakow (July 25 and 26, 2026)<\/li>\n<li>16 hours of classes in 8 lessons with 8 instructors from Poland and other countries<\/li>\n<li>Access to photo\/video materials from event<\/li>\n<\/ul>\n[\/vc_pricing_table][\/vc_column][vc_column width=&#8221;1\/3&#8243;][vc_pricing_table heading=&#8221;Regular&#8221; subheading=&#8221;LOCUM CRACOVIA Dance Workshops&#8221; currency=&#8221;PLN&#8221; price=&#8221;1150&#8243; period=&#8221;\/2 days&#8221; markers_color=&#8221;#c9ac8c&#8221; btn_title=&#8221;Available from April 1st&#8221; btn_color=&#8221;chino&#8221; btn_link=&#8221;url:%23|title:BUY%20NOW!&#8221; css=&#8221;.vc_custom_1767962573442{background-color: #8c8c8c !important;}&#8221;]\n<ul class=\"wpb-plan-features\">\n<li>Admission to 2-day dance workshops in Krakow (July 25 and 26, 2026)<\/li>\n<li>16 hours of classes in 8 lessons with 8 instructors from Poland and other countries<\/li>\n<li>Access to photo\/video materials from event<\/li>\n<\/ul>\n[\/vc_pricing_table][\/vc_column][vc_column width=&#8221;1\/3&#8243;][vc_pricing_table heading=&#8221;Last Minute&#8221; subheading=&#8221;LOCUM CRACOVIA Dance Workshops&#8221; currency=&#8221;PLN&#8221; price=&#8221;1250&#8243; period=&#8221;\/2 days&#8221; markers_color=&#8221;#c9ac8c&#8221; btn_title=&#8221;Available from June 1st&#8221; btn_color=&#8221;chino&#8221; btn_link=&#8221;url:%23|title:BUY%20NOW&#8221; css=&#8221;.vc_custom_1767962668967{background-color: #5e5e5e !important;}&#8221;]\n<ul class=\"wpb-plan-features\">\n<li><span style=\"color: #ffffff;\">Admission to 2-day dance workshops in Krakow (July 25 and 26, 2026)<\/span><\/li>\n<li><span style=\"color: #ffffff;\">16 hours of classes in 8 lessons with 8 instructors from Poland and other countries<\/span><\/li>\n<li><span style=\"color: #ffffff;\">Access to photo\/video materials from events<\/span><\/li>\n<\/ul>\n[\/vc_pricing_table][\/vc_column][\/vc_row][vc_row content_placement=&#8221;middle&#8221; curly_padding=&#8221;content-padding-xs&#8221; css=&#8221;.vc_custom_1474899899434{border-bottom-width: 1px !important;padding-top: 6rem !important;border-bottom-color: #f4f4f4 !important;border-bottom-style: solid !important;}&#8221;][vc_column width=&#8221;5\/12&#8243; offset=&#8221;vc_col-sm-offset-1&#8243;][vc_single_image image=&#8221;2963&#8243; img_size=&#8221;large&#8221; style=&#8221;img-frame-large&#8221;][\/vc_column][vc_column width=&#8221;1\/3&#8243; offset=&#8221;vc_col-sm-offset-1&#8243;][vc_column_text]\n<h2><b>These workshops are emotions<\/b><\/h2>\n<p>We believe that dance is not only a technique, but above all a way of expressing yourself and feelings. At the event, we want to create a space where participants can freely explore the range of emotions, from joy and excitement to sadness and melancholy. Classes at LOCUM CRACOVIA will not only be a body workout, but also a journey through the world of emotions and sensations.[\/vc_column_text][\/vc_column][\/vc_row][vc_row full_width=&#8221;stretch_row&#8221; content_placement=&#8221;middle&#8221; curly_padding=&#8221;content-padding-xs&#8221; css=&#8221;.vc_custom_1474899907568{border-bottom-width: 1px !important;padding-bottom: 6rem !important;border-bottom-color: #f4f4f4 !important;border-bottom-style: solid !important;}&#8221;][vc_column width=&#8221;1\/3&#8243; offset=&#8221;vc_col-sm-offset-1&#8243;][vc_column_text]\n<h2>These workshops are knowledge and practice<\/h2>\n<p><span style=\"font-weight: 400;\">We believe that knowledge is the key to the development of every dancer. We strive for our participants to become not only better dancers, but also more conscious and versatile beings. LOCUM CRACOVIA workshops are based on the rich dance experience of instructors. We want every participant of the event to gain dance skills, a fresh look at movement, compositions and shapes, as well as to draw from the various experiences and experiences of the hosts.<\/span>[\/vc_column_text][\/vc_column][vc_column width=&#8221;5\/12&#8243; offset=&#8221;vc_col-sm-offset-1&#8243;][vc_single_image image=&#8221;2964&#8243; img_size=&#8221;large&#8221; style=&#8221;img-frame-large&#8221;][\/vc_column][\/vc_row][vc_row content_placement=&#8221;middle&#8221; curly_padding=&#8221;content-padding-xs&#8221; css=&#8221;.vc_custom_1474899899434{border-bottom-width: 1px !important;padding-top: 6rem !important;border-bottom-color: #f4f4f4 !important;border-bottom-style: solid !important;}&#8221;][vc_column width=&#8221;5\/12&#8243; offset=&#8221;vc_col-sm-offset-1&#8243;][vc_single_image image=&#8221;2965&#8243; img_size=&#8221;large&#8221; style=&#8221;img-frame-large&#8221;][\/vc_column][vc_column width=&#8221;1\/3&#8243; offset=&#8221;vc_col-sm-offset-1&#8243;][vc_column_text]\n<h2><b>These workshops are diversity<\/b><\/h2>\n<p><span style=\"font-weight: 400;\">At LOCUM CRACOVIA, we draw from a variety of dance styles and techniques to provide our participants with a full and varied experience. Our workshops are a place where everyone can feel free and experiment, which helps create an inspiring and friendly atmosphere.<\/span>[\/vc_column_text][\/vc_column][\/vc_row]\n<\/div>","protected":false},"excerpt":{"rendered":"<p>[vc_row curly_padding=&#8221;content-padding&#8221; css=&#8221;.vc_custom_1474900238680{margin-top: 6rem !important;margin-bottom: 10rem !important;border-top-width: 10px !important;border-right-width: 10px !important;border-bottom-width: 10px !important;border-left-width: 10px !important;border-left-color: #f7f6f6 !important;border-left-style: solid !important;border-right-color: #f7f6f6 !important;border-right-style: solid !important;border-top-color: #f7f6f6 !important;border-top-style: solid !important;border-bottom-color: #f7f6f6 !important;border-bottom-style: solid !important;}&#8221;][vc_column width=&#8221;2\/3&#8243; offset=&#8221;vc_col-sm-offset-2&#8243;][vc_column_text] LOCUM CRACOVIA 4.0 Dance Workshops Contemporary, modern, movement and improvisation workshops Saturday, July 25 \u2013 Sunday, July 26, 2026 LOCUM CRACOVIA 4.0 is the fourth edition of [&hellip;]<\/p>\n","protected":false},"author":1,"featured_media":2966,"parent":0,"menu_order":0,"comment_status":"closed","ping_status":"closed","template":"","meta":{"footnotes":""},"yoast_head":"<!-- This site is optimized with the Yoast SEO plugin v23.0 - https:\/\/yoast.com\/wordpress\/plugins\/seo\/ -->\n<title>Dance workshops - Locum Cracovia Eng<\/title>\n<meta name=\"description\" content=\"LOCUM CRACOVIA is dance workshops where the art of contemporary and modern dance, movement and improvisation come together.\" \/>\n<meta name=\"robots\" content=\"index, follow, max-snippet:-1, max-image-preview:large, max-video-preview:-1\" \/>\n<link rel=\"canonical\" href=\"https:\/\/locumcracovia.pl\/eng\/dance-workshops\/\" \/>\n<meta property=\"og:locale\" content=\"pl_PL\" \/>\n<meta property=\"og:type\" content=\"article\" \/>\n<meta property=\"og:title\" content=\"Dance workshops - Locum Cracovia Eng\" \/>\n<meta property=\"og:description\" content=\"LOCUM CRACOVIA is dance workshops where the art of contemporary and modern dance, movement and improvisation come together.\" \/>\n<meta property=\"og:url\" content=\"https:\/\/locumcracovia.pl\/eng\/dance-workshops\/\" \/>\n<meta property=\"og:site_name\" content=\"Locum Cracovia Eng\" \/>\n<meta property=\"article:publisher\" content=\"https:\/\/www.facebook.com\/LOCUMCRACOVIA\" \/>\n<meta property=\"article:modified_time\" content=\"2026-02-21T12:39:08+00:00\" \/>\n<meta property=\"og:image\" content=\"https:\/\/locumcracovia.pl\/eng\/wp-content\/uploads\/sites\/4\/2025\/02\/Yoast-SEO-1.png\" \/>\n\t<meta property=\"og:image:width\" content=\"1200\" \/>\n\t<meta property=\"og:image:height\" content=\"675\" \/>\n\t<meta property=\"og:image:type\" content=\"image\/png\" \/>\n<meta name=\"twitter:card\" content=\"summary_large_image\" \/>\n<meta name=\"twitter:label1\" content=\"Szacowany czas czytania\" \/>\n\t<meta name=\"twitter:data1\" content=\"7 minut\" \/>\n<script type=\"application\/ld+json\" class=\"yoast-schema-graph\">{\"@context\":\"https:\/\/schema.org\",\"@graph\":[{\"@type\":\"WebPage\",\"@id\":\"https:\/\/locumcracovia.pl\/eng\/dance-workshops\/\",\"url\":\"https:\/\/locumcracovia.pl\/eng\/dance-workshops\/\",\"name\":\"Dance workshops - Locum Cracovia Eng\",\"isPartOf\":{\"@id\":\"https:\/\/locumcracovia.pl\/eng\/#website\"},\"primaryImageOfPage\":{\"@id\":\"https:\/\/locumcracovia.pl\/eng\/dance-workshops\/#primaryimage\"},\"image\":{\"@id\":\"https:\/\/locumcracovia.pl\/eng\/dance-workshops\/#primaryimage\"},\"thumbnailUrl\":\"https:\/\/locumcracovia.pl\/eng\/wp-content\/uploads\/sites\/4\/2025\/02\/Yoast-SEO-1.png\",\"datePublished\":\"2016-03-30T16:45:21+00:00\",\"dateModified\":\"2026-02-21T12:39:08+00:00\",\"description\":\"LOCUM CRACOVIA is dance workshops where the art of contemporary and modern dance, movement and improvisation come together.\",\"breadcrumb\":{\"@id\":\"https:\/\/locumcracovia.pl\/eng\/dance-workshops\/#breadcrumb\"},\"inLanguage\":\"pl-PL\",\"potentialAction\":[{\"@type\":\"ReadAction\",\"target\":[\"https:\/\/locumcracovia.pl\/eng\/dance-workshops\/\"]}]},{\"@type\":\"ImageObject\",\"inLanguage\":\"pl-PL\",\"@id\":\"https:\/\/locumcracovia.pl\/eng\/dance-workshops\/#primaryimage\",\"url\":\"https:\/\/locumcracovia.pl\/eng\/wp-content\/uploads\/sites\/4\/2025\/02\/Yoast-SEO-1.png\",\"contentUrl\":\"https:\/\/locumcracovia.pl\/eng\/wp-content\/uploads\/sites\/4\/2025\/02\/Yoast-SEO-1.png\",\"width\":1200,\"height\":675,\"caption\":\"LOCUM CRACOVIA\"},{\"@type\":\"BreadcrumbList\",\"@id\":\"https:\/\/locumcracovia.pl\/eng\/dance-workshops\/#breadcrumb\",\"itemListElement\":[{\"@type\":\"ListItem\",\"position\":1,\"name\":\"Strona g\u0142\u00f3wna\",\"item\":\"https:\/\/locumcracovia.pl\/eng\/\"},{\"@type\":\"ListItem\",\"position\":2,\"name\":\"Dance workshops\"}]},{\"@type\":\"WebSite\",\"@id\":\"https:\/\/locumcracovia.pl\/eng\/#website\",\"url\":\"https:\/\/locumcracovia.pl\/eng\/\",\"name\":\"LOCUM CRACOVIA\",\"description\":\"Warsztaty ta\u0144ca wsp\u00f3\u0142czesnego, nowoczesnego, ruchu i improwizacji\",\"publisher\":{\"@id\":\"https:\/\/locumcracovia.pl\/eng\/#organization\"},\"potentialAction\":[{\"@type\":\"SearchAction\",\"target\":{\"@type\":\"EntryPoint\",\"urlTemplate\":\"https:\/\/locumcracovia.pl\/eng\/?s={search_term_string}\"},\"query-input\":\"required name=search_term_string\"}],\"inLanguage\":\"pl-PL\"},{\"@type\":\"Organization\",\"@id\":\"https:\/\/locumcracovia.pl\/eng\/#organization\",\"name\":\"LOCUM CRACOVIA\",\"url\":\"https:\/\/locumcracovia.pl\/eng\/\",\"logo\":{\"@type\":\"ImageObject\",\"inLanguage\":\"pl-PL\",\"@id\":\"https:\/\/locumcracovia.pl\/eng\/#\/schema\/logo\/image\/\",\"url\":\"https:\/\/locumcracovia.pl\/wp-content\/uploads\/2024\/03\/Logo-1200-x-600-2-e1710600483590.png\",\"contentUrl\":\"https:\/\/locumcracovia.pl\/wp-content\/uploads\/2024\/03\/Logo-1200-x-600-2-e1710600483590.png\",\"width\":300,\"height\":150,\"caption\":\"LOCUM CRACOVIA\"},\"image\":{\"@id\":\"https:\/\/locumcracovia.pl\/eng\/#\/schema\/logo\/image\/\"},\"sameAs\":[\"https:\/\/www.facebook.com\/LOCUMCRACOVIA\",\"https:\/\/www.instagram.com\/locumcracovia\/\"]}]}<\/script>\n<!-- \/ Yoast SEO plugin. -->","yoast_head_json":{"title":"Dance workshops - Locum Cracovia Eng","description":"LOCUM CRACOVIA is dance workshops where the art of contemporary and modern dance, movement and improvisation come together.","robots":{"index":"index","follow":"follow","max-snippet":"max-snippet:-1","max-image-preview":"max-image-preview:large","max-video-preview":"max-video-preview:-1"},"canonical":"https:\/\/locumcracovia.pl\/eng\/dance-workshops\/","og_locale":"pl_PL","og_type":"article","og_title":"Dance workshops - Locum Cracovia Eng","og_description":"LOCUM CRACOVIA is dance workshops where the art of contemporary and modern dance, movement and improvisation come together.","og_url":"https:\/\/locumcracovia.pl\/eng\/dance-workshops\/","og_site_name":"Locum Cracovia Eng","article_publisher":"https:\/\/www.facebook.com\/LOCUMCRACOVIA","article_modified_time":"2026-02-21T12:39:08+00:00","og_image":[{"width":1200,"height":675,"url":"https:\/\/locumcracovia.pl\/eng\/wp-content\/uploads\/sites\/4\/2025\/02\/Yoast-SEO-1.png","type":"image\/png"}],"twitter_card":"summary_large_image","twitter_misc":{"Szacowany czas czytania":"7 minut"},"schema":{"@context":"https:\/\/schema.org","@graph":[{"@type":"WebPage","@id":"https:\/\/locumcracovia.pl\/eng\/dance-workshops\/","url":"https:\/\/locumcracovia.pl\/eng\/dance-workshops\/","name":"Dance workshops - Locum Cracovia Eng","isPartOf":{"@id":"https:\/\/locumcracovia.pl\/eng\/#website"},"primaryImageOfPage":{"@id":"https:\/\/locumcracovia.pl\/eng\/dance-workshops\/#primaryimage"},"image":{"@id":"https:\/\/locumcracovia.pl\/eng\/dance-workshops\/#primaryimage"},"thumbnailUrl":"https:\/\/locumcracovia.pl\/eng\/wp-content\/uploads\/sites\/4\/2025\/02\/Yoast-SEO-1.png","datePublished":"2016-03-30T16:45:21+00:00","dateModified":"2026-02-21T12:39:08+00:00","description":"LOCUM CRACOVIA is dance workshops where the art of contemporary and modern dance, movement and improvisation come together.","breadcrumb":{"@id":"https:\/\/locumcracovia.pl\/eng\/dance-workshops\/#breadcrumb"},"inLanguage":"pl-PL","potentialAction":[{"@type":"ReadAction","target":["https:\/\/locumcracovia.pl\/eng\/dance-workshops\/"]}]},{"@type":"ImageObject","inLanguage":"pl-PL","@id":"https:\/\/locumcracovia.pl\/eng\/dance-workshops\/#primaryimage","url":"https:\/\/locumcracovia.pl\/eng\/wp-content\/uploads\/sites\/4\/2025\/02\/Yoast-SEO-1.png","contentUrl":"https:\/\/locumcracovia.pl\/eng\/wp-content\/uploads\/sites\/4\/2025\/02\/Yoast-SEO-1.png","width":1200,"height":675,"caption":"LOCUM CRACOVIA"},{"@type":"BreadcrumbList","@id":"https:\/\/locumcracovia.pl\/eng\/dance-workshops\/#breadcrumb","itemListElement":[{"@type":"ListItem","position":1,"name":"Strona g\u0142\u00f3wna","item":"https:\/\/locumcracovia.pl\/eng\/"},{"@type":"ListItem","position":2,"name":"Dance workshops"}]},{"@type":"WebSite","@id":"https:\/\/locumcracovia.pl\/eng\/#website","url":"https:\/\/locumcracovia.pl\/eng\/","name":"LOCUM CRACOVIA","description":"Warsztaty ta\u0144ca wsp\u00f3\u0142czesnego, nowoczesnego, ruchu i improwizacji","publisher":{"@id":"https:\/\/locumcracovia.pl\/eng\/#organization"},"potentialAction":[{"@type":"SearchAction","target":{"@type":"EntryPoint","urlTemplate":"https:\/\/locumcracovia.pl\/eng\/?s={search_term_string}"},"query-input":"required name=search_term_string"}],"inLanguage":"pl-PL"},{"@type":"Organization","@id":"https:\/\/locumcracovia.pl\/eng\/#organization","name":"LOCUM CRACOVIA","url":"https:\/\/locumcracovia.pl\/eng\/","logo":{"@type":"ImageObject","inLanguage":"pl-PL","@id":"https:\/\/locumcracovia.pl\/eng\/#\/schema\/logo\/image\/","url":"https:\/\/locumcracovia.pl\/wp-content\/uploads\/2024\/03\/Logo-1200-x-600-2-e1710600483590.png","contentUrl":"https:\/\/locumcracovia.pl\/wp-content\/uploads\/2024\/03\/Logo-1200-x-600-2-e1710600483590.png","width":300,"height":150,"caption":"LOCUM CRACOVIA"},"image":{"@id":"https:\/\/locumcracovia.pl\/eng\/#\/schema\/logo\/image\/"},"sameAs":["https:\/\/www.facebook.com\/LOCUMCRACOVIA","https:\/\/www.instagram.com\/locumcracovia\/"]}]}},"_links":{"self":[{"href":"https:\/\/locumcracovia.pl\/eng\/wp-json\/wp\/v2\/pages\/2019"}],"collection":[{"href":"https:\/\/locumcracovia.pl\/eng\/wp-json\/wp\/v2\/pages"}],"about":[{"href":"https:\/\/locumcracovia.pl\/eng\/wp-json\/wp\/v2\/types\/page"}],"author":[{"embeddable":true,"href":"https:\/\/locumcracovia.pl\/eng\/wp-json\/wp\/v2\/users\/1"}],"replies":[{"embeddable":true,"href":"https:\/\/locumcracovia.pl\/eng\/wp-json\/wp\/v2\/comments?post=2019"}],"version-history":[{"count":116,"href":"https:\/\/locumcracovia.pl\/eng\/wp-json\/wp\/v2\/pages\/2019\/revisions"}],"predecessor-version":[{"id":3330,"href":"https:\/\/locumcracovia.pl\/eng\/wp-json\/wp\/v2\/pages\/2019\/revisions\/3330"}],"wp:featuredmedia":[{"embeddable":true,"href":"https:\/\/locumcracovia.pl\/eng\/wp-json\/wp\/v2\/media\/2966"}],"wp:attachment":[{"href":"https:\/\/locumcracovia.pl\/eng\/wp-json\/wp\/v2\/media?parent=2019"}],"curies":[{"name":"wp","href":"https:\/\/api.w.org\/{rel}","templated":true}]}}