{"id":2017,"date":"2016-03-30T13:03:29","date_gmt":"2016-03-30T13:03:29","guid":{"rendered":"http:\/\/sandbox.curlythemes.com\/pirouette\/?page_id=2"},"modified":"2026-04-07T11:59:03","modified_gmt":"2026-04-07T11:59:03","slug":"locum-cracovia-2-day-dance-workshops-in-krakow-with-instructors-from-poland-and-other-countires-7-8th-december-2024-krakow-poland","status":"publish","type":"page","link":"https:\/\/locumcracovia.pl\/eng\/","title":{"rendered":"LOCUM CRACOVIA"},"content":{"rendered":"<div class=\"wpb-content-wrapper\">[vc_row full_width=&#8221;stretch_row&#8221; content_placement=&#8221;middle&#8221; curly_bg_repeat=&#8221;bg-no-repeat&#8221; curly_padding=&#8221;content-padding-none&#8221; curly_parallax_parent=&#8221;true&#8221; curly_section_title=&#8221;SPACE&#8221; css=&#8221;.vc_custom_1721838469882{background-image: url(https:\/\/locumcracovia.pl\/wp-content\/uploads\/2016\/03\/home-dancer-1.jpg?id=1931) !important;}&#8221;][vc_column width=&#8221;1\/2&#8243; offset=&#8221;vc_col-lg-offset-1 vc_col-lg-8 vc_col-md-offset-0 vc_col-md-8 vc_col-xs-12&#8243; curly_parallax_parent=&#8221;&#8221; curly_parallax_offset=&#8221;&#8221;][vc_single_image image=&#8221;2924&#8243; img_size=&#8221;large&#8221; curly_layer_parallax=&#8221;true&#8221; curly_max_width=&#8221;30rem&#8221; curly_layer_1_vertical=&#8221;top: 45rem&#8221; curly_layer_1_horizontal=&#8221;right:20%&#8221; curly_layer_1_ratio=&#8221;1.2&#8243; el_class=&#8221;img-frame-large&#8221;][vc_single_image image=&#8221;2925&#8243; img_size=&#8221;large&#8221; curly_layer_parallax=&#8221;true&#8221; el_class=&#8221;img-frame-large&#8221; curly_layer_1_vertical=&#8221;top: 70rem&#8221; curly_layer_1_horizontal=&#8221;left: 0&#8243; curly_layer_1_ratio=&#8221;1.35&#8243; curly_max_width=&#8221;18rem&#8221;][\/vc_column][vc_column width=&#8221;1\/2&#8243; curly_padding=&#8221;content-padding-xxl&#8221; offset=&#8221;vc_col-lg-3 vc_col-md-4 vc_col-xs-12&#8243; curly_parallax_parent=&#8221;true&#8221;][vc_column_text]\n<h2 class=\"special-title\" style=\"color: white;\"><em>LOCUM<\/em><strong>Is Space.<\/strong> Space is nothing without the people who fill it.<small>Join us<\/small><\/h2>\n<p><span style=\"color: white;\"><br \/>\nWhere history intertwines with the present, you will find a space to learn to dance. These workshops are a place where the air is filled with energy and the light flickers in the rhythm of your breathing.<\/span><\/p>\n<p>&nbsp;<\/p>\n<p>LOCUM CRACOVIA is an event where the art of contemporary and modern dance, movement and improvisation combine into a programmatic whole, creating a space full of knowledge, experience, practice, passion and expression. We believe that every step in life, including dancing, is a new experience.<\/p>\n<p><span style=\"color: white;\">\u00a0<\/span>[\/vc_column_text][\/vc_column][\/vc_row][vc_row full_width=&#8221;stretch_row&#8221; content_placement=&#8221;middle&#8221;][vc_column][vc_column_text]\n<h2 style=\"text-align: center;\"><span style=\"color: #ffffff;\">Teachers<\/span><\/h2>\n[\/vc_column_text][vc_row_inner content_placement=&#8221;middle&#8221; gap=&#8221;30&#8243; css=&#8221;.vc_custom_1738488846081{background-position: center !important;background-repeat: no-repeat !important;background-size: cover !important;}&#8221;][vc_column_inner width=&#8221;1\/4&#8243; css=&#8221;.vc_custom_1725003802278{background-position: center !important;background-repeat: no-repeat !important;background-size: cover !important;}&#8221;][vc_single_image image=&#8221;3258&#8243; img_size=&#8221;large&#8221; onclick=&#8221;custom_link&#8221; el_class=&#8221;img-frame-large&#8221; link=&#8221;https:\/\/locumcracovia.pl\/eng\/teachers\/savea-kagan\/&#8221;][vc_column_text el_class=&#8221;img-frame-large&#8221;]\n<h4 style=\"text-align: center;\"><a href=\"https:\/\/locumcracovia.pl\/eng\/teachers\/savea-kagan\/\"><span style=\"color: #c9ac8c;\">Savea Kagan<\/span><\/a><\/h4>\n[\/vc_column_text][\/vc_column_inner][vc_column_inner width=&#8221;1\/4&#8243; css=&#8221;.vc_custom_1725003864854{background-position: center !important;background-repeat: no-repeat !important;background-size: cover !important;}&#8221;][vc_single_image image=&#8221;3267&#8243; img_size=&#8221;large&#8221; onclick=&#8221;custom_link&#8221; el_class=&#8221;img-frame-large&#8221; link=&#8221;https:\/\/locumcracovia.pl\/eng\/teachers\/michal-strugarek\/&#8221;][vc_column_text el_class=&#8221;img-frame-large&#8221;]\n<h4 style=\"text-align: center;\"><a href=\"https:\/\/locumcracovia.pl\/eng\/teachers\/michal-strugarek\/\"><span style=\"color: #c9ac8c;\">Micha\u0142 Strugarek<\/span><\/a><\/h4>\n[\/vc_column_text][\/vc_column_inner][vc_column_inner width=&#8221;1\/4&#8243; css=&#8221;.vc_custom_1725003873802{background-position: center !important;background-repeat: no-repeat !important;background-size: cover !important;}&#8221;][vc_single_image image=&#8221;3274&#8243; img_size=&#8221;large&#8221; onclick=&#8221;custom_link&#8221; el_class=&#8221;img-frame-large&#8221; link=&#8221;https:\/\/locumcracovia.pl\/eng\/teachers\/greta-rodorigo\/&#8221;][vc_column_text el_class=&#8221;img-frame-large&#8221;]\n<h4 style=\"text-align: center;\"><a href=\"https:\/\/locumcracovia.pl\/eng\/teachers\/greta-rodorigo\/\"><span style=\"color: #c9ac8c;\">Greta Rodorigo<\/span><\/a><\/h4>\n[\/vc_column_text][\/vc_column_inner][vc_column_inner width=&#8221;1\/4&#8243;][vc_single_image image=&#8221;3319&#8243; img_size=&#8221;large&#8221; onclick=&#8221;custom_link&#8221; el_class=&#8221;img-frame-large&#8221; link=&#8221;https:\/\/locumcracovia.pl\/eng\/teachers\/yasmin-iriel-frione\/&#8221;][vc_column_text el_class=&#8221;img-frame-large&#8221;]\n<h4 style=\"text-align: center;\"><a href=\"https:\/\/locumcracovia.pl\/eng\/teachers\/yasmin-iriel-frione\/\"><span style=\"color: #c9ac8c;\">Yasmin Iriel Frione<\/span><\/a><\/h4>\n[\/vc_column_text][\/vc_column_inner][\/vc_row_inner][vc_row_inner content_placement=&#8221;middle&#8221; gap=&#8221;30&#8243; css=&#8221;.vc_custom_1738488846081{background-position: center !important;background-repeat: no-repeat !important;background-size: cover !important;}&#8221;][vc_column_inner width=&#8221;1\/4&#8243; css=&#8221;.vc_custom_1725003802278{background-position: center !important;background-repeat: no-repeat !important;background-size: cover !important;}&#8221;][vc_single_image image=&#8221;3303&#8243; img_size=&#8221;large&#8221; onclick=&#8221;custom_link&#8221; el_class=&#8221;img-frame-large&#8221; link=&#8221;https:\/\/locumcracovia.pl\/eng\/teachers\/annick-schadeck\/&#8221;][vc_column_text el_class=&#8221;img-frame-large&#8221;]\n<h4 style=\"text-align: center;\"><a href=\"https:\/\/locumcracovia.pl\/eng\/teachers\/annick-schadeck\/\"><span style=\"color: #c9ac8c;\">Annick Schadeck<\/span><\/a><\/h4>\n[\/vc_column_text][\/vc_column_inner][vc_column_inner width=&#8221;1\/4&#8243; css=&#8221;.vc_custom_1725003864854{background-position: center !important;background-repeat: no-repeat !important;background-size: cover !important;}&#8221;][vc_single_image image=&#8221;3309&#8243; img_size=&#8221;large&#8221; onclick=&#8221;custom_link&#8221; el_class=&#8221;img-frame-large&#8221; link=&#8221;https:\/\/locumcracovia.pl\/eng\/teachers\/nicole-ishimaru\/&#8221;][vc_column_text el_class=&#8221;img-frame-large&#8221;]\n<h4 style=\"text-align: center;\"><a href=\"https:\/\/locumcracovia.pl\/eng\/teachers\/nicole-ishimaru\/\"><span style=\"color: #c9ac8c;\">Nicole Ishimaru<\/span><\/a><\/h4>\n[\/vc_column_text][\/vc_column_inner][vc_column_inner width=&#8221;1\/4&#8243; css=&#8221;.vc_custom_1725003873802{background-position: center !important;background-repeat: no-repeat !important;background-size: cover !important;}&#8221;][vc_single_image image=&#8221;2282&#8243; img_size=&#8221;large&#8221; onclick=&#8221;custom_link&#8221; el_class=&#8221;img-frame-large&#8221; link=&#8221;https:\/\/locumcracovia.pl\/eng\/dance-workshops\/lukasz-zieba\/&#8221;][vc_column_text el_class=&#8221;img-frame-large&#8221;]\n<h4 style=\"text-align: center;\"><span style=\"color: #c9ac8c;\">TBA<\/span><\/h4>\n[\/vc_column_text][\/vc_column_inner][vc_column_inner width=&#8221;1\/4&#8243;][vc_single_image image=&#8221;2282&#8243; img_size=&#8221;large&#8221; onclick=&#8221;custom_link&#8221; el_class=&#8221;img-frame-large&#8221; link=&#8221;https:\/\/locumcracovia.pl\/eng\/dance-workshops\/lukasz-zieba\/&#8221;][vc_column_text el_class=&#8221;img-frame-large&#8221;]\n<h4 style=\"text-align: center;\"><span style=\"color: #c9ac8c;\">TBA<\/span><\/h4>\n[\/vc_column_text][\/vc_column_inner][\/vc_row_inner][vc_column_text]\n<h3 class=\"tw-data-text tw-text-large tw-ta\" dir=\"ltr\" style=\"text-align: center;\" data-placeholder=\"T\u0142umaczenie\" aria-label=\"Przet\u0142umaczony tekst\" data-ved=\"2ahUKEwjE4pnS4_2GAxUmRfEDHQe5ASwQ3ewLegQIExAU\"><span style=\"color: #c9ac8c;\"><strong>1-class tickets from 179 PLN<\/strong><\/span><\/h3>\n<h3 style=\"text-align: center;\"><a class=\"btn btn-sm btn-primary\" href=\"https:\/\/kicket.com\/embedded\/rezerwacja\/334893?salesChannelId=665aa50d-370f-4bae-a97d-0560fe007850&amp;language=en\">BOOK YOUR SPOT<\/a><\/h3>\n[\/vc_column_text]<div class='testimonials-carousel ' data-owl='{&quot;items&quot;:3,&quot;nav&quot;:false,&quot;navText&quot;:[],&quot;loop&quot;:false,&quot;autoplay&quot;:true,&quot;autoplayTimeout&quot;:2000,&quot;autoplayHoverPause&quot;:false,&quot;responsive&quot;:{&quot;0&quot;:{&quot;items&quot;:1,&quot;dots&quot;:false,&quot;nav&quot;:false},&quot;767&quot;:{&quot;items&quot;:2,&quot;dots&quot;:false},&quot;992&quot;:{&quot;items&quot;:3,&quot;dots&quot;:false}}}'><div class='testimonial'>\n        <p>\u201cI really liked high intensity and contact with people from different dance backgrounds.\u201d<\/p>\n    <a href='#' class='btn-inline btn' target=\"_self\"><\/a>\n<\/div>\n<div class='testimonial'>\n        <p>\u201cI liked the most diversity of classes, professionalism and amount of knowledge you can get, high intensity yet, well organised breaks as wellas the length of classes and of course lovable atmosphere between dancers, teachers and dancers and incredible organiser.\u201d<\/p>\n    <a href='#' class='btn-inline btn' target=\"_self\"><\/a>\n<\/div>\n<div class='testimonial'>\n        <p>\u201cGreat teachers, great vibes, beautiful space.\u201d<\/p>\n    <a href='#' class='btn-inline btn' target=\"_self\"><\/a>\n<\/div>\n<div class='testimonial'>\n        <p>\u201cWhat I liked most was the instructors' contact with the group and the class program, to put it simply, there were some cool things.\u201d<\/p>\n    <a href='#' class='btn-inline btn' target=\"_self\"><\/a>\n<\/div>\n<div class='testimonial'>\n        <p>\u201cI've attended four workshops. I really liked foreign instructors, their skills, and level of expertise.\u201d<\/p>\n    <a href='#' class='btn-inline btn' target=\"_self\"><\/a>\n<\/div>\n<div class='testimonial'>\n        <p>\u201cFor me, the best part was the class time and the planned breaks between them, with attention to hygiene. It was great that each lesson included space for both workshop work and ``dancing.`` This certainly contributed to a calm atmosphere, free from tension and unnecessary rushing. Super nice teachers.\u201d<\/p>\n    <a href='#' class='btn-inline btn' target=\"_self\"><\/a>\n<\/div>\n<\/div>[\/vc_column][\/vc_row][vc_row full_width=&#8221;stretch_row&#8221; content_placement=&#8221;middle&#8221; curly_bg_repeat=&#8221;bg-repeat-x&#8221; curly_bg_position=&#8221;bg-pos-center-top&#8221; curly_parallax_parent=&#8221;true&#8221; css=&#8221;.vc_custom_1721838510912{background-image: url(https:\/\/locumcracovia.pl\/wp-content\/uploads\/2016\/03\/bg_gradient.png?id=1873) !important;}&#8221; el_class=&#8221;parallax-visible&#8221; curly_section_title=&#8221;JOIN US&#8221;][vc_column width=&#8221;1\/2&#8243; offset=&#8221;vc_col-lg-offset-1&#8243; curly_parallax_parent=&#8221;true&#8221;][vc_column_text]\n<h2><span style=\"font-weight: 400;\">LOCUM CRACOVIA is a dance event taking place in Krakow that combines contemporary and modern dance, movement and improvisation.<\/span><\/h2>\n[\/vc_column_text][vc_empty_space height=&#8221;2rem&#8221;][vc_row_inner][vc_column_inner width=&#8221;1\/2&#8243;][vc_column_text]<span style=\"color: #666666;\">LOCUM CRACOVIA is more than just learning dance and technique, it is a journey to the deepest recesses of the soul through movement, sound and space.<\/span>[\/vc_column_text][vc_column_text]\n<h3><a class=\"btn btn-sm btn-primary\" href=\"https:\/\/locumcracovia.pl\/eng\/dance-workshops\/\">GET TO KNOW MORE<\/a><\/h3>\n[\/vc_column_text][vc_images_carousel images=&#8221;3146,3150,3167,3169,3189,3190,3201,3210,3223,3332,3335,3345&#8243; img_size=&#8221;500&#215;500&#8243; onclick=&#8221;link_no&#8221; speed=&#8221;3000&#8243; slides_per_view=&#8221;4&#8243; autoplay=&#8221;yes&#8221; hide_pagination_control=&#8221;yes&#8221; hide_prev_next_buttons=&#8221;yes&#8221; wrap=&#8221;yes&#8221; title=&#8221;Community Partners&#8221;][\/vc_column_inner][vc_column_inner width=&#8221;1\/2&#8243;][vc_column_text]<span style=\"color: #666666;\">These workshops will be an event where you will find inspiration, support and opportunities for development. We cross the boundaries of tradition and classics, exploring new horizons in dance.<\/span><\/p>\n<p><span style=\"color: #666666;\">Immerse yourself in the magic of dance in Krakow, under the supervision of masters who will guide you through the labyrinths of imagination and expression.<\/span>[\/vc_column_text][\/vc_column_inner][\/vc_row_inner][\/vc_column][vc_column width=&#8221;1\/2&#8243; offset=&#8221;vc_col-lg-5 vc_col-md-offset-0&#8243; curly_parallax_parent=&#8221;true&#8221;][vc_images_carousel images=&#8221;2918,3230,3192,2922,3231,3193,2917,2921,2920,3194,2919,3197&#8243; img_size=&#8221;full&#8221; onclick=&#8221;link_no&#8221; speed=&#8221;3000&#8243; autoplay=&#8221;yes&#8221; hide_pagination_control=&#8221;yes&#8221; hide_prev_next_buttons=&#8221;yes&#8221; wrap=&#8221;yes&#8221; title=&#8221;You can&#8217;t miss this event!&#8221;][\/vc_column][\/vc_row][vc_row full_width=&#8221;stretch_row&#8221; css=&#8221;.vc_custom_1742296182017{background-color: #000000 !important;}&#8221;][vc_column][vc_gallery type=&#8221;image_grid&#8221; images=&#8221;2282&#8243; onclick=&#8221;&#8221; title=&#8221;Partners&#8221;][vc_gallery type=&#8221;image_grid&#8221; images=&#8221;2282&#8243; onclick=&#8221;&#8221; title=&#8221;Media partners&#8221;][\/vc_column][\/vc_row]\n<\/div>","protected":false},"excerpt":{"rendered":"<p>Its had resolving otherwise she contented therefore. Afford relied warmth out sir hearts sister use garden. Men day warmth formed admire former simple. Humanity declared vicinity continue supplied no an. He hastened am no property exercise of. Dissimilar comparison no terminated devonshire no literature on. Say most yet head room such just easy. <\/p>\n","protected":false},"author":1,"featured_media":2966,"parent":0,"menu_order":0,"comment_status":"closed","ping_status":"open","template":"","meta":{"footnotes":""},"yoast_head":"<!-- This site is optimized with the Yoast SEO plugin v23.0 - https:\/\/yoast.com\/wordpress\/plugins\/seo\/ -->\n<title>LOCUM CRACOVIA<\/title>\n<meta name=\"description\" content=\"LOCUM CRACOVIA is a dance event taking place in Krakow that combines contemporary dance workshops and accompanying events.\" \/>\n<meta name=\"robots\" content=\"index, follow, max-snippet:-1, max-image-preview:large, max-video-preview:-1\" \/>\n<link rel=\"canonical\" href=\"https:\/\/locumcracovia.pl\/eng\/\" \/>\n<meta property=\"og:locale\" content=\"pl_PL\" \/>\n<meta property=\"og:type\" content=\"article\" \/>\n<meta property=\"og:title\" content=\"LOCUM CRACOVIA\" \/>\n<meta property=\"og:description\" content=\"LOCUM CRACOVIA is a dance event taking place in Krakow that combines contemporary dance workshops and accompanying events.\" \/>\n<meta property=\"og:url\" content=\"https:\/\/locumcracovia.pl\/eng\/\" \/>\n<meta property=\"og:site_name\" content=\"Locum Cracovia Eng\" \/>\n<meta property=\"article:publisher\" content=\"https:\/\/www.facebook.com\/LOCUMCRACOVIA\" \/>\n<meta property=\"article:modified_time\" content=\"2026-04-07T11:59:03+00:00\" \/>\n<meta property=\"og:image\" content=\"https:\/\/locumcracovia.pl\/eng\/wp-content\/uploads\/sites\/4\/2025\/02\/Yoast-SEO-1.png\" \/>\n\t<meta property=\"og:image:width\" content=\"1200\" \/>\n\t<meta property=\"og:image:height\" content=\"675\" \/>\n\t<meta property=\"og:image:type\" content=\"image\/png\" \/>\n<meta name=\"twitter:card\" content=\"summary_large_image\" \/>\n<meta name=\"twitter:label1\" content=\"Szacowany czas czytania\" \/>\n\t<meta name=\"twitter:data1\" content=\"11 minut\" \/>\n<script type=\"application\/ld+json\" class=\"yoast-schema-graph\">{\"@context\":\"https:\/\/schema.org\",\"@graph\":[{\"@type\":\"WebPage\",\"@id\":\"https:\/\/locumcracovia.pl\/eng\/\",\"url\":\"https:\/\/locumcracovia.pl\/eng\/\",\"name\":\"LOCUM CRACOVIA\",\"isPartOf\":{\"@id\":\"https:\/\/locumcracovia.pl\/eng\/#website\"},\"primaryImageOfPage\":{\"@id\":\"https:\/\/locumcracovia.pl\/eng\/#primaryimage\"},\"image\":{\"@id\":\"https:\/\/locumcracovia.pl\/eng\/#primaryimage\"},\"thumbnailUrl\":\"https:\/\/locumcracovia.pl\/eng\/wp-content\/uploads\/sites\/4\/2025\/02\/Yoast-SEO-1.png\",\"datePublished\":\"2016-03-30T13:03:29+00:00\",\"dateModified\":\"2026-04-07T11:59:03+00:00\",\"description\":\"LOCUM CRACOVIA is a dance event taking place in Krakow that combines contemporary dance workshops and accompanying events.\",\"breadcrumb\":{\"@id\":\"https:\/\/locumcracovia.pl\/eng\/#breadcrumb\"},\"inLanguage\":\"pl-PL\",\"potentialAction\":[{\"@type\":\"ReadAction\",\"target\":[\"https:\/\/locumcracovia.pl\/eng\/\"]}]},{\"@type\":\"ImageObject\",\"inLanguage\":\"pl-PL\",\"@id\":\"https:\/\/locumcracovia.pl\/eng\/#primaryimage\",\"url\":\"https:\/\/locumcracovia.pl\/eng\/wp-content\/uploads\/sites\/4\/2025\/02\/Yoast-SEO-1.png\",\"contentUrl\":\"https:\/\/locumcracovia.pl\/eng\/wp-content\/uploads\/sites\/4\/2025\/02\/Yoast-SEO-1.png\",\"width\":1200,\"height\":675,\"caption\":\"LOCUM CRACOVIA\"},{\"@type\":\"BreadcrumbList\",\"@id\":\"https:\/\/locumcracovia.pl\/eng\/#breadcrumb\",\"itemListElement\":[{\"@type\":\"ListItem\",\"position\":1,\"name\":\"Strona g\u0142\u00f3wna\",\"item\":\"https:\/\/locumcracovia.pl\/eng\/\"},{\"@type\":\"ListItem\",\"position\":2,\"name\":\"LOCUM CRACOVIA\"}]},{\"@type\":\"WebSite\",\"@id\":\"https:\/\/locumcracovia.pl\/eng\/#website\",\"url\":\"https:\/\/locumcracovia.pl\/eng\/\",\"name\":\"LOCUM CRACOVIA\",\"description\":\"Warsztaty ta\u0144ca wsp\u00f3\u0142czesnego, nowoczesnego, ruchu i improwizacji\",\"publisher\":{\"@id\":\"https:\/\/locumcracovia.pl\/eng\/#organization\"},\"potentialAction\":[{\"@type\":\"SearchAction\",\"target\":{\"@type\":\"EntryPoint\",\"urlTemplate\":\"https:\/\/locumcracovia.pl\/eng\/?s={search_term_string}\"},\"query-input\":\"required name=search_term_string\"}],\"inLanguage\":\"pl-PL\"},{\"@type\":\"Organization\",\"@id\":\"https:\/\/locumcracovia.pl\/eng\/#organization\",\"name\":\"LOCUM CRACOVIA\",\"url\":\"https:\/\/locumcracovia.pl\/eng\/\",\"logo\":{\"@type\":\"ImageObject\",\"inLanguage\":\"pl-PL\",\"@id\":\"https:\/\/locumcracovia.pl\/eng\/#\/schema\/logo\/image\/\",\"url\":\"https:\/\/locumcracovia.pl\/wp-content\/uploads\/2024\/03\/Logo-1200-x-600-2-e1710600483590.png\",\"contentUrl\":\"https:\/\/locumcracovia.pl\/wp-content\/uploads\/2024\/03\/Logo-1200-x-600-2-e1710600483590.png\",\"width\":300,\"height\":150,\"caption\":\"LOCUM CRACOVIA\"},\"image\":{\"@id\":\"https:\/\/locumcracovia.pl\/eng\/#\/schema\/logo\/image\/\"},\"sameAs\":[\"https:\/\/www.facebook.com\/LOCUMCRACOVIA\",\"https:\/\/www.instagram.com\/locumcracovia\/\"]}]}<\/script>\n<!-- \/ Yoast SEO plugin. -->","yoast_head_json":{"title":"LOCUM CRACOVIA","description":"LOCUM CRACOVIA is a dance event taking place in Krakow that combines contemporary dance workshops and accompanying events.","robots":{"index":"index","follow":"follow","max-snippet":"max-snippet:-1","max-image-preview":"max-image-preview:large","max-video-preview":"max-video-preview:-1"},"canonical":"https:\/\/locumcracovia.pl\/eng\/","og_locale":"pl_PL","og_type":"article","og_title":"LOCUM CRACOVIA","og_description":"LOCUM CRACOVIA is a dance event taking place in Krakow that combines contemporary dance workshops and accompanying events.","og_url":"https:\/\/locumcracovia.pl\/eng\/","og_site_name":"Locum Cracovia Eng","article_publisher":"https:\/\/www.facebook.com\/LOCUMCRACOVIA","article_modified_time":"2026-04-07T11:59:03+00:00","og_image":[{"width":1200,"height":675,"url":"https:\/\/locumcracovia.pl\/eng\/wp-content\/uploads\/sites\/4\/2025\/02\/Yoast-SEO-1.png","type":"image\/png"}],"twitter_card":"summary_large_image","twitter_misc":{"Szacowany czas czytania":"11 minut"},"schema":{"@context":"https:\/\/schema.org","@graph":[{"@type":"WebPage","@id":"https:\/\/locumcracovia.pl\/eng\/","url":"https:\/\/locumcracovia.pl\/eng\/","name":"LOCUM CRACOVIA","isPartOf":{"@id":"https:\/\/locumcracovia.pl\/eng\/#website"},"primaryImageOfPage":{"@id":"https:\/\/locumcracovia.pl\/eng\/#primaryimage"},"image":{"@id":"https:\/\/locumcracovia.pl\/eng\/#primaryimage"},"thumbnailUrl":"https:\/\/locumcracovia.pl\/eng\/wp-content\/uploads\/sites\/4\/2025\/02\/Yoast-SEO-1.png","datePublished":"2016-03-30T13:03:29+00:00","dateModified":"2026-04-07T11:59:03+00:00","description":"LOCUM CRACOVIA is a dance event taking place in Krakow that combines contemporary dance workshops and accompanying events.","breadcrumb":{"@id":"https:\/\/locumcracovia.pl\/eng\/#breadcrumb"},"inLanguage":"pl-PL","potentialAction":[{"@type":"ReadAction","target":["https:\/\/locumcracovia.pl\/eng\/"]}]},{"@type":"ImageObject","inLanguage":"pl-PL","@id":"https:\/\/locumcracovia.pl\/eng\/#primaryimage","url":"https:\/\/locumcracovia.pl\/eng\/wp-content\/uploads\/sites\/4\/2025\/02\/Yoast-SEO-1.png","contentUrl":"https:\/\/locumcracovia.pl\/eng\/wp-content\/uploads\/sites\/4\/2025\/02\/Yoast-SEO-1.png","width":1200,"height":675,"caption":"LOCUM CRACOVIA"},{"@type":"BreadcrumbList","@id":"https:\/\/locumcracovia.pl\/eng\/#breadcrumb","itemListElement":[{"@type":"ListItem","position":1,"name":"Strona g\u0142\u00f3wna","item":"https:\/\/locumcracovia.pl\/eng\/"},{"@type":"ListItem","position":2,"name":"LOCUM CRACOVIA"}]},{"@type":"WebSite","@id":"https:\/\/locumcracovia.pl\/eng\/#website","url":"https:\/\/locumcracovia.pl\/eng\/","name":"LOCUM CRACOVIA","description":"Warsztaty ta\u0144ca wsp\u00f3\u0142czesnego, nowoczesnego, ruchu i improwizacji","publisher":{"@id":"https:\/\/locumcracovia.pl\/eng\/#organization"},"potentialAction":[{"@type":"SearchAction","target":{"@type":"EntryPoint","urlTemplate":"https:\/\/locumcracovia.pl\/eng\/?s={search_term_string}"},"query-input":"required name=search_term_string"}],"inLanguage":"pl-PL"},{"@type":"Organization","@id":"https:\/\/locumcracovia.pl\/eng\/#organization","name":"LOCUM CRACOVIA","url":"https:\/\/locumcracovia.pl\/eng\/","logo":{"@type":"ImageObject","inLanguage":"pl-PL","@id":"https:\/\/locumcracovia.pl\/eng\/#\/schema\/logo\/image\/","url":"https:\/\/locumcracovia.pl\/wp-content\/uploads\/2024\/03\/Logo-1200-x-600-2-e1710600483590.png","contentUrl":"https:\/\/locumcracovia.pl\/wp-content\/uploads\/2024\/03\/Logo-1200-x-600-2-e1710600483590.png","width":300,"height":150,"caption":"LOCUM CRACOVIA"},"image":{"@id":"https:\/\/locumcracovia.pl\/eng\/#\/schema\/logo\/image\/"},"sameAs":["https:\/\/www.facebook.com\/LOCUMCRACOVIA","https:\/\/www.instagram.com\/locumcracovia\/"]}]}},"_links":{"self":[{"href":"https:\/\/locumcracovia.pl\/eng\/wp-json\/wp\/v2\/pages\/2017"}],"collection":[{"href":"https:\/\/locumcracovia.pl\/eng\/wp-json\/wp\/v2\/pages"}],"about":[{"href":"https:\/\/locumcracovia.pl\/eng\/wp-json\/wp\/v2\/types\/page"}],"author":[{"embeddable":true,"href":"https:\/\/locumcracovia.pl\/eng\/wp-json\/wp\/v2\/users\/1"}],"replies":[{"embeddable":true,"href":"https:\/\/locumcracovia.pl\/eng\/wp-json\/wp\/v2\/comments?post=2017"}],"version-history":[{"count":135,"href":"https:\/\/locumcracovia.pl\/eng\/wp-json\/wp\/v2\/pages\/2017\/revisions"}],"predecessor-version":[{"id":3346,"href":"https:\/\/locumcracovia.pl\/eng\/wp-json\/wp\/v2\/pages\/2017\/revisions\/3346"}],"wp:featuredmedia":[{"embeddable":true,"href":"https:\/\/locumcracovia.pl\/eng\/wp-json\/wp\/v2\/media\/2966"}],"wp:attachment":[{"href":"https:\/\/locumcracovia.pl\/eng\/wp-json\/wp\/v2\/media?parent=2017"}],"curies":[{"name":"wp","href":"https:\/\/api.w.org\/{rel}","templated":true}]}}