{"id":1997,"date":"2016-09-24T17:59:59","date_gmt":"2016-09-24T17:59:59","guid":{"rendered":"http:\/\/sandbox.curlythemes.com\/pirouette\/?page_id=1997"},"modified":"2025-12-09T13:27:48","modified_gmt":"2025-12-09T13:27:48","slug":"annick-schadeck","status":"publish","type":"page","link":"https:\/\/locumcracovia.pl\/eng\/teachers\/annick-schadeck\/","title":{"rendered":"Annick Schadeck"},"content":{"rendered":"<div class=\"wpb-content-wrapper\">[vc_row content_placement=&#8221;middle&#8221; curly_bg_repeat=&#8221;bg-repeat-x&#8221; curly_bg_position=&#8221;bg-pos-center-bottom&#8221; curly_padding=&#8221;content-padding-lg&#8221; css=&#8221;.vc_custom_1474744696716{background-color: #f7f6f6 !important;}&#8221;][vc_column width=&#8221;5\/12&#8243; offset=&#8221;vc_col-sm-offset-1&#8243;][vc_single_image image=&#8221;2985&#8243; img_size=&#8221;full&#8221; el_class=&#8221;img-frame-large&#8221;][vc_empty_space height=&#8221;16px&#8221;][\/vc_column][vc_column width=&#8221;1\/3&#8243; offset=&#8221;vc_col-sm-offset-1&#8243; el_class=&#8221;color-grey&#8221;][vc_column_text]\n<h2 class=\"special-title\"><strong>Annick Schadeck<\/strong><small>\u00a0CONTEMPORARY | JAZZ<\/small><\/h2>\n<p><span style=\"font-weight: 400;\"><a href=\"https:\/\/www.annickschadeck.com\/\" target=\"_blank\" rel=\"noopener\">Annick Schadeck<\/a> is a choreographer and dancer from Luxembourg. As a dancer she performed in companies such as Semper Opera Ballet Dresden, Ballets Jazz de Montr\u00e9al, Landestheater Innsbruck, Zhukov Dance Theatre and Ballet Preljocaj and <a href=\"https:\/\/deutscheoperberlin.de\/en_EN\/home\" target=\"_blank\" rel=\"noopener\">Deutsche Oper Berlin<\/a>.<\/span><span style=\"font-weight: 400;\"><br \/>\n<\/span><span style=\"font-weight: 400;\"><br \/>\n<\/span><span style=\"font-weight: 400;\">As a freelance performer she got to collaborate with choreographers such as Blanca Li, Patrick King or Sidi Larbi Cherkaoui among others. In 2015 she develops her first solo called d`Steck and in 2016 another solo entitled Particles. Continuous file, conceived for two musicians and two dancers was premiered in Luxembourg in 2018. In 2021 she created the solo In your eyes, and also premiered Locker Ruf in collaboration with writer Luc Spada. Beginning of 2022 she premiered the piece FOG\/BROUILLARD at Dock11 in Berlin.<\/span><span style=\"font-weight: 400;\"><br \/>\n<\/span><span style=\"font-weight: 400;\"><br \/>\n<\/span><span style=\"font-weight: 400;\">2023 she staged and choreographed her first full evening THOUGHT BY SIGNS, piece for 8 performers, commissioned by VDC and <a href=\"https:\/\/www.invernaderodanza.com\/invernaderodanza\" target=\"_blank\" rel=\"noopener\">Invernadero Danza<\/a> in Oaxaca Mexico.<\/span>[\/vc_column_text][vc_row_inner equal_height=&#8221;yes&#8221;][vc_column_inner width=&#8221;1\/3&#8243;][vc_icon icon_fontawesome=&#8221;fab fa-instagram&#8221; color=&#8221;custom&#8221; size=&#8221;lg&#8221; align=&#8221;center&#8221; custom_color=&#8221;#c9ac8c&#8221; link=&#8221;url:https%3A%2F%2Fwww.instagram.com%2Fannickschadeck%2F|title:Instagram|target:_blank&#8221;][\/vc_column_inner][vc_column_inner width=&#8221;1\/3&#8243;][vc_icon icon_fontawesome=&#8221;fab fa-facebook-square&#8221; color=&#8221;custom&#8221; size=&#8221;lg&#8221; align=&#8221;center&#8221; custom_color=&#8221;#c9ac8c&#8221; link=&#8221;url:https%3A%2F%2Fwww.facebook.com%2Fannick.schadeck|title:Facebook|target:_blank&#8221;][\/vc_column_inner][vc_column_inner width=&#8221;1\/3&#8243;][vc_icon icon_fontawesome=&#8221;fas fa-globe&#8221; color=&#8221;custom&#8221; size=&#8221;lg&#8221; align=&#8221;center&#8221; custom_color=&#8221;#c9ac8c&#8221; link=&#8221;url:https%3A%2F%2Fwww.annickschadeck.com%2F|title:Website|target:_blank&#8221;][\/vc_column_inner][\/vc_row_inner][\/vc_column][\/vc_row][vc_row equal_height=&#8221;yes&#8221;][vc_column width=&#8221;1\/3&#8243;][vc_video link=&#8221;https:\/\/www.youtube.com\/watch?v=6-t9pRip-BA&#8221; el_width=&#8221;90&#8243; align=&#8221;center&#8221; title=&#8221;SHOWREEL ANNICK SCHADECK DANCER&#8221; css=&#8221;.vc_custom_1712168865450{padding-top: 15px !important;background-color: #ffffff !important;}&#8221;][\/vc_column][vc_column width=&#8221;1\/3&#8243;][vc_video link=&#8221;https:\/\/www.youtube.com\/watch?v=Ls_HojIfUMs&#8221; el_width=&#8221;90&#8243; align=&#8221;center&#8221; title=&#8221;&#8217;Mirror&#8217; Commercial Choreography&#8221; css=&#8221;.vc_custom_1712168869756{padding-top: 15px !important;background-color: #ffffff !important;}&#8221;][\/vc_column][vc_column width=&#8221;1\/3&#8243;][vc_video link=&#8221;https:\/\/www.youtube.com\/watch?v=AURvb_l2nU0&#8243; el_width=&#8221;90&#8243; align=&#8221;center&#8221; title=&#8221;PAPILLON By Sofiane Tiet &amp; Annick Schadeck&#8221; css=&#8221;.vc_custom_1712168874091{padding-top: 15px !important;background-color: #ffffff !important;}&#8221;][\/vc_column][\/vc_row]\n<\/div>","protected":false},"excerpt":{"rendered":"<p>[vc_row content_placement=&#8221;middle&#8221; curly_bg_repeat=&#8221;bg-repeat-x&#8221; curly_bg_position=&#8221;bg-pos-center-bottom&#8221; curly_padding=&#8221;content-padding-lg&#8221; css=&#8221;.vc_custom_1474744696716{background-color: #f7f6f6 !important;}&#8221;][vc_column width=&#8221;5\/12&#8243; offset=&#8221;vc_col-sm-offset-1&#8243;][vc_single_image image=&#8221;2985&#8243; img_size=&#8221;full&#8221; el_class=&#8221;img-frame-large&#8221;][vc_empty_space height=&#8221;16px&#8221;][\/vc_column][vc_column width=&#8221;1\/3&#8243; offset=&#8221;vc_col-sm-offset-1&#8243; el_class=&#8221;color-grey&#8221;][vc_column_text] Annick Schadeck\u00a0CONTEMPORARY | JAZZ Annick Schadeck is a choreographer and dancer from Luxembourg. As a dancer she performed in companies such as Semper Opera Ballet Dresden, Ballets Jazz de Montr\u00e9al, Landestheater Innsbruck, Zhukov Dance Theatre and Ballet Preljocaj and Deutsche Oper Berlin. As [&hellip;]<\/p>\n","protected":false},"author":1,"featured_media":0,"parent":2934,"menu_order":0,"comment_status":"closed","ping_status":"closed","template":"","meta":{"footnotes":""},"yoast_head":"<!-- This site is optimized with the Yoast SEO plugin v23.0 - https:\/\/yoast.com\/wordpress\/plugins\/seo\/ -->\n<title>Annick Schadeck - Locum Cracovia Eng<\/title>\n<meta name=\"description\" content=\"Annick Schadeck jest choreografk\u0105 i tancerk\u0105 z Luksemburga. Annick poprowadzi zaj\u0119cia z contemporary, jazzu i element\u00f3w baletu.\" \/>\n<meta name=\"robots\" content=\"index, follow, max-snippet:-1, max-image-preview:large, max-video-preview:-1\" \/>\n<link rel=\"canonical\" href=\"https:\/\/locumcracovia.pl\/eng\/teachers\/annick-schadeck\/\" \/>\n<meta property=\"og:locale\" content=\"pl_PL\" \/>\n<meta property=\"og:type\" content=\"article\" \/>\n<meta property=\"og:title\" content=\"Annick Schadeck - Locum Cracovia Eng\" \/>\n<meta property=\"og:description\" content=\"Annick Schadeck jest choreografk\u0105 i tancerk\u0105 z Luksemburga. Annick poprowadzi zaj\u0119cia z contemporary, jazzu i element\u00f3w baletu.\" \/>\n<meta property=\"og:url\" content=\"https:\/\/locumcracovia.pl\/eng\/teachers\/annick-schadeck\/\" \/>\n<meta property=\"og:site_name\" content=\"Locum Cracovia Eng\" \/>\n<meta property=\"article:publisher\" content=\"https:\/\/www.facebook.com\/LOCUMCRACOVIA\" \/>\n<meta property=\"article:modified_time\" content=\"2025-12-09T13:27:48+00:00\" \/>\n<meta name=\"twitter:card\" content=\"summary_large_image\" \/>\n<meta name=\"twitter:label1\" content=\"Szacowany czas czytania\" \/>\n\t<meta name=\"twitter:data1\" content=\"2 minuty\" \/>\n<script type=\"application\/ld+json\" class=\"yoast-schema-graph\">{\"@context\":\"https:\/\/schema.org\",\"@graph\":[{\"@type\":\"WebPage\",\"@id\":\"https:\/\/locumcracovia.pl\/eng\/teachers\/annick-schadeck\/\",\"url\":\"https:\/\/locumcracovia.pl\/eng\/teachers\/annick-schadeck\/\",\"name\":\"Annick Schadeck - Locum Cracovia Eng\",\"isPartOf\":{\"@id\":\"https:\/\/locumcracovia.pl\/eng\/#website\"},\"datePublished\":\"2016-09-24T17:59:59+00:00\",\"dateModified\":\"2025-12-09T13:27:48+00:00\",\"description\":\"Annick Schadeck jest choreografk\u0105 i tancerk\u0105 z Luksemburga. Annick poprowadzi zaj\u0119cia z contemporary, jazzu i element\u00f3w baletu.\",\"breadcrumb\":{\"@id\":\"https:\/\/locumcracovia.pl\/eng\/teachers\/annick-schadeck\/#breadcrumb\"},\"inLanguage\":\"pl-PL\",\"potentialAction\":[{\"@type\":\"ReadAction\",\"target\":[\"https:\/\/locumcracovia.pl\/eng\/teachers\/annick-schadeck\/\"]}]},{\"@type\":\"BreadcrumbList\",\"@id\":\"https:\/\/locumcracovia.pl\/eng\/teachers\/annick-schadeck\/#breadcrumb\",\"itemListElement\":[{\"@type\":\"ListItem\",\"position\":1,\"name\":\"Strona g\u0142\u00f3wna\",\"item\":\"https:\/\/locumcracovia.pl\/eng\/\"},{\"@type\":\"ListItem\",\"position\":2,\"name\":\"Teachers\",\"item\":\"https:\/\/locumcracovia.pl\/eng\/teachers\/\"},{\"@type\":\"ListItem\",\"position\":3,\"name\":\"Annick Schadeck\"}]},{\"@type\":\"WebSite\",\"@id\":\"https:\/\/locumcracovia.pl\/eng\/#website\",\"url\":\"https:\/\/locumcracovia.pl\/eng\/\",\"name\":\"LOCUM CRACOVIA\",\"description\":\"Warsztaty ta\u0144ca wsp\u00f3\u0142czesnego, nowoczesnego, ruchu i improwizacji\",\"publisher\":{\"@id\":\"https:\/\/locumcracovia.pl\/eng\/#organization\"},\"potentialAction\":[{\"@type\":\"SearchAction\",\"target\":{\"@type\":\"EntryPoint\",\"urlTemplate\":\"https:\/\/locumcracovia.pl\/eng\/?s={search_term_string}\"},\"query-input\":\"required name=search_term_string\"}],\"inLanguage\":\"pl-PL\"},{\"@type\":\"Organization\",\"@id\":\"https:\/\/locumcracovia.pl\/eng\/#organization\",\"name\":\"LOCUM CRACOVIA\",\"url\":\"https:\/\/locumcracovia.pl\/eng\/\",\"logo\":{\"@type\":\"ImageObject\",\"inLanguage\":\"pl-PL\",\"@id\":\"https:\/\/locumcracovia.pl\/eng\/#\/schema\/logo\/image\/\",\"url\":\"https:\/\/locumcracovia.pl\/wp-content\/uploads\/2024\/03\/Logo-1200-x-600-2-e1710600483590.png\",\"contentUrl\":\"https:\/\/locumcracovia.pl\/wp-content\/uploads\/2024\/03\/Logo-1200-x-600-2-e1710600483590.png\",\"width\":300,\"height\":150,\"caption\":\"LOCUM CRACOVIA\"},\"image\":{\"@id\":\"https:\/\/locumcracovia.pl\/eng\/#\/schema\/logo\/image\/\"},\"sameAs\":[\"https:\/\/www.facebook.com\/LOCUMCRACOVIA\",\"https:\/\/www.instagram.com\/locumcracovia\/\"]}]}<\/script>\n<!-- \/ Yoast SEO plugin. -->","yoast_head_json":{"title":"Annick Schadeck - Locum Cracovia Eng","description":"Annick Schadeck jest choreografk\u0105 i tancerk\u0105 z Luksemburga. Annick poprowadzi zaj\u0119cia z contemporary, jazzu i element\u00f3w baletu.","robots":{"index":"index","follow":"follow","max-snippet":"max-snippet:-1","max-image-preview":"max-image-preview:large","max-video-preview":"max-video-preview:-1"},"canonical":"https:\/\/locumcracovia.pl\/eng\/teachers\/annick-schadeck\/","og_locale":"pl_PL","og_type":"article","og_title":"Annick Schadeck - Locum Cracovia Eng","og_description":"Annick Schadeck jest choreografk\u0105 i tancerk\u0105 z Luksemburga. Annick poprowadzi zaj\u0119cia z contemporary, jazzu i element\u00f3w baletu.","og_url":"https:\/\/locumcracovia.pl\/eng\/teachers\/annick-schadeck\/","og_site_name":"Locum Cracovia Eng","article_publisher":"https:\/\/www.facebook.com\/LOCUMCRACOVIA","article_modified_time":"2025-12-09T13:27:48+00:00","twitter_card":"summary_large_image","twitter_misc":{"Szacowany czas czytania":"2 minuty"},"schema":{"@context":"https:\/\/schema.org","@graph":[{"@type":"WebPage","@id":"https:\/\/locumcracovia.pl\/eng\/teachers\/annick-schadeck\/","url":"https:\/\/locumcracovia.pl\/eng\/teachers\/annick-schadeck\/","name":"Annick Schadeck - Locum Cracovia Eng","isPartOf":{"@id":"https:\/\/locumcracovia.pl\/eng\/#website"},"datePublished":"2016-09-24T17:59:59+00:00","dateModified":"2025-12-09T13:27:48+00:00","description":"Annick Schadeck jest choreografk\u0105 i tancerk\u0105 z Luksemburga. Annick poprowadzi zaj\u0119cia z contemporary, jazzu i element\u00f3w baletu.","breadcrumb":{"@id":"https:\/\/locumcracovia.pl\/eng\/teachers\/annick-schadeck\/#breadcrumb"},"inLanguage":"pl-PL","potentialAction":[{"@type":"ReadAction","target":["https:\/\/locumcracovia.pl\/eng\/teachers\/annick-schadeck\/"]}]},{"@type":"BreadcrumbList","@id":"https:\/\/locumcracovia.pl\/eng\/teachers\/annick-schadeck\/#breadcrumb","itemListElement":[{"@type":"ListItem","position":1,"name":"Strona g\u0142\u00f3wna","item":"https:\/\/locumcracovia.pl\/eng\/"},{"@type":"ListItem","position":2,"name":"Teachers","item":"https:\/\/locumcracovia.pl\/eng\/teachers\/"},{"@type":"ListItem","position":3,"name":"Annick Schadeck"}]},{"@type":"WebSite","@id":"https:\/\/locumcracovia.pl\/eng\/#website","url":"https:\/\/locumcracovia.pl\/eng\/","name":"LOCUM CRACOVIA","description":"Warsztaty ta\u0144ca wsp\u00f3\u0142czesnego, nowoczesnego, ruchu i improwizacji","publisher":{"@id":"https:\/\/locumcracovia.pl\/eng\/#organization"},"potentialAction":[{"@type":"SearchAction","target":{"@type":"EntryPoint","urlTemplate":"https:\/\/locumcracovia.pl\/eng\/?s={search_term_string}"},"query-input":"required name=search_term_string"}],"inLanguage":"pl-PL"},{"@type":"Organization","@id":"https:\/\/locumcracovia.pl\/eng\/#organization","name":"LOCUM CRACOVIA","url":"https:\/\/locumcracovia.pl\/eng\/","logo":{"@type":"ImageObject","inLanguage":"pl-PL","@id":"https:\/\/locumcracovia.pl\/eng\/#\/schema\/logo\/image\/","url":"https:\/\/locumcracovia.pl\/wp-content\/uploads\/2024\/03\/Logo-1200-x-600-2-e1710600483590.png","contentUrl":"https:\/\/locumcracovia.pl\/wp-content\/uploads\/2024\/03\/Logo-1200-x-600-2-e1710600483590.png","width":300,"height":150,"caption":"LOCUM CRACOVIA"},"image":{"@id":"https:\/\/locumcracovia.pl\/eng\/#\/schema\/logo\/image\/"},"sameAs":["https:\/\/www.facebook.com\/LOCUMCRACOVIA","https:\/\/www.instagram.com\/locumcracovia\/"]}]}},"_links":{"self":[{"href":"https:\/\/locumcracovia.pl\/eng\/wp-json\/wp\/v2\/pages\/1997"}],"collection":[{"href":"https:\/\/locumcracovia.pl\/eng\/wp-json\/wp\/v2\/pages"}],"about":[{"href":"https:\/\/locumcracovia.pl\/eng\/wp-json\/wp\/v2\/types\/page"}],"author":[{"embeddable":true,"href":"https:\/\/locumcracovia.pl\/eng\/wp-json\/wp\/v2\/users\/1"}],"replies":[{"embeddable":true,"href":"https:\/\/locumcracovia.pl\/eng\/wp-json\/wp\/v2\/comments?post=1997"}],"version-history":[{"count":38,"href":"https:\/\/locumcracovia.pl\/eng\/wp-json\/wp\/v2\/pages\/1997\/revisions"}],"predecessor-version":[{"id":3235,"href":"https:\/\/locumcracovia.pl\/eng\/wp-json\/wp\/v2\/pages\/1997\/revisions\/3235"}],"up":[{"embeddable":true,"href":"https:\/\/locumcracovia.pl\/eng\/wp-json\/wp\/v2\/pages\/2934"}],"wp:attachment":[{"href":"https:\/\/locumcracovia.pl\/eng\/wp-json\/wp\/v2\/media?parent=1997"}],"curies":[{"name":"wp","href":"https:\/\/api.w.org\/{rel}","templated":true}]}}