{"id":1742,"date":"2016-06-07T00:27:23","date_gmt":"2016-06-07T00:27:23","guid":{"rendered":"http:\/\/sandbox.curlythemes.com\/pirouette\/?page_id=1742"},"modified":"2026-01-25T15:17:17","modified_gmt":"2026-01-25T15:17:17","slug":"paths","status":"publish","type":"page","link":"https:\/\/locumcracovia.pl\/eng\/paths\/","title":{"rendered":"Paths"},"content":{"rendered":"<div class=\"wpb-content-wrapper\">[vc_row content_placement=&#8221;middle&#8221; curly_padding=&#8221;content-padding-xs&#8221; css=&#8221;.vc_custom_1712167008178{border-bottom-width: 1px !important;border-bottom-color: #f4f4f4 !important;border-bottom-style: solid !important;}&#8221;][vc_column width=&#8221;1\/2&#8243; offset=&#8221;vc_col-sm-offset-1&#8243;][vc_single_image image=&#8221;2940&#8243; img_size=&#8221;large&#8221; style=&#8221;img-frame-large&#8221;][vc_single_image image=&#8221;2939&#8243; img_size=&#8221;large&#8221; style=&#8221;img-frame-large&#8221; curly_layer_parallax=&#8221;true&#8221; curly_layer_1_vertical=&#8221;top: 20%&#8221; curly_layer_1_horizontal=&#8221;left: -15%&#8221; curly_layer_1_ratio=&#8221;1&#8243; curly_max_width=&#8221;18rem&#8221;][\/vc_column][vc_column width=&#8221;1\/3&#8243; offset=&#8221;vc_col-sm-offset-1&#8243;][vc_column_text]\n<h2 class=\"special-title color-white\">PATHS<\/h2>\n<p class=\"lead\">The workshops will be held in the same time for two groups on July 25 and Sunday, July 26.<\/p>\n[\/vc_column_text][\/vc_column][\/vc_row][vc_row full_width=&#8221;stretch_row&#8221; content_placement=&#8221;middle&#8221; curly_padding=&#8221;content-padding-none&#8221; css=&#8221;.vc_custom_1712167030029{border-bottom-width: 1px !important;background-color: #f7f6f6 !important;border-bottom-color: #f4f4f4 !important;border-bottom-style: solid !important;}&#8221;][vc_column width=&#8221;1\/3&#8243;][vc_column_text]\n<h2 class=\"special-title\"><strong>AURORA<\/strong><\/h2>\n<h2 class=\"special-title\"><small>AURORA PATH<\/small><\/h2>\n<p><span style=\"color: #666666;\">A program path for people aged 13-17 intended for future dancers, aspiring artists, dance theater actors, instructors, choreographers and <a style=\"color: #666666;\" href=\"https:\/\/en.wikipedia.org\/wiki\/Performance\" target=\"_blank\" rel=\"noopener\">performers.<\/a><\/span><\/p>\n<p><span style=\"color: #666666;\">Choose this path if you are a student of an art school or regularly attend classes at dance schools, take part in other workshops and associate your professional future with dance.<\/span><\/p>\n<h3><span style=\"font-weight: 400; color: #666666;\">Level: Intermediate\/Advanced<\/span><\/h3>\n<p><span style=\"color: #666666;\">LOCUM CRACOVIA creates a unique opportunity for young talents who want to develop in the art of <a style=\"color: #666666;\" href=\"https:\/\/en.wikipedia.org\/wiki\/Dance\" target=\"_blank\" rel=\"noopener\">dance<\/a> and stage expression. Our path for the 13-17 age group is an intense, inspiring and comprehensive experience that will help you become a professional dancer.<\/span><\/p>\n<p><span style=\"color: #666666;\">This path will enable participants to deepen their dance knowledge, but will also provide them with the opportunity to build relationships with other enthusiasts, exchange experiences and discover their artistic voice.<\/span>[\/vc_column_text][vc_column_text]\n<h3 class=\"tw-data-text tw-text-large tw-ta\" dir=\"ltr\" data-placeholder=\"T\u0142umaczenie\" aria-label=\"Przet\u0142umaczony tekst\" data-ved=\"2ahUKEwjE4pnS4_2GAxUmRfEDHQe5ASwQ3ewLegQIExAU\"><span style=\"color: #c9ac8c;\"><strong>1-class tickets from 179 PLN<\/strong><\/span><\/h3>\n<h3><a class=\"btn btn-sm btn-primary\" href=\"https:\/\/kicket.com\/embedded\/rezerwacja\/334893?salesChannelId=665aa50d-370f-4bae-a97d-0560fe007850&amp;language=en\">REGISTER NOW<\/a><\/h3>\n[\/vc_column_text][\/vc_column][vc_column width=&#8221;1\/2&#8243; offset=&#8221;vc_col-sm-offset-1&#8243;][vc_single_image image=&#8221;2942&#8243; img_size=&#8221;large&#8221; style=&#8221;img-frame-large&#8221; curly_layer_parallax=&#8221;true&#8221; curly_layer_1_vertical=&#8221;top: 20%&#8221; curly_layer_1_horizontal=&#8221;right: -15%&#8221; curly_max_width=&#8221;18rem&#8221; curly_layer_1_ratio=&#8221;1&#8243;][vc_single_image image=&#8221;2943&#8243; img_size=&#8221;large&#8221; style=&#8221;img-frame-large&#8221;][\/vc_column][\/vc_row][vc_row full_width=&#8221;stretch_row&#8221; content_placement=&#8221;middle&#8221; curly_padding=&#8221;content-padding-xs&#8221; css=&#8221;.vc_custom_1712166986705{border-bottom-width: 1px !important;background-color: #f7f6f6 !important;border-bottom-color: #f4f4f4 !important;border-bottom-style: solid !important;}&#8221;][vc_column width=&#8221;1\/3&#8243;][vc_single_image image=&#8221;2944&#8243; img_size=&#8221;large&#8221; style=&#8221;img-frame-large&#8221; curly_layer_parallax=&#8221;true&#8221; curly_layer_1_vertical=&#8221;top: 20%&#8221; curly_layer_1_horizontal=&#8221;right: -15%&#8221; curly_max_width=&#8221;18rem&#8221; curly_layer_1_ratio=&#8221;1&#8243;][vc_single_image image=&#8221;2980&#8243; img_size=&#8221;large&#8221; style=&#8221;img-frame-large&#8221;][\/vc_column][vc_column width=&#8221;1\/2&#8243; offset=&#8221;vc_col-sm-offset-1&#8243;][vc_column_text]\n<h2 class=\"special-title\"><strong>SOL<\/strong><\/h2>\n<h2 class=\"special-title\"><small>SOL PATH<\/small><\/h2>\n<p><span style=\"color: #666666;\">Choose this path if you are over 18 years old. This program is intended for enthusiasts and professionals, for those who want to develop, explore and constantly discover new potential in themselves and feel the hunger to develop new dance and movement skills.<\/span><\/p>\n<p><span style=\"color: #666666;\">A path recommended for people who actively dance, dancers, artists, dance theater actors, instructors, choreographers, performers and people for whom dancing is a way of life, although not necessarily a professional one.<\/span><\/p>\n<h3><span style=\"font-weight: 400; color: #666666;\">Level: Intermediate\/Advanced<\/span><\/h3>\n<p><span style=\"color: #666666;\">Participants of this path will have the opportunity to work with renowned instructors, explore various dance styles and techniques, and participate in workshops on choreography, improvisation and movement. Our event provides you with the opportunity to exchange experiences with other artists and develop your creativity.<\/span><\/p>\n<p><span style=\"color: #666666;\">LOCUM CRACOVIA for professionals and enthusiasts is not only an opportunity to improve dance skills, but also to deeper immerse yourself in the world of art, discover new trends and experiment with your own artistic expression.<\/span>[\/vc_column_text][vc_column_text]\n<h3 class=\"tw-data-text tw-text-large tw-ta\" dir=\"ltr\" data-placeholder=\"T\u0142umaczenie\" aria-label=\"Przet\u0142umaczony tekst\" data-ved=\"2ahUKEwjE4pnS4_2GAxUmRfEDHQe5ASwQ3ewLegQIExAU\"><span style=\"color: #c9ac8c;\"><strong>1-class tickets from 179 PLN<\/strong><\/span><\/h3>\n<h3><a class=\"btn btn-sm btn-primary\" href=\"https:\/\/kicket.com\/embedded\/rezerwacja\/334893?salesChannelId=665aa50d-370f-4bae-a97d-0560fe007850&amp;language=en\">REGISTER NOW<\/a><\/h3>\n[\/vc_column_text][\/vc_column][\/vc_row][vc_row content_placement=&#8221;middle&#8221; curly_padding=&#8221;content-padding-xs&#8221; css=&#8221;.vc_custom_1712166992706{padding-bottom: 15rem !important;}&#8221;][vc_column width=&#8221;1\/2&#8243;][vc_column_text el_class=&#8221;content-padding-xs content-padding-side img-frame-large&#8221;]\n<h3 style=\"text-align: center;\">Tickets<\/h3>\n<p>&nbsp;<\/p>\n<p>&nbsp;<\/p>\n<table class=\"table table-striped\" style=\"height: 146px;\" width=\"306\">\n<thead>\n<tr>\n<th>Ticket<\/th>\n<th style=\"text-align: center;\">Price<\/th>\n<th style=\"text-align: center;\">Available from<\/th>\n<\/tr>\n<\/thead>\n<tbody>\n<tr>\n<td><span style=\"color: #666666;\">Early Bird<\/span><\/td>\n<td style=\"text-align: center;\"><span style=\"color: #666666;\">1100 PLN<\/span><\/td>\n<td style=\"text-align: center;\"><span style=\"color: #666666;\">January 1st<\/span><\/td>\n<\/tr>\n<tr>\n<td><span style=\"color: #666666;\">Regular<\/span><\/td>\n<td style=\"text-align: center;\"><span style=\"color: #666666;\">\u00a01150 PLN<\/span><\/td>\n<td style=\"text-align: center;\"><span style=\"color: #666666;\">April 1st<\/span><\/td>\n<\/tr>\n<tr>\n<td><span style=\"color: #666666;\">Last Minute<\/span><\/td>\n<td style=\"text-align: center;\"><span style=\"color: #666666;\">\u00a01250 PLN<\/span><\/td>\n<td style=\"text-align: center;\"><span style=\"color: #666666;\">May 1st<\/span><\/td>\n<\/tr>\n<\/tbody>\n<\/table>\n<p>&nbsp;<\/p>\n<h3 style=\"text-align: center;\"><a class=\"btn btn-sm btn-primary\" href=\"https:\/\/kicket.com\/embedded\/rezerwacja\/334893?salesChannelId=665aa50d-370f-4bae-a97d-0560fe007850&amp;language=en\">REGISTER NOW<\/a><\/h3>\n[\/vc_column_text][\/vc_column][vc_column width=&#8221;5\/12&#8243; offset=&#8221;vc_col-sm-offset-1&#8243;][vc_column_text]\n<h2 class=\"color-white\"><strong>These workshops are challange<\/strong><\/h2>\n<h3><a class=\"btn btn-sm btn-primary\" href=\"https:\/\/kicket.com\/embedded\/rezerwacja\/297249?salesChannelId=665aa50d-370f-4bae-a97d-0560fe007850&amp;language=en\">REGISTER NOW<\/a><\/h3>\n[\/vc_column_text][vc_empty_space height=&#8221;2rem&#8221;][vc_images_carousel images=&#8221;3287&#8243; img_size=&#8221;full&#8221; onclick=&#8221;link_no&#8221; autoplay=&#8221;yes&#8221; hide_pagination_control=&#8221;yes&#8221; hide_prev_next_buttons=&#8221;yes&#8221; wrap=&#8221;yes&#8221; title=&#8221;Przestrze\u0144&#8221; el_class=&#8221;img-border-rowne&#8221;][vc_empty_space height=&#8221;4rem&#8221;][\/vc_column][\/vc_row]\n<\/div>","protected":false},"excerpt":{"rendered":"<p>[vc_row content_placement=&#8221;middle&#8221; curly_padding=&#8221;content-padding-xs&#8221; css=&#8221;.vc_custom_1712167008178{border-bottom-width: 1px !important;border-bottom-color: #f4f4f4 !important;border-bottom-style: solid !important;}&#8221;][vc_column width=&#8221;1\/2&#8243; offset=&#8221;vc_col-sm-offset-1&#8243;][vc_single_image image=&#8221;2940&#8243; img_size=&#8221;large&#8221; style=&#8221;img-frame-large&#8221;][vc_single_image image=&#8221;2939&#8243; img_size=&#8221;large&#8221; style=&#8221;img-frame-large&#8221; curly_layer_parallax=&#8221;true&#8221; curly_layer_1_vertical=&#8221;top: 20%&#8221; curly_layer_1_horizontal=&#8221;left: -15%&#8221; curly_layer_1_ratio=&#8221;1&#8243; curly_max_width=&#8221;18rem&#8221;][\/vc_column][vc_column width=&#8221;1\/3&#8243; offset=&#8221;vc_col-sm-offset-1&#8243;][vc_column_text] PATHS The workshops will be held in the same time for two groups on July 25 and Sunday, July 26. [\/vc_column_text][\/vc_column][\/vc_row][vc_row full_width=&#8221;stretch_row&#8221; content_placement=&#8221;middle&#8221; curly_padding=&#8221;content-padding-none&#8221; css=&#8221;.vc_custom_1712167030029{border-bottom-width: 1px !important;background-color: #f7f6f6 !important;border-bottom-color: #f4f4f4 !important;border-bottom-style: solid !important;}&#8221;][vc_column [&hellip;]<\/p>\n","protected":false},"author":1,"featured_media":2282,"parent":0,"menu_order":0,"comment_status":"closed","ping_status":"closed","template":"","meta":{"footnotes":""},"yoast_head":"<!-- This site is optimized with the Yoast SEO plugin v23.0 - https:\/\/yoast.com\/wordpress\/plugins\/seo\/ -->\n<title>Paths - Locum Cracovia Eng<\/title>\n<meta name=\"description\" content=\"Paths - The workshops will be held simultaneously for two groups in separate rooms with a total area of \u200b\u200b902 m2.\" \/>\n<meta name=\"robots\" content=\"index, follow, max-snippet:-1, max-image-preview:large, max-video-preview:-1\" \/>\n<link rel=\"canonical\" href=\"https:\/\/locumcracovia.pl\/eng\/paths\/\" \/>\n<meta property=\"og:locale\" content=\"pl_PL\" \/>\n<meta property=\"og:type\" content=\"article\" \/>\n<meta property=\"og:title\" content=\"Paths - Locum Cracovia Eng\" \/>\n<meta property=\"og:description\" content=\"Paths - The workshops will be held simultaneously for two groups in separate rooms with a total area of \u200b\u200b902 m2.\" \/>\n<meta property=\"og:url\" content=\"https:\/\/locumcracovia.pl\/eng\/paths\/\" \/>\n<meta property=\"og:site_name\" content=\"Locum Cracovia Eng\" \/>\n<meta property=\"article:publisher\" content=\"https:\/\/www.facebook.com\/LOCUMCRACOVIA\" \/>\n<meta property=\"article:modified_time\" content=\"2026-01-25T15:17:17+00:00\" \/>\n<meta property=\"og:image\" content=\"https:\/\/locumcracovia.pl\/eng\/wp-content\/uploads\/sites\/4\/2024\/03\/LOCUM-CRACOVIA-1080-x-1080-17.png\" \/>\n\t<meta property=\"og:image:width\" content=\"1080\" \/>\n\t<meta property=\"og:image:height\" content=\"1080\" \/>\n\t<meta property=\"og:image:type\" content=\"image\/png\" \/>\n<meta name=\"twitter:card\" content=\"summary_large_image\" \/>\n<meta name=\"twitter:label1\" content=\"Szacowany czas czytania\" \/>\n\t<meta name=\"twitter:data1\" content=\"5 minut\" \/>\n<script type=\"application\/ld+json\" class=\"yoast-schema-graph\">{\"@context\":\"https:\/\/schema.org\",\"@graph\":[{\"@type\":\"WebPage\",\"@id\":\"https:\/\/locumcracovia.pl\/eng\/paths\/\",\"url\":\"https:\/\/locumcracovia.pl\/eng\/paths\/\",\"name\":\"Paths - Locum Cracovia Eng\",\"isPartOf\":{\"@id\":\"https:\/\/locumcracovia.pl\/eng\/#website\"},\"primaryImageOfPage\":{\"@id\":\"https:\/\/locumcracovia.pl\/eng\/paths\/#primaryimage\"},\"image\":{\"@id\":\"https:\/\/locumcracovia.pl\/eng\/paths\/#primaryimage\"},\"thumbnailUrl\":\"https:\/\/locumcracovia.pl\/eng\/wp-content\/uploads\/sites\/4\/2024\/03\/LOCUM-CRACOVIA-1080-x-1080-17.png\",\"datePublished\":\"2016-06-07T00:27:23+00:00\",\"dateModified\":\"2026-01-25T15:17:17+00:00\",\"description\":\"Paths - The workshops will be held simultaneously for two groups in separate rooms with a total area of \u200b\u200b902 m2.\",\"breadcrumb\":{\"@id\":\"https:\/\/locumcracovia.pl\/eng\/paths\/#breadcrumb\"},\"inLanguage\":\"pl-PL\",\"potentialAction\":[{\"@type\":\"ReadAction\",\"target\":[\"https:\/\/locumcracovia.pl\/eng\/paths\/\"]}]},{\"@type\":\"ImageObject\",\"inLanguage\":\"pl-PL\",\"@id\":\"https:\/\/locumcracovia.pl\/eng\/paths\/#primaryimage\",\"url\":\"https:\/\/locumcracovia.pl\/eng\/wp-content\/uploads\/sites\/4\/2024\/03\/LOCUM-CRACOVIA-1080-x-1080-17.png\",\"contentUrl\":\"https:\/\/locumcracovia.pl\/eng\/wp-content\/uploads\/sites\/4\/2024\/03\/LOCUM-CRACOVIA-1080-x-1080-17.png\",\"width\":1080,\"height\":1080,\"caption\":\"Warsztaty ta\u0144ca\"},{\"@type\":\"BreadcrumbList\",\"@id\":\"https:\/\/locumcracovia.pl\/eng\/paths\/#breadcrumb\",\"itemListElement\":[{\"@type\":\"ListItem\",\"position\":1,\"name\":\"Strona g\u0142\u00f3wna\",\"item\":\"https:\/\/locumcracovia.pl\/eng\/\"},{\"@type\":\"ListItem\",\"position\":2,\"name\":\"Paths\"}]},{\"@type\":\"WebSite\",\"@id\":\"https:\/\/locumcracovia.pl\/eng\/#website\",\"url\":\"https:\/\/locumcracovia.pl\/eng\/\",\"name\":\"LOCUM CRACOVIA\",\"description\":\"Warsztaty ta\u0144ca wsp\u00f3\u0142czesnego, nowoczesnego, ruchu i improwizacji\",\"publisher\":{\"@id\":\"https:\/\/locumcracovia.pl\/eng\/#organization\"},\"potentialAction\":[{\"@type\":\"SearchAction\",\"target\":{\"@type\":\"EntryPoint\",\"urlTemplate\":\"https:\/\/locumcracovia.pl\/eng\/?s={search_term_string}\"},\"query-input\":\"required name=search_term_string\"}],\"inLanguage\":\"pl-PL\"},{\"@type\":\"Organization\",\"@id\":\"https:\/\/locumcracovia.pl\/eng\/#organization\",\"name\":\"LOCUM CRACOVIA\",\"url\":\"https:\/\/locumcracovia.pl\/eng\/\",\"logo\":{\"@type\":\"ImageObject\",\"inLanguage\":\"pl-PL\",\"@id\":\"https:\/\/locumcracovia.pl\/eng\/#\/schema\/logo\/image\/\",\"url\":\"https:\/\/locumcracovia.pl\/wp-content\/uploads\/2024\/03\/Logo-1200-x-600-2-e1710600483590.png\",\"contentUrl\":\"https:\/\/locumcracovia.pl\/wp-content\/uploads\/2024\/03\/Logo-1200-x-600-2-e1710600483590.png\",\"width\":300,\"height\":150,\"caption\":\"LOCUM CRACOVIA\"},\"image\":{\"@id\":\"https:\/\/locumcracovia.pl\/eng\/#\/schema\/logo\/image\/\"},\"sameAs\":[\"https:\/\/www.facebook.com\/LOCUMCRACOVIA\",\"https:\/\/www.instagram.com\/locumcracovia\/\"]}]}<\/script>\n<!-- \/ Yoast SEO plugin. -->","yoast_head_json":{"title":"Paths - Locum Cracovia Eng","description":"Paths - The workshops will be held simultaneously for two groups in separate rooms with a total area of \u200b\u200b902 m2.","robots":{"index":"index","follow":"follow","max-snippet":"max-snippet:-1","max-image-preview":"max-image-preview:large","max-video-preview":"max-video-preview:-1"},"canonical":"https:\/\/locumcracovia.pl\/eng\/paths\/","og_locale":"pl_PL","og_type":"article","og_title":"Paths - Locum Cracovia Eng","og_description":"Paths - The workshops will be held simultaneously for two groups in separate rooms with a total area of \u200b\u200b902 m2.","og_url":"https:\/\/locumcracovia.pl\/eng\/paths\/","og_site_name":"Locum Cracovia Eng","article_publisher":"https:\/\/www.facebook.com\/LOCUMCRACOVIA","article_modified_time":"2026-01-25T15:17:17+00:00","og_image":[{"width":1080,"height":1080,"url":"https:\/\/locumcracovia.pl\/eng\/wp-content\/uploads\/sites\/4\/2024\/03\/LOCUM-CRACOVIA-1080-x-1080-17.png","type":"image\/png"}],"twitter_card":"summary_large_image","twitter_misc":{"Szacowany czas czytania":"5 minut"},"schema":{"@context":"https:\/\/schema.org","@graph":[{"@type":"WebPage","@id":"https:\/\/locumcracovia.pl\/eng\/paths\/","url":"https:\/\/locumcracovia.pl\/eng\/paths\/","name":"Paths - Locum Cracovia Eng","isPartOf":{"@id":"https:\/\/locumcracovia.pl\/eng\/#website"},"primaryImageOfPage":{"@id":"https:\/\/locumcracovia.pl\/eng\/paths\/#primaryimage"},"image":{"@id":"https:\/\/locumcracovia.pl\/eng\/paths\/#primaryimage"},"thumbnailUrl":"https:\/\/locumcracovia.pl\/eng\/wp-content\/uploads\/sites\/4\/2024\/03\/LOCUM-CRACOVIA-1080-x-1080-17.png","datePublished":"2016-06-07T00:27:23+00:00","dateModified":"2026-01-25T15:17:17+00:00","description":"Paths - The workshops will be held simultaneously for two groups in separate rooms with a total area of \u200b\u200b902 m2.","breadcrumb":{"@id":"https:\/\/locumcracovia.pl\/eng\/paths\/#breadcrumb"},"inLanguage":"pl-PL","potentialAction":[{"@type":"ReadAction","target":["https:\/\/locumcracovia.pl\/eng\/paths\/"]}]},{"@type":"ImageObject","inLanguage":"pl-PL","@id":"https:\/\/locumcracovia.pl\/eng\/paths\/#primaryimage","url":"https:\/\/locumcracovia.pl\/eng\/wp-content\/uploads\/sites\/4\/2024\/03\/LOCUM-CRACOVIA-1080-x-1080-17.png","contentUrl":"https:\/\/locumcracovia.pl\/eng\/wp-content\/uploads\/sites\/4\/2024\/03\/LOCUM-CRACOVIA-1080-x-1080-17.png","width":1080,"height":1080,"caption":"Warsztaty ta\u0144ca"},{"@type":"BreadcrumbList","@id":"https:\/\/locumcracovia.pl\/eng\/paths\/#breadcrumb","itemListElement":[{"@type":"ListItem","position":1,"name":"Strona g\u0142\u00f3wna","item":"https:\/\/locumcracovia.pl\/eng\/"},{"@type":"ListItem","position":2,"name":"Paths"}]},{"@type":"WebSite","@id":"https:\/\/locumcracovia.pl\/eng\/#website","url":"https:\/\/locumcracovia.pl\/eng\/","name":"LOCUM CRACOVIA","description":"Warsztaty ta\u0144ca wsp\u00f3\u0142czesnego, nowoczesnego, ruchu i improwizacji","publisher":{"@id":"https:\/\/locumcracovia.pl\/eng\/#organization"},"potentialAction":[{"@type":"SearchAction","target":{"@type":"EntryPoint","urlTemplate":"https:\/\/locumcracovia.pl\/eng\/?s={search_term_string}"},"query-input":"required name=search_term_string"}],"inLanguage":"pl-PL"},{"@type":"Organization","@id":"https:\/\/locumcracovia.pl\/eng\/#organization","name":"LOCUM CRACOVIA","url":"https:\/\/locumcracovia.pl\/eng\/","logo":{"@type":"ImageObject","inLanguage":"pl-PL","@id":"https:\/\/locumcracovia.pl\/eng\/#\/schema\/logo\/image\/","url":"https:\/\/locumcracovia.pl\/wp-content\/uploads\/2024\/03\/Logo-1200-x-600-2-e1710600483590.png","contentUrl":"https:\/\/locumcracovia.pl\/wp-content\/uploads\/2024\/03\/Logo-1200-x-600-2-e1710600483590.png","width":300,"height":150,"caption":"LOCUM CRACOVIA"},"image":{"@id":"https:\/\/locumcracovia.pl\/eng\/#\/schema\/logo\/image\/"},"sameAs":["https:\/\/www.facebook.com\/LOCUMCRACOVIA","https:\/\/www.instagram.com\/locumcracovia\/"]}]}},"_links":{"self":[{"href":"https:\/\/locumcracovia.pl\/eng\/wp-json\/wp\/v2\/pages\/1742"}],"collection":[{"href":"https:\/\/locumcracovia.pl\/eng\/wp-json\/wp\/v2\/pages"}],"about":[{"href":"https:\/\/locumcracovia.pl\/eng\/wp-json\/wp\/v2\/types\/page"}],"author":[{"embeddable":true,"href":"https:\/\/locumcracovia.pl\/eng\/wp-json\/wp\/v2\/users\/1"}],"replies":[{"embeddable":true,"href":"https:\/\/locumcracovia.pl\/eng\/wp-json\/wp\/v2\/comments?post=1742"}],"version-history":[{"count":66,"href":"https:\/\/locumcracovia.pl\/eng\/wp-json\/wp\/v2\/pages\/1742\/revisions"}],"predecessor-version":[{"id":3296,"href":"https:\/\/locumcracovia.pl\/eng\/wp-json\/wp\/v2\/pages\/1742\/revisions\/3296"}],"wp:featuredmedia":[{"embeddable":true,"href":"https:\/\/locumcracovia.pl\/eng\/wp-json\/wp\/v2\/media\/2282"}],"wp:attachment":[{"href":"https:\/\/locumcracovia.pl\/eng\/wp-json\/wp\/v2\/media?parent=1742"}],"curies":[{"name":"wp","href":"https:\/\/api.w.org\/{rel}","templated":true}]}}